{"id":3919,"date":"2025-06-16T10:53:46","date_gmt":"2025-06-16T07:53:46","guid":{"rendered":"https:\/\/www.lotky.fi\/kauppa\/?post_type=product&#038;p=3919"},"modified":"2025-06-16T11:09:00","modified_gmt":"2025-06-16T08:09:00","slug":"77-lubricants-engine-oil-vfe-5w-30-vds-5-200l","status":"publish","type":"product","link":"https:\/\/www.lotky.fi\/kauppa\/tuote\/77-lubricants-engine-oil-vfe-5w-30-vds-5-200l\/","title":{"rendered":"77 Lubricants Engine Oil VFE 5W-30, VDS-5, 200L"},"content":{"rendered":"<p><strong>ENGINE OIL VFE 5W-30<\/strong> on polttoainetta s\u00e4\u00e4st\u00e4v\u00e4 MID SAPS -moottori\u00f6ljy, jossa on alennettu HTHS-arvo ja joka on eritt\u00e4in suorituskykyinen. \u00d6ljy perustuu 100 % synteettiseen teknologiaan ja on suunniteltu raskaan hy\u00f6tyajoneuvon raskaasti kuormitetuille dieselmoottoreille, joita k\u00e4ytet\u00e4\u00e4n vaativissa olosuhteissa ymp\u00e4ri vuoden.<\/p>\n<p><strong>ENGINE OIL VFE 5W-30<\/strong> on tarkoitettu k\u00e4ytett\u00e4v\u00e4ksi tietyiss\u00e4 Euro-6-moottoreissa; tarkista soveltuvuus k\u00e4ytt\u00f6oppaasta ja\/tai 77-\u00f6ljyhausta.<\/p>\n<p><strong>ENGINE OIL VFE 5W-30<\/strong> on valmistettu korkealaatuisesta synteettisest\u00e4 perus\u00f6ljyst\u00e4 ja erityisest\u00e4 lis\u00e4ainepaketista seuraavien ominaisuuksien saavuttamiseksi:<\/p>\n<ul>\n<li>Erinomainen terminen ja hapettumisen kesto.<\/li>\n<li>Eritt\u00e4in hyv\u00e4 dispergointi- ja puhdistuskyky.<\/li>\n<li>Korkeat vaahtoamisen, kulumisen ja korroosionesto-ominaisuudet.<\/li>\n<li>Erinomainen suoja sylinterin kiillottumista vastaan.<\/li>\n<li>Pidennetyt \u00f6ljynvaihtov\u00e4lit jopa 150 000 km:iin.<\/li>\n<li>Sopii dieselhiukkassuodattimella (DPF) varustetuille moottoreille.<\/li>\n<li>Polttoainetta s\u00e4\u00e4st\u00e4v\u00e4.<\/li>\n<\/ul>\n<p>&nbsp;<\/p>\n<p><strong>ENGINE OIL VFE 5W-30<\/strong> t\u00e4ytt\u00e4\u00e4 seuraavat luokitukset:<\/p>\n<p><strong>Hyv\u00e4ksytty:<\/strong><\/p>\n<p>Volvo VDS 5, Mack EOS-5, Renault VI RLD-5, DTFR 15C130<\/p>\n<p><strong>T\u00e4ytt\u00e4\u00e4:<\/strong><\/p>\n<p>API FA-4, ACEA F01, API SN, JASO DH-2, Cummins CES 20087, DDC 93K223, Ford WSS-M2C214-B1.<\/p>\n","protected":false},"excerpt":{"rendered":"<p>77 Lubricants Engine Oil VFE 5W30, VDS-5, &nbsp;<\/p>\n","protected":false},"featured_media":3065,"template":"","meta":[],"product_brand":[],"product_cat":[18],"product_tag":[210],"class_list":{"0":"post-3919","1":"product","2":"type-product","3":"status-publish","4":"has-post-thumbnail","6":"product_cat-moottorioljyt-raskas-kalusto","7":"product_tag-vds-5","9":"first","10":"instock","11":"taxable","12":"shipping-taxable","13":"purchasable","14":"product-type-simple"},"_links":{"self":[{"href":"https:\/\/www.lotky.fi\/kauppa\/wp-json\/wp\/v2\/product\/3919","targetHints":{"allow":["GET"]}}],"collection":[{"href":"https:\/\/www.lotky.fi\/kauppa\/wp-json\/wp\/v2\/product"}],"about":[{"href":"https:\/\/www.lotky.fi\/kauppa\/wp-json\/wp\/v2\/types\/product"}],"wp:featuredmedia":[{"embeddable":true,"href":"https:\/\/www.lotky.fi\/kauppa\/wp-json\/wp\/v2\/media\/3065"}],"wp:attachment":[{"href":"https:\/\/www.lotky.fi\/kauppa\/wp-json\/wp\/v2\/media?parent=3919"}],"wp:term":[{"taxonomy":"product_brand","embeddable":true,"href":"https:\/\/www.lotky.fi\/kauppa\/wp-json\/wp\/v2\/product_brand?post=3919"},{"taxonomy":"product_cat","embeddable":true,"href":"https:\/\/www.lotky.fi\/kauppa\/wp-json\/wp\/v2\/product_cat?post=3919"},{"taxonomy":"product_tag","embeddable":true,"href":"https:\/\/www.lotky.fi\/kauppa\/wp-json\/wp\/v2\/product_tag?post=3919"}],"curies":[{"name":"wp","href":"https:\/\/api.w.org\/{rel}","templated":true}]}}