{"id":385,"date":"2016-05-27T12:35:29","date_gmt":"2016-05-27T09:35:29","guid":{"rendered":"http:\/\/www.lotky.fi\/kauppa\/?post_type=product&#038;p=385"},"modified":"2026-03-21T20:09:27","modified_gmt":"2026-03-21T18:09:27","slug":"shell-tellus-s2-v-68-209l","status":"publish","type":"product","link":"https:\/\/www.lotky.fi\/kauppa\/tuote\/shell-tellus-s2-v-68-209l\/","title":{"rendered":"Shell Tellus S2 VX 68, 209L"},"content":{"rendered":"<div>Shell Tellus S2 VX 68 -\u00f6ljy on hyvin suorituskykyinen Group II -perus\u00f6ljyihin perustuva hydrauli\u00f6ljy, joka tarjoaa erinomaista suojaa ja suorituskyky\u00e4 laajalla k\u00e4ytt\u00f6l\u00e4mp\u00f6tila-alueella. Ne kest\u00e4v\u00e4t niin l\u00e4mp\u00f6\u00e4 kuin mekaanisia rasituksia ja sopivat useimpiin liikkuvan kaluston ja muihin hydraulij\u00e4rjestelmiin vaihteleviin ymp\u00e4rist\u00f6n l\u00e4mp\u00f6tiloihin.<\/div>\n<p>Shell Tellus S2 VX 68 -\u00f6ljy auttaa pident\u00e4m\u00e4\u00e4n j\u00e4rjestelm\u00e4n huoltov\u00e4lej\u00e4 vastustamalla l\u00e4mm\u00f6st\u00e4 johtuvaa ja kemiallista hajoamista. \u00d6ljy on hyvin stabiili veden l\u00e4sn\u00e4ollessa, mik\u00e4\u00a0 varmistaa pitk\u00e4n i\u00e4n kosteissa ymp\u00e4rist\u00f6iss\u00e4. Shell Tellus S2 VX 32 -\u00f6ljyn korkea viskositeetti-indeksi auttaa varmistamaan suorituskyvyn kylm\u00e4k\u00e4ynnistyksist\u00e4 raskaiden kuormitusten olosuhteisiin. \u00d6ljy on yhteensopiva useimpien mineraali\u00f6ljyperustaisten hydrauli\u00f6ljyjen kanssa, mutta sit\u00e4 ei saa sekoittaa esim. biohajoavien hydrauliikka\u00f6ljyjen kanssa. Entinen nimi Shell Tellus S2 V 68.<\/p>\n<div>Spesifikaatiot, hyv\u00e4ksynn\u00e4t &amp; suositukset:<\/div>\n<div><\/div>\n<div>ISO VG 68<\/div>\n<div>Parker Denison (HF-0, HF-1, HF-2)<\/div>\n<div>Fives Cincinnati P-69<\/div>\n<div>Eaton E-FDGN-TB002-E<\/div>\n<div>Swedish Standard SS 15 54 34 AM<\/div>\n<div>ISO 11158 (HV-\u00f6ljyt)<\/div>\n<div>ASTM 6158-05 (HV-\u00f6ljyt)<\/div>\n<div>DIN 51524 Osa 3 HVLP-tyyppi<\/div>\n","protected":false},"excerpt":{"rendered":"<p>Shell Tellus S2 VX 68 -\u00f6ljy on hyvin suorituskykyinen Group II -perus\u00f6ljyihin perustuva hydrauli\u00f6ljy, joka tarjoaa erinomaista suojaa ja suorituskyky\u00e4 laajalla k\u00e4ytt\u00f6l\u00e4mp\u00f6tila-alueella. Ne kest\u00e4v\u00e4t niin l\u00e4mp\u00f6\u00e4 kuin mekaanisia rasituksia ja sopivat useimpiin liikkuvan kaluston ja muihin hydraulij\u00e4rjestelmiin vaihteleviin ymp\u00e4rist\u00f6n l\u00e4mp\u00f6tiloihin. Entinen nimi Shell Tellus S2 V 68.<\/p>\n","protected":false},"featured_media":347,"template":"","meta":[],"product_brand":[],"product_cat":[6],"product_tag":[],"class_list":{"0":"post-385","1":"product","2":"type-product","3":"status-publish","4":"has-post-thumbnail","6":"product_cat-hydrauliikkaoljyt","8":"first","9":"instock","10":"taxable","11":"shipping-taxable","12":"purchasable","13":"product-type-simple"},"_links":{"self":[{"href":"https:\/\/www.lotky.fi\/kauppa\/wp-json\/wp\/v2\/product\/385","targetHints":{"allow":["GET"]}}],"collection":[{"href":"https:\/\/www.lotky.fi\/kauppa\/wp-json\/wp\/v2\/product"}],"about":[{"href":"https:\/\/www.lotky.fi\/kauppa\/wp-json\/wp\/v2\/types\/product"}],"wp:featuredmedia":[{"embeddable":true,"href":"https:\/\/www.lotky.fi\/kauppa\/wp-json\/wp\/v2\/media\/347"}],"wp:attachment":[{"href":"https:\/\/www.lotky.fi\/kauppa\/wp-json\/wp\/v2\/media?parent=385"}],"wp:term":[{"taxonomy":"product_brand","embeddable":true,"href":"https:\/\/www.lotky.fi\/kauppa\/wp-json\/wp\/v2\/product_brand?post=385"},{"taxonomy":"product_cat","embeddable":true,"href":"https:\/\/www.lotky.fi\/kauppa\/wp-json\/wp\/v2\/product_cat?post=385"},{"taxonomy":"product_tag","embeddable":true,"href":"https:\/\/www.lotky.fi\/kauppa\/wp-json\/wp\/v2\/product_tag?post=385"}],"curies":[{"name":"wp","href":"https:\/\/api.w.org\/{rel}","templated":true}]}}