{"id":3785,"date":"2025-03-25T14:19:59","date_gmt":"2025-03-25T12:19:59","guid":{"rendered":"https:\/\/www.lotky.fi\/kauppa\/?post_type=product&#038;p=3785"},"modified":"2025-03-25T14:21:50","modified_gmt":"2025-03-25T12:21:50","slug":"castrol-transmax-universal-75w-90-208-l","status":"publish","type":"product","link":"https:\/\/www.lotky.fi\/kauppa\/tuote\/castrol-transmax-universal-75w-90-208-l\/","title":{"rendered":"Castrol Transmax  Universal 75W-90, 208 L"},"content":{"rendered":"<div>\n<div class=\"nr-layout-component nr-component aem-GridColumn aem-GridColumn--default--12\" data-component-name=\"layout\" data-component-container=\"true\">\n<div class=\"nr-layout aem-Grid aem-Grid--12 aem-Grid--default--12 \">\n<div class=\"nr-layout__wrapper nr-layout__wrapper--stacked nr-layout__wrapper--full nr-layout__wrapper--top\">\n<div class=\"nr-text-component nr-component aem-GridColumn aem-GridColumn--default--12\" data-component-name=\"RTE\" data-component-container=\"true\">\n<p>Castrol Transmax Universal 75W-90 on monik\u00e4ytt\u00f6inen t\u00e4yssynteettinen \u00f6ljy manuaalivaihteistoihin ja vetopy\u00f6r\u00e4st\u00f6ihin. Tuote soveltuu k\u00e4ytett\u00e4v\u00e4ksi synkronoiduissa manuaalivaihteistoissa ja vetopy\u00f6r\u00e4st\u00f6iss\u00e4 eri tyyppisiss\u00e4 ajoneuvoissa, joihin suositellaan API GL-4 tai API GL-5 vaatimusten mukaista voiteluainetta.<\/p>\n<div><strong>\u00a0<\/strong>Luokitukset ja soveltuvuudet:<\/div>\n<\/div>\n<\/div>\n<\/div>\n<\/div>\n<div class=\"nr-text-component nr-component aem-GridColumn aem-GridColumn--default--12\" data-component-name=\"RTE\" data-component-container=\"true\">\n<p>API GL-4, GL-5<\/p>\n<\/div>\n<\/div>\n","protected":false},"excerpt":{"rendered":"<p>Castrol Transmax Universal 75W-90 on monik\u00e4ytt\u00f6inen t\u00e4yssynteettinen \u00f6ljy manuaalivaihteistoihin ja vetopy\u00f6r\u00e4st\u00f6ihin. Tuote soveltuu k\u00e4ytett\u00e4v\u00e4ksi synkronoiduissa manuaalivaihteistoissa ja vetopy\u00f6r\u00e4st\u00f6iss\u00e4 eri tyyppisiss\u00e4 ajoneuvoissa, joihin suositellaan API GL-4 tai API GL-5 vaatimusten mukaista voiteluainetta.<\/p>\n","protected":false},"featured_media":699,"template":"","meta":[],"product_brand":[],"product_cat":[24],"product_tag":[157],"class_list":{"0":"post-3785","1":"product","2":"type-product","3":"status-publish","4":"has-post-thumbnail","6":"product_cat-vaihteistooljyt","7":"product_tag-gl-5","9":"first","10":"instock","11":"taxable","12":"shipping-taxable","13":"purchasable","14":"product-type-simple"},"_links":{"self":[{"href":"https:\/\/www.lotky.fi\/kauppa\/wp-json\/wp\/v2\/product\/3785","targetHints":{"allow":["GET"]}}],"collection":[{"href":"https:\/\/www.lotky.fi\/kauppa\/wp-json\/wp\/v2\/product"}],"about":[{"href":"https:\/\/www.lotky.fi\/kauppa\/wp-json\/wp\/v2\/types\/product"}],"wp:featuredmedia":[{"embeddable":true,"href":"https:\/\/www.lotky.fi\/kauppa\/wp-json\/wp\/v2\/media\/699"}],"wp:attachment":[{"href":"https:\/\/www.lotky.fi\/kauppa\/wp-json\/wp\/v2\/media?parent=3785"}],"wp:term":[{"taxonomy":"product_brand","embeddable":true,"href":"https:\/\/www.lotky.fi\/kauppa\/wp-json\/wp\/v2\/product_brand?post=3785"},{"taxonomy":"product_cat","embeddable":true,"href":"https:\/\/www.lotky.fi\/kauppa\/wp-json\/wp\/v2\/product_cat?post=3785"},{"taxonomy":"product_tag","embeddable":true,"href":"https:\/\/www.lotky.fi\/kauppa\/wp-json\/wp\/v2\/product_tag?post=3785"}],"curies":[{"name":"wp","href":"https:\/\/api.w.org\/{rel}","templated":true}]}}