{"id":3784,"date":"2025-03-25T14:16:18","date_gmt":"2025-03-25T12:16:18","guid":{"rendered":"https:\/\/www.lotky.fi\/kauppa\/?post_type=product&#038;p=3784"},"modified":"2025-03-25T14:18:45","modified_gmt":"2025-03-25T12:18:45","slug":"castrol-manual-z-long-life-75w-80-208-l","status":"publish","type":"product","link":"https:\/\/www.lotky.fi\/kauppa\/tuote\/castrol-manual-z-long-life-75w-80-208-l\/","title":{"rendered":"Castrol Manual Z Long Life 75W-80, 208 L"},"content":{"rendered":"<div>\n<div class=\"nr-layout-component nr-component aem-GridColumn aem-GridColumn--default--12\" data-component-name=\"layout\" data-component-container=\"true\">\n<div class=\"nr-layout aem-Grid aem-Grid--12 aem-Grid--default--12 \">\n<div class=\"nr-layout__wrapper nr-layout__wrapper--stacked nr-layout__wrapper--full nr-layout__wrapper--top\">\n<div class=\"nr-text-component nr-component aem-GridColumn aem-GridColumn--default--12\" data-component-name=\"RTE\" data-component-container=\"true\">\n<p>Castrol Manual Z Long Life 75W-80 on t\u00e4yssynteettinen vaihteisto\u00f6ljy, joka on erityisesti suunniteltu t\u00e4ytt\u00e4m\u00e4\u00e4n ZF pitkien vaihtov\u00e4lien vaatimukset (500.000 km) ja se on hyv\u00e4ksytty k\u00e4ytett\u00e4v\u00e4ksi kaikissa ZF raskaan kaluston manuaalivaihteissa sek\u00e4 automatisoiduissa manuaalivaihteistoissa.<\/p>\n<div><strong>\u00a0<\/strong>Luokitukset ja soveltuvuudet:<\/div>\n<\/div>\n<\/div>\n<p>API GL-4<br \/>\nMAN 341 Z5<br \/>\nMB-Approval 235.41<br \/>\nZF TE-ML 01E, 02E, 16P<\/p>\n<\/div>\n<\/div>\n<\/div>\n","protected":false},"excerpt":{"rendered":"<p>Castrol Manual Z Long Life 75W-80 on t\u00e4yssynteettinen vaihteisto\u00f6ljy, joka on erityisesti suunniteltu t\u00e4ytt\u00e4m\u00e4\u00e4n ZF pitkien vaihtov\u00e4lien vaatimukset (500.000 km) ja se on hyv\u00e4ksytty k\u00e4ytett\u00e4v\u00e4ksi kaikissa ZF raskaan kaluston manuaalivaihteissa sek\u00e4 automatisoiduissa manuaalivaihteistoissa.<\/p>\n","protected":false},"featured_media":699,"template":"","meta":[],"product_brand":[],"product_cat":[24],"product_tag":[],"class_list":{"0":"post-3784","1":"product","2":"type-product","3":"status-publish","4":"has-post-thumbnail","6":"product_cat-vaihteistooljyt","8":"first","9":"instock","10":"taxable","11":"shipping-taxable","12":"purchasable","13":"product-type-simple"},"_links":{"self":[{"href":"https:\/\/www.lotky.fi\/kauppa\/wp-json\/wp\/v2\/product\/3784","targetHints":{"allow":["GET"]}}],"collection":[{"href":"https:\/\/www.lotky.fi\/kauppa\/wp-json\/wp\/v2\/product"}],"about":[{"href":"https:\/\/www.lotky.fi\/kauppa\/wp-json\/wp\/v2\/types\/product"}],"wp:featuredmedia":[{"embeddable":true,"href":"https:\/\/www.lotky.fi\/kauppa\/wp-json\/wp\/v2\/media\/699"}],"wp:attachment":[{"href":"https:\/\/www.lotky.fi\/kauppa\/wp-json\/wp\/v2\/media?parent=3784"}],"wp:term":[{"taxonomy":"product_brand","embeddable":true,"href":"https:\/\/www.lotky.fi\/kauppa\/wp-json\/wp\/v2\/product_brand?post=3784"},{"taxonomy":"product_cat","embeddable":true,"href":"https:\/\/www.lotky.fi\/kauppa\/wp-json\/wp\/v2\/product_cat?post=3784"},{"taxonomy":"product_tag","embeddable":true,"href":"https:\/\/www.lotky.fi\/kauppa\/wp-json\/wp\/v2\/product_tag?post=3784"}],"curies":[{"name":"wp","href":"https:\/\/api.w.org\/{rel}","templated":true}]}}