{"id":3782,"date":"2025-03-25T14:10:33","date_gmt":"2025-03-25T12:10:33","guid":{"rendered":"https:\/\/www.lotky.fi\/kauppa\/?post_type=product&#038;p=3782"},"modified":"2025-03-25T14:15:34","modified_gmt":"2025-03-25T12:15:34","slug":"castrol-transmax-manual-multivehicle-75w-90-208-l","status":"publish","type":"product","link":"https:\/\/www.lotky.fi\/kauppa\/tuote\/castrol-transmax-manual-multivehicle-75w-90-208-l\/","title":{"rendered":"Castrol Transmax Manual Multivehicle 75W-90, 208 L"},"content":{"rendered":"<div>\n<div class=\"nr-layout-component nr-component aem-GridColumn aem-GridColumn--default--12\" data-component-name=\"layout\" data-component-container=\"true\">\n<div class=\"nr-layout aem-Grid aem-Grid--12 aem-Grid--default--12 \">\n<div class=\"nr-layout__wrapper nr-layout__wrapper--stacked nr-layout__wrapper--full nr-layout__wrapper--top\">\n<div class=\"nr-text-component nr-component aem-GridColumn aem-GridColumn--default--12\" data-component-name=\"RTE\" data-component-container=\"true\">\n<p>Castrol Transmax Manual Multivehicle 75W-90 on t\u00e4yssynteettinen vaihteisto\u00f6ljy, jota suositellaan useimpiin manuaalivaihteistoihin, joihin vaaditaan API GL-4 suorituskyky\u00e4. Sit\u00e4 on k\u00e4ytetty ongelmanratkaisijana vaihtamisongelmiin alhaisissa l\u00e4mp\u00f6tiloissa erimerkkisten valmistajien vaihteistoissa.<\/p>\n<div><strong>\u00a0<\/strong>Luokitukset ja soveltuvuudet:<\/div>\n<\/div>\n<\/div>\n<\/div>\n<\/div>\n<div class=\"nr-text-component nr-component aem-GridColumn aem-GridColumn--default--12\" data-component-name=\"RTE\" data-component-container=\"true\">\n<p>API GL-4<br \/>\nFord WSD-M2C200-C<br \/>\nMB-Approval 235.72<\/p>\n<\/div>\n<\/div>\n","protected":false},"excerpt":{"rendered":"<p>Castrol Transmax Manual Multivehicle 75W-90 on t\u00e4yssynteettinen vaihteisto\u00f6ljy, jota suositellaan useimpiin manuaalivaihteistoihin, joihin vaaditaan API GL-4 suorituskyky\u00e4. Sit\u00e4 on k\u00e4ytetty ongelmanratkaisijana vaihtamisongelmiin alhaisissa l\u00e4mp\u00f6tiloissa erimerkkisten valmistajien vaihteistoissa.<\/p>\n","protected":false},"featured_media":699,"template":"","meta":[],"product_brand":[],"product_cat":[24],"product_tag":[],"class_list":{"0":"post-3782","1":"product","2":"type-product","3":"status-publish","4":"has-post-thumbnail","6":"product_cat-vaihteistooljyt","8":"first","9":"instock","10":"taxable","11":"shipping-taxable","12":"purchasable","13":"product-type-simple"},"_links":{"self":[{"href":"https:\/\/www.lotky.fi\/kauppa\/wp-json\/wp\/v2\/product\/3782","targetHints":{"allow":["GET"]}}],"collection":[{"href":"https:\/\/www.lotky.fi\/kauppa\/wp-json\/wp\/v2\/product"}],"about":[{"href":"https:\/\/www.lotky.fi\/kauppa\/wp-json\/wp\/v2\/types\/product"}],"wp:featuredmedia":[{"embeddable":true,"href":"https:\/\/www.lotky.fi\/kauppa\/wp-json\/wp\/v2\/media\/699"}],"wp:attachment":[{"href":"https:\/\/www.lotky.fi\/kauppa\/wp-json\/wp\/v2\/media?parent=3782"}],"wp:term":[{"taxonomy":"product_brand","embeddable":true,"href":"https:\/\/www.lotky.fi\/kauppa\/wp-json\/wp\/v2\/product_brand?post=3782"},{"taxonomy":"product_cat","embeddable":true,"href":"https:\/\/www.lotky.fi\/kauppa\/wp-json\/wp\/v2\/product_cat?post=3782"},{"taxonomy":"product_tag","embeddable":true,"href":"https:\/\/www.lotky.fi\/kauppa\/wp-json\/wp\/v2\/product_tag?post=3782"}],"curies":[{"name":"wp","href":"https:\/\/api.w.org\/{rel}","templated":true}]}}