{"id":3781,"date":"2025-03-25T14:01:16","date_gmt":"2025-03-25T12:01:16","guid":{"rendered":"https:\/\/www.lotky.fi\/kauppa\/?post_type=product&#038;p=3781"},"modified":"2025-03-25T14:02:54","modified_gmt":"2025-03-25T12:02:54","slug":"castrol-transmax-limited-slip-z-85w-90-208-l","status":"publish","type":"product","link":"https:\/\/www.lotky.fi\/kauppa\/tuote\/castrol-transmax-limited-slip-z-85w-90-208-l\/","title":{"rendered":"Castrol Transmax Limited Slip Z 85W-90, 208 L"},"content":{"rendered":"<div>\n<div class=\"nr-layout-component nr-component aem-GridColumn aem-GridColumn--default--12\" data-component-name=\"layout\" data-component-container=\"true\">\n<div class=\"nr-layout aem-Grid aem-Grid--12 aem-Grid--default--12 \">\n<div class=\"nr-layout__wrapper nr-layout__wrapper--stacked nr-layout__wrapper--full nr-layout__wrapper--top\">\n<div class=\"nr-text-component nr-component aem-GridColumn aem-GridColumn--default--12\" data-component-name=\"RTE\" data-component-container=\"true\">\n<p>Castrol Transmax Limited Slip Z 85W-90 on mineraalipohjainen voimansiirto\u00f6ljy, joka soveltuu k\u00e4ytett\u00e4v\u00e4ksi luistonrajoittimella varustetuissa vetopy\u00f6r\u00e4st\u00f6iss\u00e4 henkil\u00f6autoissa ja hy\u00f6tyajoneuvoissa, joissa vaaditaan API GL-5 -luokan vaoiteluainetta. Tuote soveltuu k\u00e4ytett\u00e4v\u00e4ksi my\u00f6s tavanomaisissa vetopy\u00f6r\u00e4st\u00f6iss\u00e4 ja monilevyisiss\u00e4 m\u00e4rk\u00e4kytkimiss\u00e4.<\/p>\n<div><strong>\u00a0<\/strong>Luokitukset ja soveltuvuudet:<\/div>\n<\/div>\n<\/div>\n<\/div>\n<\/div>\n<div class=\"nr-text-component nr-component aem-GridColumn aem-GridColumn--default--12\" data-component-name=\"RTE\" data-component-container=\"true\">\n<p>API GL-5<br \/>\nZF TE-ML 05C, 16E, 21C<\/p>\n<\/div>\n<\/div>\n","protected":false},"excerpt":{"rendered":"<p>Castrol Transmax Limited Slip Z 85W-90 on mineraalipohjainen voimansiirto\u00f6ljy, joka soveltuu k\u00e4ytett\u00e4v\u00e4ksi luistonrajoittimella varustetuissa vetopy\u00f6r\u00e4st\u00f6iss\u00e4 henkil\u00f6autoissa ja hy\u00f6tyajoneuvoissa, joissa vaaditaan API GL-5 -luokan vaoiteluainetta. Tuote soveltuu k\u00e4ytett\u00e4v\u00e4ksi my\u00f6s tavanomaisissa vetopy\u00f6r\u00e4st\u00f6iss\u00e4 ja monilevyisiss\u00e4 m\u00e4rk\u00e4kytkimiss\u00e4.<\/p>\n","protected":false},"featured_media":699,"template":"","meta":[],"product_brand":[],"product_cat":[24],"product_tag":[157],"class_list":{"0":"post-3781","1":"product","2":"type-product","3":"status-publish","4":"has-post-thumbnail","6":"product_cat-vaihteistooljyt","7":"product_tag-gl-5","9":"first","10":"instock","11":"taxable","12":"shipping-taxable","13":"purchasable","14":"product-type-simple"},"_links":{"self":[{"href":"https:\/\/www.lotky.fi\/kauppa\/wp-json\/wp\/v2\/product\/3781","targetHints":{"allow":["GET"]}}],"collection":[{"href":"https:\/\/www.lotky.fi\/kauppa\/wp-json\/wp\/v2\/product"}],"about":[{"href":"https:\/\/www.lotky.fi\/kauppa\/wp-json\/wp\/v2\/types\/product"}],"wp:featuredmedia":[{"embeddable":true,"href":"https:\/\/www.lotky.fi\/kauppa\/wp-json\/wp\/v2\/media\/699"}],"wp:attachment":[{"href":"https:\/\/www.lotky.fi\/kauppa\/wp-json\/wp\/v2\/media?parent=3781"}],"wp:term":[{"taxonomy":"product_brand","embeddable":true,"href":"https:\/\/www.lotky.fi\/kauppa\/wp-json\/wp\/v2\/product_brand?post=3781"},{"taxonomy":"product_cat","embeddable":true,"href":"https:\/\/www.lotky.fi\/kauppa\/wp-json\/wp\/v2\/product_cat?post=3781"},{"taxonomy":"product_tag","embeddable":true,"href":"https:\/\/www.lotky.fi\/kauppa\/wp-json\/wp\/v2\/product_tag?post=3781"}],"curies":[{"name":"wp","href":"https:\/\/api.w.org\/{rel}","templated":true}]}}