{"id":3780,"date":"2025-03-25T13:58:27","date_gmt":"2025-03-25T11:58:27","guid":{"rendered":"https:\/\/www.lotky.fi\/kauppa\/?post_type=product&#038;p=3780"},"modified":"2025-03-25T13:59:55","modified_gmt":"2025-03-25T11:59:55","slug":"castrol-transmax-limited-slip-ll-75w-140-208-l","status":"publish","type":"product","link":"https:\/\/www.lotky.fi\/kauppa\/tuote\/castrol-transmax-limited-slip-ll-75w-140-208-l\/","title":{"rendered":"Castrol Transmax Limited Slip LL 75W-140, 208 L"},"content":{"rendered":"<div>\n<div class=\"nr-layout-component nr-component aem-GridColumn aem-GridColumn--default--12\" data-component-name=\"layout\" data-component-container=\"true\">\n<div class=\"nr-layout aem-Grid aem-Grid--12 aem-Grid--default--12 \">\n<div class=\"nr-layout__wrapper nr-layout__wrapper--stacked nr-layout__wrapper--full nr-layout__wrapper--top\">\n<div class=\"nr-text-component nr-component aem-GridColumn aem-GridColumn--default--12\" data-component-name=\"RTE\" data-component-container=\"true\">\n<p>Castrol Transmax Limited Slip LL 75W-140 on t\u00e4yssynteettinen hypoidivaihteisto\u00f6ljy, joka soveltuu k\u00e4ytett\u00e4v\u00e4ksi sek\u00e4 tavanomaisissa ett\u00e4 luistonestolla varustetuissa vetopy\u00f6r\u00e4st\u00f6iss\u00e4.<\/p>\n<div><strong>\u00a0<\/strong>Luokitukset ja soveltuvuudet:<\/div>\n<\/div>\n<\/div>\n<\/div>\n<\/div>\n<div class=\"nr-text-component nr-component aem-GridColumn aem-GridColumn--default--12\" data-component-name=\"RTE\" data-component-container=\"true\">\n<p>API GL-5<br \/>\nMB-Approval 235.61<br \/>\nZF TE-ML 05C, 16G, 18, 21C<br \/>\nBMW LS Rear Axles<br \/>\nNissan GTR limited slip axles<\/p>\n<\/div>\n<\/div>\n","protected":false},"excerpt":{"rendered":"<p>Castrol Transmax Limited Slip LL 75W-140 on t\u00e4yssynteettinen hypoidivaihteisto\u00f6ljy, joka soveltuu k\u00e4ytett\u00e4v\u00e4ksi sek\u00e4 tavanomaisissa ett\u00e4 luistonestolla varustetuissa vetopy\u00f6r\u00e4st\u00f6iss\u00e4.<\/p>\n","protected":false},"featured_media":699,"template":"","meta":[],"product_brand":[],"product_cat":[24],"product_tag":[157],"class_list":{"0":"post-3780","1":"product","2":"type-product","3":"status-publish","4":"has-post-thumbnail","6":"product_cat-vaihteistooljyt","7":"product_tag-gl-5","9":"first","10":"instock","11":"taxable","12":"shipping-taxable","13":"purchasable","14":"product-type-simple"},"_links":{"self":[{"href":"https:\/\/www.lotky.fi\/kauppa\/wp-json\/wp\/v2\/product\/3780","targetHints":{"allow":["GET"]}}],"collection":[{"href":"https:\/\/www.lotky.fi\/kauppa\/wp-json\/wp\/v2\/product"}],"about":[{"href":"https:\/\/www.lotky.fi\/kauppa\/wp-json\/wp\/v2\/types\/product"}],"wp:featuredmedia":[{"embeddable":true,"href":"https:\/\/www.lotky.fi\/kauppa\/wp-json\/wp\/v2\/media\/699"}],"wp:attachment":[{"href":"https:\/\/www.lotky.fi\/kauppa\/wp-json\/wp\/v2\/media?parent=3780"}],"wp:term":[{"taxonomy":"product_brand","embeddable":true,"href":"https:\/\/www.lotky.fi\/kauppa\/wp-json\/wp\/v2\/product_brand?post=3780"},{"taxonomy":"product_cat","embeddable":true,"href":"https:\/\/www.lotky.fi\/kauppa\/wp-json\/wp\/v2\/product_cat?post=3780"},{"taxonomy":"product_tag","embeddable":true,"href":"https:\/\/www.lotky.fi\/kauppa\/wp-json\/wp\/v2\/product_tag?post=3780"}],"curies":[{"name":"wp","href":"https:\/\/api.w.org\/{rel}","templated":true}]}}