{"id":3776,"date":"2025-03-25T13:45:22","date_gmt":"2025-03-25T11:45:22","guid":{"rendered":"https:\/\/www.lotky.fi\/kauppa\/?post_type=product&#038;p=3776"},"modified":"2025-03-25T13:46:47","modified_gmt":"2025-03-25T11:46:47","slug":"castrol-transmax-axle-epx-85w-140-208-l","status":"publish","type":"product","link":"https:\/\/www.lotky.fi\/kauppa\/tuote\/castrol-transmax-axle-epx-85w-140-208-l\/","title":{"rendered":"Castrol Transmax  Axle EPX 85W-140, 208 L"},"content":{"rendered":"<div>\n<div class=\"nr-layout-component nr-component aem-GridColumn aem-GridColumn--default--12\" data-component-name=\"layout\" data-component-container=\"true\">\n<div class=\"nr-layout aem-Grid aem-Grid--12 aem-Grid--default--12 \">\n<div class=\"nr-layout__wrapper nr-layout__wrapper--stacked nr-layout__wrapper--full nr-layout__wrapper--top\">\n<div class=\"nr-text-component nr-component aem-GridColumn aem-GridColumn--default--12\" data-component-name=\"RTE\" data-component-container=\"true\">\n<p>Castrol Axle EPX 85W-140 on monik\u00e4ytt\u00f6inen vetopy\u00f6r\u00e4st\u00f6-\u00f6ljy akselistoihin ja muihin k\u00e4ytt\u00f6kohteisiin, joihin vaaditaan API GL-5 suorituskyky\u00e4. Se on ZF hyv\u00e4ksytty k\u00e4ytett\u00e4v\u00e4ksi hy\u00f6tyajoneuvoissa mukaan lukien off-road- ja maatalouskoneet.<\/p>\n<div><strong>\u00a0<\/strong>Luokitukset ja soveltuvuudet:<\/div>\n<\/div>\n<\/div>\n<\/div>\n<\/div>\n<div class=\"nr-text-component nr-component aem-GridColumn aem-GridColumn--default--12\" data-component-name=\"RTE\" data-component-container=\"true\">\n<p>API GL-5<br \/>\nZF TE-ML 05A, 12E, 16D, 21A<\/p>\n<\/div>\n<\/div>\n","protected":false},"excerpt":{"rendered":"<p>Castrol Axle EPX 85W-140 on monik\u00e4ytt\u00f6inen vetopy\u00f6r\u00e4st\u00f6-\u00f6ljy akselistoihin ja muihin k\u00e4ytt\u00f6kohteisiin, joihin vaaditaan API GL-5 suorituskyky\u00e4. Se on ZF hyv\u00e4ksytty k\u00e4ytett\u00e4v\u00e4ksi hy\u00f6tyajoneuvoissa mukaan lukien off-road- ja maatalouskoneet.<\/p>\n","protected":false},"featured_media":699,"template":"","meta":[],"product_brand":[],"product_cat":[24],"product_tag":[157],"class_list":{"0":"post-3776","1":"product","2":"type-product","3":"status-publish","4":"has-post-thumbnail","6":"product_cat-vaihteistooljyt","7":"product_tag-gl-5","9":"first","10":"instock","11":"taxable","12":"shipping-taxable","13":"purchasable","14":"product-type-simple"},"_links":{"self":[{"href":"https:\/\/www.lotky.fi\/kauppa\/wp-json\/wp\/v2\/product\/3776","targetHints":{"allow":["GET"]}}],"collection":[{"href":"https:\/\/www.lotky.fi\/kauppa\/wp-json\/wp\/v2\/product"}],"about":[{"href":"https:\/\/www.lotky.fi\/kauppa\/wp-json\/wp\/v2\/types\/product"}],"wp:featuredmedia":[{"embeddable":true,"href":"https:\/\/www.lotky.fi\/kauppa\/wp-json\/wp\/v2\/media\/699"}],"wp:attachment":[{"href":"https:\/\/www.lotky.fi\/kauppa\/wp-json\/wp\/v2\/media?parent=3776"}],"wp:term":[{"taxonomy":"product_brand","embeddable":true,"href":"https:\/\/www.lotky.fi\/kauppa\/wp-json\/wp\/v2\/product_brand?post=3776"},{"taxonomy":"product_cat","embeddable":true,"href":"https:\/\/www.lotky.fi\/kauppa\/wp-json\/wp\/v2\/product_cat?post=3776"},{"taxonomy":"product_tag","embeddable":true,"href":"https:\/\/www.lotky.fi\/kauppa\/wp-json\/wp\/v2\/product_tag?post=3776"}],"curies":[{"name":"wp","href":"https:\/\/api.w.org\/{rel}","templated":true}]}}