{"id":3772,"date":"2025-03-25T13:35:55","date_gmt":"2025-03-25T11:35:55","guid":{"rendered":"https:\/\/www.lotky.fi\/kauppa\/?post_type=product&#038;p=3772"},"modified":"2025-08-26T14:14:16","modified_gmt":"2025-08-26T11:14:16","slug":"castrol-transmax-atf-z-208-l","status":"publish","type":"product","link":"https:\/\/www.lotky.fi\/kauppa\/tuote\/castrol-transmax-atf-z-208-l\/","title":{"rendered":"Castrol Transmax ATF Z, 208 L"},"content":{"rendered":"<div>\n<div class=\"nr-layout-component nr-component aem-GridColumn aem-GridColumn--default--12\" data-component-name=\"layout\" data-component-container=\"true\">\n<div class=\"nr-layout aem-Grid aem-Grid--12 aem-Grid--default--12 \">\n<div class=\"nr-layout__wrapper nr-layout__wrapper--stacked nr-layout__wrapper--full nr-layout__wrapper--top\">\n<div class=\"nr-text-component nr-component aem-GridColumn aem-GridColumn--default--12\" data-component-name=\"RTE\" data-component-container=\"true\">\n<p>Castrol Transmax ATF Z on monik\u00e4ytt\u00f6inen, t\u00e4yssynteettinen automaattivaihteisto\u00f6ljy.<\/p>\n<div><strong>\u00a0<\/strong>Luokitukset ja soveltuvuudet:<\/div>\n<\/div>\n<\/div>\n<\/div>\n<\/div>\n<div class=\"nr-text-component nr-component aem-GridColumn aem-GridColumn--default--12\" data-component-name=\"RTE\" data-component-container=\"true\">\n<p>JASO 1A(03), MB-Approval 236.81, MAN 339 V2, MAN 339 Z3, MAN 339 Z12, Voith H55.6336.xx, VW\/Audi 501 60, ZF TE-ML 04D, ZF TE-ML 11B, ZF TE-ML 14C, ZF TE-ML 16M, ZF TE-ML 16S, ZF TE-ML 20C, ZF TE-ML 25C, Toyota T, Toyota T II, Toyota T III, Toyota T IV, Toyota WS, Nissan Matic D, Nissan Matic J, Nissan Matic S, Mitsubishi SP II, Mitsubishi SP IIM, Mitsubishi SP III, Mitsubishi SP IV, Mitsubishi PA, Mitsubishi J3, Mazda ATF M-III, Mazda ATF M-V, Mazda JWS 3317, Mazda ATF FZ, Subaru F6, Subaru Red 1, Daihatsu AMMIX ATF D-III Multi, Daihatsu AMMIX ATF D3-SP, Suzuki AT Oil 5D06, Suzuki AT Oil 2384K, JWS 3314, JWS 3317, Hyundai\/Kia SP III, Hyundai\/Kia SP IV, Aisin JWS 3309, Honda\/Acura DW1\/Z1, Isuzu, BMW Oil No. 8322.9407807, Citroen Oil No. Z 000169756, Jaguar Oil No. JLM 20238, Jaguar Oil No. LA 2634, Jaguar Oil No. LT 71141, Mercedes-Benz Oil No. 0019892203, MB-Approval 236.1, MB-Approval 236.6, MB-Approval 236.7, MB-Approval 236.9, MB-Approval 236.10, Peugeot Oil No. Z 000169756, Porsche Oil No. 999.917.547.00, VW\/Audi TL 52162 (G 052 162), ZF Lifeguardfluid 5, BMW, VW, Audi and Jaguar 5 speed automatic transmission and MB 4 and 5 speed automatic transmissions<\/p>\n<\/div>\n<\/div>\n","protected":false},"excerpt":{"rendered":"<p>Castrol Transmax ATF Z on monik\u00e4ytt\u00f6inen, t\u00e4yssynteettinen automaattivaihteisto\u00f6ljy.<\/p>\n","protected":false},"featured_media":699,"template":"","meta":[],"product_brand":[],"product_cat":[25],"product_tag":[],"class_list":{"0":"post-3772","1":"product","2":"type-product","3":"status-publish","4":"has-post-thumbnail","6":"product_cat-automaattivaihteistooljyt","8":"first","9":"instock","10":"taxable","11":"shipping-taxable","12":"purchasable","13":"product-type-simple"},"_links":{"self":[{"href":"https:\/\/www.lotky.fi\/kauppa\/wp-json\/wp\/v2\/product\/3772","targetHints":{"allow":["GET"]}}],"collection":[{"href":"https:\/\/www.lotky.fi\/kauppa\/wp-json\/wp\/v2\/product"}],"about":[{"href":"https:\/\/www.lotky.fi\/kauppa\/wp-json\/wp\/v2\/types\/product"}],"wp:featuredmedia":[{"embeddable":true,"href":"https:\/\/www.lotky.fi\/kauppa\/wp-json\/wp\/v2\/media\/699"}],"wp:attachment":[{"href":"https:\/\/www.lotky.fi\/kauppa\/wp-json\/wp\/v2\/media?parent=3772"}],"wp:term":[{"taxonomy":"product_brand","embeddable":true,"href":"https:\/\/www.lotky.fi\/kauppa\/wp-json\/wp\/v2\/product_brand?post=3772"},{"taxonomy":"product_cat","embeddable":true,"href":"https:\/\/www.lotky.fi\/kauppa\/wp-json\/wp\/v2\/product_cat?post=3772"},{"taxonomy":"product_tag","embeddable":true,"href":"https:\/\/www.lotky.fi\/kauppa\/wp-json\/wp\/v2\/product_tag?post=3772"}],"curies":[{"name":"wp","href":"https:\/\/api.w.org\/{rel}","templated":true}]}}