{"id":3771,"date":"2025-03-25T12:23:42","date_gmt":"2025-03-25T10:23:42","guid":{"rendered":"https:\/\/www.lotky.fi\/kauppa\/?post_type=product&#038;p=3771"},"modified":"2025-03-25T12:27:08","modified_gmt":"2025-03-25T10:27:08","slug":"castrol-multipurpose-grease-180-kg","status":"publish","type":"product","link":"https:\/\/www.lotky.fi\/kauppa\/tuote\/castrol-multipurpose-grease-180-kg\/","title":{"rendered":"Castrol Multipurpose Grease, 180 kg"},"content":{"rendered":"<p>Castrol Multipurpose Grease on korkealaatuinen voitelurasva, joka on kehitetty ensisijaisesti ajoneuvoihin k\u00e4ytt\u00e4en optimaalista yhdistelm\u00e4\u00e4 mineraali\u00f6ljyst\u00e4, litiumpaksuntimesta ja erityisesti valikoiduista lis\u00e4aineista mukaan lukien EP\/kulumisen-, hapettumisen- ja korroosionestolis\u00e4aineet. Castrol Multipurpose Grease on korkeapainerasva, joka on tarkoitettu voitelemaan laajalti erilaisia ajoneuvojen liuku- ja vierint\u00e4laakereita. Sen erinomainen rakenteellinen kest\u00e4vyys tekee siit\u00e4 erityisen soveliaan k\u00e4ytett\u00e4v\u00e4ksi henkil\u00f6-, linja- ja<br \/>\nkuorma-autojen py\u00f6r\u00e4nlaakereissa k\u00e4ytt\u00f6l\u00e4mp\u00f6tila-alueen rajoissa.<\/p>\n<p>Castrol Multipurpose Grease on my\u00f6s eritt\u00e4in veden- ja korroosionkest\u00e4v\u00e4, mika auttaa suojaamaan muut ajoneuvon<br \/>\nalustan komponentit. Monipuolinen suorituskyky tekee Castrol Multipurpose Greasen ideaaliksi valinnaksi autokorjaamoille, miss\u00e4 se mahdollistaa varastoitavien tuotteiden v\u00e4hent\u00e4misen.<\/p>\n","protected":false},"excerpt":{"rendered":"<p>Castrol Multipurpose Grease on korkealaatuinen voitelurasva, joka on kehitetty ensisijaisesti ajoneuvoihin k\u00e4ytt\u00e4en optimaalista yhdistelm\u00e4\u00e4 mineraali\u00f6ljyst\u00e4, litiumpaksuntimesta ja erityisesti valikoiduista lis\u00e4aineista mukaan lukien EP\/kulumisen-, hapettumisen- ja korroosionestolis\u00e4aineet. Castrol Multipurpose Grease on korkeapainerasva, joka on tarkoitettu voitelemaan laajalti erilaisia ajoneuvojen liuku- ja vierint\u00e4laakereita. Sen erinomainen rakenteellinen kest\u00e4vyys tekee siit\u00e4 erityisen soveliaan k\u00e4ytett\u00e4v\u00e4ksi henkil\u00f6-, linja- ja kuorma-autojen py\u00f6r\u00e4nlaakereissa [&hellip;]<\/p>\n","protected":false},"featured_media":699,"template":"","meta":[],"product_brand":[],"product_cat":[19],"product_tag":[],"class_list":{"0":"post-3771","1":"product","2":"type-product","3":"status-publish","4":"has-post-thumbnail","6":"product_cat-rasvat","8":"first","9":"instock","10":"taxable","11":"shipping-taxable","12":"purchasable","13":"product-type-simple"},"_links":{"self":[{"href":"https:\/\/www.lotky.fi\/kauppa\/wp-json\/wp\/v2\/product\/3771","targetHints":{"allow":["GET"]}}],"collection":[{"href":"https:\/\/www.lotky.fi\/kauppa\/wp-json\/wp\/v2\/product"}],"about":[{"href":"https:\/\/www.lotky.fi\/kauppa\/wp-json\/wp\/v2\/types\/product"}],"wp:featuredmedia":[{"embeddable":true,"href":"https:\/\/www.lotky.fi\/kauppa\/wp-json\/wp\/v2\/media\/699"}],"wp:attachment":[{"href":"https:\/\/www.lotky.fi\/kauppa\/wp-json\/wp\/v2\/media?parent=3771"}],"wp:term":[{"taxonomy":"product_brand","embeddable":true,"href":"https:\/\/www.lotky.fi\/kauppa\/wp-json\/wp\/v2\/product_brand?post=3771"},{"taxonomy":"product_cat","embeddable":true,"href":"https:\/\/www.lotky.fi\/kauppa\/wp-json\/wp\/v2\/product_cat?post=3771"},{"taxonomy":"product_tag","embeddable":true,"href":"https:\/\/www.lotky.fi\/kauppa\/wp-json\/wp\/v2\/product_tag?post=3771"}],"curies":[{"name":"wp","href":"https:\/\/api.w.org\/{rel}","templated":true}]}}