{"id":377,"date":"2016-05-27T09:16:22","date_gmt":"2016-05-27T06:16:22","guid":{"rendered":"http:\/\/www.lotky.fi\/kauppa\/?post_type=product&#038;p=377"},"modified":"2026-03-21T20:12:24","modified_gmt":"2026-03-21T18:12:24","slug":"shell-rimula-r3-30","status":"publish","type":"product","link":"https:\/\/www.lotky.fi\/kauppa\/tuote\/shell-rimula-r3-30\/","title":{"rendered":"Shell Rimula R3+ 30, 209L"},"content":{"rendered":"<div>Shell Rimula R3+ 30 -yksiaste\u00f6ljy on formuloitu moottorin luotettavan suorituskyvyn varmistamiseksi erilaisissa ty\u00f6koneissa ja vanhemmissa dieselajoneuvoissa. Vaihteistoissa ja hydraulij\u00e4rjestelmiss\u00e4 suositellaan joskus k\u00e4ytett\u00e4v\u00e4ksi moottori\u00f6ljy\u00e4. Shell Rimula R3+ 30 -yksiaste\u00f6ljy suojaa n\u00e4it\u00e4 k\u00e4ytt\u00f6kohteita. Shell Rimula R3+ -yksiaste\u00f6ljyt sopivat tiettyihin kiinteisiin laitteisiin, kuten pumppuihin, jotka k\u00e4yv\u00e4t jatkuvasti vakio-olosuhteissa.<\/div>\n<div><\/div>\n<div>Spesifikaatiot, hyv\u00e4ksynn\u00e4t &amp; suositukset:<\/div>\n<div><\/div>\n<div>SAE 30<\/div>\n<div>MAN 270<\/div>\n<div>MB-Approval 228.0<\/div>\n<div>MTU Category 1<\/div>\n<div>API CF<\/div>\n","protected":false},"excerpt":{"rendered":"<p>Shell Rimula R3 -yksiaste\u00f6ljy on formuloitu moottorin luotettavan suorituskyvyn varmistamiseksi erilaisissa ty\u00f6koneissa ja vanhemmissa dieselajoneuvoissa. Vaihteistoissa ja hydraulij\u00e4rjestelmiss\u00e4 suositellaan joskus k\u00e4ytett\u00e4v\u00e4ksi moottori\u00f6ljy\u00e4. Shell Rimula R3 -yksiaste\u00f6ljy suojaa n\u00e4it\u00e4 k\u00e4ytt\u00f6kohteita. Shell Rimula R3 -yksiaste\u00f6ljyt sopivat tiettyihin kiinteisiin laitteisiin, kuten pumppuihin, jotka k\u00e4yv\u00e4t jatkuvasti vakio-olosuhteissa.<\/p>\n","protected":false},"featured_media":347,"template":"","meta":[],"product_brand":[],"product_cat":[18],"product_tag":[],"class_list":{"0":"post-377","1":"product","2":"type-product","3":"status-publish","4":"has-post-thumbnail","6":"product_cat-moottorioljyt-raskas-kalusto","8":"first","9":"instock","10":"taxable","11":"shipping-taxable","12":"purchasable","13":"product-type-simple"},"_links":{"self":[{"href":"https:\/\/www.lotky.fi\/kauppa\/wp-json\/wp\/v2\/product\/377","targetHints":{"allow":["GET"]}}],"collection":[{"href":"https:\/\/www.lotky.fi\/kauppa\/wp-json\/wp\/v2\/product"}],"about":[{"href":"https:\/\/www.lotky.fi\/kauppa\/wp-json\/wp\/v2\/types\/product"}],"wp:featuredmedia":[{"embeddable":true,"href":"https:\/\/www.lotky.fi\/kauppa\/wp-json\/wp\/v2\/media\/347"}],"wp:attachment":[{"href":"https:\/\/www.lotky.fi\/kauppa\/wp-json\/wp\/v2\/media?parent=377"}],"wp:term":[{"taxonomy":"product_brand","embeddable":true,"href":"https:\/\/www.lotky.fi\/kauppa\/wp-json\/wp\/v2\/product_brand?post=377"},{"taxonomy":"product_cat","embeddable":true,"href":"https:\/\/www.lotky.fi\/kauppa\/wp-json\/wp\/v2\/product_cat?post=377"},{"taxonomy":"product_tag","embeddable":true,"href":"https:\/\/www.lotky.fi\/kauppa\/wp-json\/wp\/v2\/product_tag?post=377"}],"curies":[{"name":"wp","href":"https:\/\/api.w.org\/{rel}","templated":true}]}}