{"id":3764,"date":"2025-03-25T09:12:33","date_gmt":"2025-03-25T07:12:33","guid":{"rendered":"https:\/\/www.lotky.fi\/kauppa\/?post_type=product&#038;p=3764"},"modified":"2025-03-25T09:14:23","modified_gmt":"2025-03-25T07:14:23","slug":"castrol-edge-0w-40-rn-17-rsa-208-l","status":"publish","type":"product","link":"https:\/\/www.lotky.fi\/kauppa\/tuote\/castrol-edge-0w-40-rn-17-rsa-208-l\/","title":{"rendered":"Castrol Edge 0W-40 RN 17 RSA, 208 L"},"content":{"rendered":"<p>Castrol EDGE 0W-40 RN 17RSA on hyv\u00e4ksytty k\u00e4ytett\u00e4v\u00e4ksi ajoneuvoissa, joihin valmistaja suosittelee Renault RN 17RSA luokituksen mukaista 0W-40 viskositeetin voiteluainetta.<\/p>\n<p>Hyv\u00e4ksynn\u00e4t:<br \/>\nSAE 0w-40 t\u00e4yssynteettinen<br \/>\nRenault RN 17RSA<\/p>\n","protected":false},"excerpt":{"rendered":"<p>Castrol EDGE 0W-40 RN 17 RSA on hyv\u00e4ksytty k\u00e4ytett\u00e4v\u00e4ksi ajoneuvoissa, joihin valmistaja suosittelee Renault RN 17RSA luokituksen mukaista 0W-40 viskositeetin voiteluainetta.<\/p>\n","protected":false},"featured_media":699,"template":"","meta":[],"product_brand":[],"product_cat":[17],"product_tag":[],"class_list":{"0":"post-3764","1":"product","2":"type-product","3":"status-publish","4":"has-post-thumbnail","6":"product_cat-moottorioljyt-kevyt-kalusto","8":"first","9":"instock","10":"taxable","11":"shipping-taxable","12":"purchasable","13":"product-type-simple"},"_links":{"self":[{"href":"https:\/\/www.lotky.fi\/kauppa\/wp-json\/wp\/v2\/product\/3764","targetHints":{"allow":["GET"]}}],"collection":[{"href":"https:\/\/www.lotky.fi\/kauppa\/wp-json\/wp\/v2\/product"}],"about":[{"href":"https:\/\/www.lotky.fi\/kauppa\/wp-json\/wp\/v2\/types\/product"}],"wp:featuredmedia":[{"embeddable":true,"href":"https:\/\/www.lotky.fi\/kauppa\/wp-json\/wp\/v2\/media\/699"}],"wp:attachment":[{"href":"https:\/\/www.lotky.fi\/kauppa\/wp-json\/wp\/v2\/media?parent=3764"}],"wp:term":[{"taxonomy":"product_brand","embeddable":true,"href":"https:\/\/www.lotky.fi\/kauppa\/wp-json\/wp\/v2\/product_brand?post=3764"},{"taxonomy":"product_cat","embeddable":true,"href":"https:\/\/www.lotky.fi\/kauppa\/wp-json\/wp\/v2\/product_cat?post=3764"},{"taxonomy":"product_tag","embeddable":true,"href":"https:\/\/www.lotky.fi\/kauppa\/wp-json\/wp\/v2\/product_tag?post=3764"}],"curies":[{"name":"wp","href":"https:\/\/api.w.org\/{rel}","templated":true}]}}