{"id":3751,"date":"2025-03-20T10:41:32","date_gmt":"2025-03-20T08:41:32","guid":{"rendered":"https:\/\/www.lotky.fi\/kauppa\/?post_type=product&#038;p=3751"},"modified":"2026-03-31T10:16:00","modified_gmt":"2026-03-31T07:16:00","slug":"neste-4t-pro-pienmoottoribensiini-200l","status":"publish","type":"product","link":"https:\/\/www.lotky.fi\/kauppa\/tuote\/neste-4t-pro-pienmoottoribensiini-200l\/","title":{"rendered":"Neste 4T Pro Pienmoottoribensiini 200L"},"content":{"rendered":"<p><b>Neste PRO 4T pienmoottoribensiini soveltuu kaikkiin 4-tahtisiin moottoreihin kuten ruohonleikkureihin, m\u00f6nkij\u00f6ihin ja per\u00e4moottoreihin.<\/b><\/p>\n<p>Neste Pro pienmoottoribensiinin salaisuus on sen parafiinisessa koostumuksessa. Sen ansiosta Neste Pro palaa puhtaasti ja s\u00e4\u00e4st\u00e4\u00e4 moottoria sek\u00e4 ymp\u00e4rist\u00f6\u00e4. Neste Pro tuottaa ratkaisevasti tavanomaista bensiini\u00e4 v\u00e4hemm\u00e4n karstaa moottoriin.<\/p>\n<p>Neste Pro pienmoottoribensiini\u00e4 k\u00e4ytett\u00e4ess\u00e4 eron huomaa v\u00e4litt\u00f6m\u00e4sti. Pienmoottoribensiiniss\u00e4 ei ole aromaattisia yhdisteit\u00e4, kuten karsinogeenist\u00e4 bentseeni\u00e4. Tankatessa haitallisia h\u00f6yryj\u00e4 syntyy merkitt\u00e4v\u00e4sti v\u00e4hemm\u00e4n, ja moottori tuottaa olennaisesti v\u00e4hemm\u00e4n haitallisia pakokaasuja.<\/p>\n<p>Puhtaan koostumuksensa ansiosta Neste Pro ei hartsiinnu eik\u00e4 pilaannu kaasuttimessa, joten se on ylivertainen valinta pitkienkin aikojen s\u00e4ilytysbensiiniksi.<\/p>\n<p>&nbsp;<\/p>\n<p>&nbsp;<\/p>\n<p>&nbsp;<\/p>\n<p>&nbsp;<\/p>\n<p>&nbsp;<\/p>\n<p>&nbsp;<\/p>\n","protected":false},"excerpt":{"rendered":"<p>Neste PRO 4T pienmoottoribensiini soveltuu kaikkiin 4-tahtisiin moottoreihin kuten ruohonleikkureihin, m\u00f6nkij\u00f6ihin ja per\u00e4moottoreihin.<\/p>\n","protected":false},"featured_media":1598,"template":"","meta":[],"product_brand":[],"product_cat":[209],"product_tag":[],"class_list":{"0":"post-3751","1":"product","2":"type-product","3":"status-publish","4":"has-post-thumbnail","6":"product_cat-bensat","8":"first","9":"instock","10":"taxable","11":"shipping-taxable","12":"purchasable","13":"product-type-simple"},"_links":{"self":[{"href":"https:\/\/www.lotky.fi\/kauppa\/wp-json\/wp\/v2\/product\/3751","targetHints":{"allow":["GET"]}}],"collection":[{"href":"https:\/\/www.lotky.fi\/kauppa\/wp-json\/wp\/v2\/product"}],"about":[{"href":"https:\/\/www.lotky.fi\/kauppa\/wp-json\/wp\/v2\/types\/product"}],"wp:featuredmedia":[{"embeddable":true,"href":"https:\/\/www.lotky.fi\/kauppa\/wp-json\/wp\/v2\/media\/1598"}],"wp:attachment":[{"href":"https:\/\/www.lotky.fi\/kauppa\/wp-json\/wp\/v2\/media?parent=3751"}],"wp:term":[{"taxonomy":"product_brand","embeddable":true,"href":"https:\/\/www.lotky.fi\/kauppa\/wp-json\/wp\/v2\/product_brand?post=3751"},{"taxonomy":"product_cat","embeddable":true,"href":"https:\/\/www.lotky.fi\/kauppa\/wp-json\/wp\/v2\/product_cat?post=3751"},{"taxonomy":"product_tag","embeddable":true,"href":"https:\/\/www.lotky.fi\/kauppa\/wp-json\/wp\/v2\/product_tag?post=3751"}],"curies":[{"name":"wp","href":"https:\/\/api.w.org\/{rel}","templated":true}]}}