{"id":375,"date":"2016-05-26T16:18:15","date_gmt":"2016-05-26T13:18:15","guid":{"rendered":"http:\/\/www.lotky.fi\/kauppa\/?post_type=product&#038;p=375"},"modified":"2026-03-21T20:12:56","modified_gmt":"2026-03-21T18:12:56","slug":"shell-rimula-r4-multi-10w-30-209l","status":"publish","type":"product","link":"https:\/\/www.lotky.fi\/kauppa\/tuote\/shell-rimula-r4-multi-10w-30-209l\/","title":{"rendered":"Shell Rimula R4 Multi 10W-30, 209L"},"content":{"rendered":"<div>Shell Rimula R4 Multi 10W-30 on hyv\u00e4 valinta useisiin erilaisiin turboahdettuihin ja ahtamattomiin<\/div>\n<div>dieselmoottoreihin normaalik\u00e4yt\u00f6ss\u00e4. Sit\u00e4 suositellaan erityisesti ty\u00f6konek\u00e4ytt\u00f6\u00f6n esimerkiksi maataloustraktoreihin ja kaivoskoneisiin. Koneisiin, joiden moottori on varustettu dieselpartikkelisuodattimella suositellaan Shell Rimula R5 LE -moottori\u00f6ljy\u00e4. Shell Rimula R4 Multi -\u00f6ljy suojaa ajo-olosuhteidesi muuttuvia tarpeita vastaan.<\/div>\n<div><\/div>\n<div>\n<div>Spesifikaatiot, hyv\u00e4ksynn\u00e4t &amp; suositukset:<\/div>\n<div>SAE 10W-30<\/div>\n<div>API CI-4, CH-4, CG-4, CF-4, CF<\/div>\n<div>Caterpillar ECF-1A, ECF-2<\/div>\n<div>Cummins CES 20078, 76, 75, 72, 71<\/div>\n<div>Mack EO-M, EO-M+<\/div>\n<div>JASO DH-1<\/div>\n<\/div>\n","protected":false},"excerpt":{"rendered":"<p>Shell Rimula R4 Multi 10W-30 on hyv\u00e4 valinta useisiin erilaisiin turboahdettuihin ja ahtamattomiin dieselmoottoreihin normaalik\u00e4yt\u00f6ss\u00e4. Sit\u00e4 suositellaan erityisesti ty\u00f6konek\u00e4ytt\u00f6\u00f6n esimerkiksi maataloustraktoreihin ja kaivoskoneisiin. Koneisiin, joiden moottori on varustettu dieselpartikkelisuodattimella suositellaan Shell Rimula R5 LE -moottori\u00f6ljy\u00e4. Shell Rimula R4 Multi -\u00f6ljy suojaa ajo-olosuhteidesi muuttuvia tarpeita vastaan.<\/p>\n","protected":false},"featured_media":347,"template":"","meta":[],"product_brand":[],"product_cat":[18],"product_tag":[],"class_list":{"0":"post-375","1":"product","2":"type-product","3":"status-publish","4":"has-post-thumbnail","6":"product_cat-moottorioljyt-raskas-kalusto","8":"first","9":"instock","10":"taxable","11":"shipping-taxable","12":"purchasable","13":"product-type-simple"},"_links":{"self":[{"href":"https:\/\/www.lotky.fi\/kauppa\/wp-json\/wp\/v2\/product\/375","targetHints":{"allow":["GET"]}}],"collection":[{"href":"https:\/\/www.lotky.fi\/kauppa\/wp-json\/wp\/v2\/product"}],"about":[{"href":"https:\/\/www.lotky.fi\/kauppa\/wp-json\/wp\/v2\/types\/product"}],"wp:featuredmedia":[{"embeddable":true,"href":"https:\/\/www.lotky.fi\/kauppa\/wp-json\/wp\/v2\/media\/347"}],"wp:attachment":[{"href":"https:\/\/www.lotky.fi\/kauppa\/wp-json\/wp\/v2\/media?parent=375"}],"wp:term":[{"taxonomy":"product_brand","embeddable":true,"href":"https:\/\/www.lotky.fi\/kauppa\/wp-json\/wp\/v2\/product_brand?post=375"},{"taxonomy":"product_cat","embeddable":true,"href":"https:\/\/www.lotky.fi\/kauppa\/wp-json\/wp\/v2\/product_cat?post=375"},{"taxonomy":"product_tag","embeddable":true,"href":"https:\/\/www.lotky.fi\/kauppa\/wp-json\/wp\/v2\/product_tag?post=375"}],"curies":[{"name":"wp","href":"https:\/\/api.w.org\/{rel}","templated":true}]}}