{"id":3745,"date":"2025-03-20T10:19:58","date_gmt":"2025-03-20T08:19:58","guid":{"rendered":"https:\/\/www.lotky.fi\/kauppa\/?post_type=product&#038;p=3745"},"modified":"2025-03-20T10:23:17","modified_gmt":"2025-03-20T08:23:17","slug":"77-lubricants-atf-l8s-200l","status":"publish","type":"product","link":"https:\/\/www.lotky.fi\/kauppa\/tuote\/77-lubricants-atf-l8s-200l\/","title":{"rendered":"77 Lubricants ATF L8S 200L"},"content":{"rendered":"<p>Korkealaatuinen, synteettinen, raskasta k\u00e4ytt\u00f6\u00e4 kest\u00e4v\u00e4 voiteluaine joka on tarkoitettu ZF 6-9 vaihteisiin automaattivaihteistoihin.<\/p>\n<p><strong>ATF L8S Sopivuudet:<\/strong><br \/>\nAcura ATF-Z1<br \/>\nAisin Warner JWS 3309, JWS 3314, JWS 3324, AW-1, AW-2<br \/>\nAllison C-3, C-4, TES-389<br \/>\nAudi 5 HP LT71141 (ZF 5 HP 18FL\/19FL\/24A)<br \/>\nAudi\/VW G 052 025 A2, G 052 055, G 052 990, G 052 162 A1\/A2, G 053 025 A2<br \/>\nAudi\/VW G 055 005 A\/A1\/A2\/A6, G 055 025 A2, G 055 162 A2\/A6, G 055 540 A2, G 060 162<br \/>\nBentley PY112995PA<br \/>\nBMW LA2634, LT71141, ZF 5HP18FL\/5HP24\/5HP30, 7045E, ETL 8072B, ATF 2\/3+\/6\/7 BMW 83 22 2 152 426, 83 22 2 305 397, 83 22 2 289 720<br \/>\nBosch TE-ML 09<br \/>\nCAT TO-2<br \/>\nChrysler ATF+\/+2\/+3, MS7176E<br \/>\nChrysler\/Dodge\/Jeep 05127382AA, 68043742AA, 68157995AA, 68157995AB, 68049954AA, 68218925AA, 68218925AB<br \/>\nChrysler\/Dodge\/Jeep MOPAR SP IV, 68171866AA\/68171869AA<br \/>\nDaewoo LT 71141<br \/>\nDaihatsu AMMIX ATF D-II, AMMIX ATF D-III SP<br \/>\nFIAT T-IV type, 9.55550-AV5, 9.55550-AV6<br \/>\nFord MERCON\u00ae, MERCON\u00ae LV, ATF C-ML5, FNR5<br \/>\nFord 138CJ, 166H, 922A1, 924A<br \/>\nFord\/Lincoln\/Mercury XT-6-QSP or -DSP, XT-2-QDX, XT-2-QSM, XL-12<br \/>\nFuso ATF-II, ATF-SPIII, ATF-A4<br \/>\nGM TASA, DEXRON\u00ae-II\/IID\/IIE\/IIIG\/IIIH\/VI, AutoTrak II<br \/>\nGM 1940700, 1940767, 21005966, 22717466, 88900925, 9986195, 93160393<br \/>\nGM\/GMC\/Opel\/Saturn AW1, Saturn VI, 88863400, 88863401<br \/>\nHino Blue ribon ATF<br \/>\nHonda ATF-Z1, ATF Ultra II, DW-1, Type 3.0, Type 3.1<br \/>\nHyundai\/Kia SP-IV, SP-IV M, SPH-IV, SP-IV-RR, SP-III, Dex-II\/ SP-II, NWS 9638, 040000C90SG<br \/>\nISUZU BESCO ATF-II, ATF-III, ATF SP, SCS Fluid, 08200-9001,ISUZU ATF WSI<br \/>\nJaguar ATF 3403 M115, ATF 3403-M115, ATF LT71141, ZF 5HP24, JLM20238, JLM 20292, K17, 8432 Jaguar 02JDE26444<br \/>\nJASO M315-2013 1A, 1A-LV, 2A<br \/>\nJEEP ATF+3<br \/>\nKIA ATF SP-II, SP-III, SP-IV, SP-IVM<br \/>\nLand Rover TYK500050, LR0022460, LR023288<br \/>\nLexus JWS 3309<br \/>\nM 1375.4<br \/>\nMAN 339A<br \/>\nMaserati 231603<br \/>\nMazda ATF D-II, M-III, M-V, FZ, A7, F-1, S-1, N-1, 3317<br \/>\nMB 236.3, 236.5, 236.6, 236.7, 236.8, 236.9, 236.11, 236.12, 236.14, 236.15, 236.17, MB ZF 4HP20<br \/>\nMINI COOPER T-IV<br \/>\nMitsubishi Diaqueen SK, SP-II, SP-III, SP-IV, AW, J2, J3, ATF-MA1, ATF PA<br \/>\nNissan Matic Fluid C, D, J, K, P, S, W<br \/>\nOpel\/GM 19 40 700, 19 40 767, 21005966, 22 17466, 88900925, 9986195<br \/>\nPorsche ZF 5HP19FL, ZF 5HP20, LT71141, ATF 3403-M115, T-IV, 000 043 205 09, 000 043 205 28<br \/>\nPSA B71 2340, Z 000169756<br \/>\nRenault DPO\/AL4, Matic D2, Renault Samsung SATF-D<br \/>\nSaab T-IV, 93 165 147, 93 160 393, Saab Power Steering Fluid 2634, 45 30 09 800, 93160548<br \/>\nSsang yong DSIH 5M-66<br \/>\nSubaru ATF, ATF 5AT, ATF HP, K0140Y0700<br \/>\nSuzuki AT OIL 5D06, ATF 2326, ATF 2384K, ATF 3314, ATF 3317<br \/>\nToyota ATF D-II, ATF D-III, ATF T-III, ATF T-IV, ATF WS<br \/>\nVickers M2950-S, I-286-S<br \/>\nVoith 55.6335.xx (G607)<br \/>\nVolvo 97325, 97335, CE 97340, CE 97341, CE 97342, PN 1161521, PN 1161540\/1161640, PN 31256774\/31256675,<br \/>\nVolvo PN 1161621 ZF 3, 4, 6, 8 &amp; 9 speed transmission<br \/>\nZF TE-ML 05L, 09, 11A, 11B, 21L<\/p>\n<p>&nbsp;<\/p>\n<p>&nbsp;<\/p>\n<p>&nbsp;<\/p>\n","protected":false},"excerpt":{"rendered":"<p>Korkealaatuinen, synteettinen, raskasta k\u00e4ytt\u00f6\u00e4 kest\u00e4v\u00e4 voiteluaine joka on tarkoitettu ZF 6-9 vaihteisiin automaattivaihteistoihin.<\/p>\n","protected":false},"featured_media":3065,"template":"","meta":[],"product_brand":[],"product_cat":[24],"product_tag":[193,192],"class_list":{"0":"post-3745","1":"product","2":"type-product","3":"status-publish","4":"has-post-thumbnail","6":"product_cat-vaihteistooljyt","7":"product_tag-peramoottori","8":"product_tag-veneoljy","10":"first","11":"instock","12":"taxable","13":"shipping-taxable","14":"purchasable","15":"product-type-simple"},"_links":{"self":[{"href":"https:\/\/www.lotky.fi\/kauppa\/wp-json\/wp\/v2\/product\/3745","targetHints":{"allow":["GET"]}}],"collection":[{"href":"https:\/\/www.lotky.fi\/kauppa\/wp-json\/wp\/v2\/product"}],"about":[{"href":"https:\/\/www.lotky.fi\/kauppa\/wp-json\/wp\/v2\/types\/product"}],"wp:featuredmedia":[{"embeddable":true,"href":"https:\/\/www.lotky.fi\/kauppa\/wp-json\/wp\/v2\/media\/3065"}],"wp:attachment":[{"href":"https:\/\/www.lotky.fi\/kauppa\/wp-json\/wp\/v2\/media?parent=3745"}],"wp:term":[{"taxonomy":"product_brand","embeddable":true,"href":"https:\/\/www.lotky.fi\/kauppa\/wp-json\/wp\/v2\/product_brand?post=3745"},{"taxonomy":"product_cat","embeddable":true,"href":"https:\/\/www.lotky.fi\/kauppa\/wp-json\/wp\/v2\/product_cat?post=3745"},{"taxonomy":"product_tag","embeddable":true,"href":"https:\/\/www.lotky.fi\/kauppa\/wp-json\/wp\/v2\/product_tag?post=3745"}],"curies":[{"name":"wp","href":"https:\/\/api.w.org\/{rel}","templated":true}]}}