{"id":3744,"date":"2025-03-20T10:15:53","date_gmt":"2025-03-20T08:15:53","guid":{"rendered":"https:\/\/www.lotky.fi\/kauppa\/?post_type=product&#038;p=3744"},"modified":"2026-02-25T12:17:16","modified_gmt":"2026-02-25T10:17:16","slug":"77-lubricants-atf-dx-iii-200l","status":"publish","type":"product","link":"https:\/\/www.lotky.fi\/kauppa\/tuote\/77-lubricants-atf-dx-iii-200l\/","title":{"rendered":"77 Lubricants ATF DX III 200L"},"content":{"rendered":"<p>Korkealaatuinen, laajasti soveltuva automaattivaihteisto- momenttimuunnin- ja ohjaustehostin\u00f6ljy henkil\u00f6autoihin ja hy\u00f6tyajoneuvojen eri kohteisiin.<\/p>\n<p>T\u00e4ytt\u00e4\u00e4:<br \/>\nAllison C4<br \/>\nVoith H55.6335.xx<br \/>\nFORD M<br \/>\nVOLVO 97340<br \/>\nGM D-IID, GM D-IIIG GM D-IIIH Dexron III H<br \/>\nVOLVO 97341<br \/>\nMAN 339 V1 \/ Z1<br \/>\nZF TE-ML 03D<br \/>\nMB 236.9<br \/>\nZF TE-ML 14A<\/p>\n<p>&nbsp;<\/p>\n<p>&nbsp;<\/p>\n<p>&nbsp;<\/p>\n","protected":false},"excerpt":{"rendered":"<p>Korkealaatuinen, laajasti soveltuva automaattivaihteisto- momenttimuunnin- ja ohjaustehostin\u00f6ljy henkil\u00f6autoihin ja hy\u00f6tyajoneuvojen eri kohteisiin.<\/p>\n","protected":false},"featured_media":3065,"template":"","meta":[],"product_brand":[],"product_cat":[24],"product_tag":[193,192],"class_list":{"0":"post-3744","1":"product","2":"type-product","3":"status-publish","4":"has-post-thumbnail","6":"product_cat-vaihteistooljyt","7":"product_tag-peramoottori","8":"product_tag-veneoljy","10":"first","11":"instock","12":"taxable","13":"shipping-taxable","14":"purchasable","15":"product-type-simple"},"_links":{"self":[{"href":"https:\/\/www.lotky.fi\/kauppa\/wp-json\/wp\/v2\/product\/3744","targetHints":{"allow":["GET"]}}],"collection":[{"href":"https:\/\/www.lotky.fi\/kauppa\/wp-json\/wp\/v2\/product"}],"about":[{"href":"https:\/\/www.lotky.fi\/kauppa\/wp-json\/wp\/v2\/types\/product"}],"wp:featuredmedia":[{"embeddable":true,"href":"https:\/\/www.lotky.fi\/kauppa\/wp-json\/wp\/v2\/media\/3065"}],"wp:attachment":[{"href":"https:\/\/www.lotky.fi\/kauppa\/wp-json\/wp\/v2\/media?parent=3744"}],"wp:term":[{"taxonomy":"product_brand","embeddable":true,"href":"https:\/\/www.lotky.fi\/kauppa\/wp-json\/wp\/v2\/product_brand?post=3744"},{"taxonomy":"product_cat","embeddable":true,"href":"https:\/\/www.lotky.fi\/kauppa\/wp-json\/wp\/v2\/product_cat?post=3744"},{"taxonomy":"product_tag","embeddable":true,"href":"https:\/\/www.lotky.fi\/kauppa\/wp-json\/wp\/v2\/product_tag?post=3744"}],"curies":[{"name":"wp","href":"https:\/\/api.w.org\/{rel}","templated":true}]}}