{"id":374,"date":"2016-05-26T15:40:16","date_gmt":"2016-05-26T12:40:16","guid":{"rendered":"http:\/\/www.lotky.fi\/kauppa\/?post_type=product&#038;p=374"},"modified":"2026-03-21T20:13:14","modified_gmt":"2026-03-21T18:13:14","slug":"shell-rimula-r5-e-10w-40-209l","status":"publish","type":"product","link":"https:\/\/www.lotky.fi\/kauppa\/tuote\/shell-rimula-r5-e-10w-40-209l\/","title":{"rendered":"Shell Rimula R5 E 10W-40, 209L"},"content":{"rendered":"<div>\n<div>Shell Rimula R5 E -\u00f6ljy suojaa moottorien kaikissa paineissa ja l\u00e4mp\u00f6tiloissa. Synteettisen teknologian<\/div>\n<div>perus\u00f6ljyill\u00e4 tehostettu voiteluaine s\u00e4\u00e4st\u00e4\u00e4 polttoainetta, k\u00e4sittelee nokea tehokkaasti s\u00e4ilytt\u00e4en viskositeettinsa, antaa huippuluokan suojan kulumiselta ja on monipuolinen k\u00e4ytt\u00e4\u00e4. Shell Rimula R5 E sopii useisiin nykyaikaisiin matalap\u00e4\u00e4st\u00f6isiin moottoreihin, kuten Euro 2, Euro 3 ja US 2002 -moottorit. Uusimpiin dieselpartikkelisuodattimella (DPF) varustettuihin dieselmoottoreihin suositellaan Shell Rimula R6 LM\/LME -\u00f6ljyj\u00e4.<\/div>\n<p>Suorituskyky:<\/p>\n<p>SAE 10W-40 synteettinen<\/p>\n<\/div>\n<div>Cummins CES 20078, 77, 76, 72, 71<\/div>\n<div>MACK EO-M, EO-M+<\/div>\n<div>MAN M3275-1<\/div>\n<div>MB-Approval 228.3<\/div>\n<div>Renault Trucks RLD-2<\/div>\n<div>Volvo VDS-3, VDS-2<\/div>\n<div>API CI-4, CH-4, CG-4, CF-4, CF.<\/div>\n<div>ACEA E7, E5, E3<\/div>\n<div>Global DHD-1<\/div>\n","protected":false},"excerpt":{"rendered":"<p>Shell Rimula R5 E -\u00f6ljy suojaa moottorien kaikissa paineissa ja l\u00e4mp\u00f6tiloissa. Synteettisen teknologian perus\u00f6ljyill\u00e4 tehostettu voiteluaine s\u00e4\u00e4st\u00e4\u00e4 polttoainetta, k\u00e4sittelee nokea tehokkaasti s\u00e4ilytt\u00e4en viskositeettinsa, antaa huippuluokan suojan kulumiselta ja on monipuolinen k\u00e4ytt\u00e4\u00e4. Shell Rimula R5 E sopii useisiin nykyaikaisiin matalap\u00e4\u00e4st\u00f6isiin moottoreihin, kuten Euro 2, Euro 3 ja US 2002 -moottorit. Uusimpiin dieselpartikkelisuodattimella (DPF) varustettuihin dieselmoottoreihin suositellaan [&hellip;]<\/p>\n","protected":false},"featured_media":347,"template":"","meta":[],"product_brand":[],"product_cat":[18],"product_tag":[],"class_list":{"0":"post-374","1":"product","2":"type-product","3":"status-publish","4":"has-post-thumbnail","6":"product_cat-moottorioljyt-raskas-kalusto","8":"first","9":"instock","10":"taxable","11":"shipping-taxable","12":"purchasable","13":"product-type-simple"},"_links":{"self":[{"href":"https:\/\/www.lotky.fi\/kauppa\/wp-json\/wp\/v2\/product\/374","targetHints":{"allow":["GET"]}}],"collection":[{"href":"https:\/\/www.lotky.fi\/kauppa\/wp-json\/wp\/v2\/product"}],"about":[{"href":"https:\/\/www.lotky.fi\/kauppa\/wp-json\/wp\/v2\/types\/product"}],"wp:featuredmedia":[{"embeddable":true,"href":"https:\/\/www.lotky.fi\/kauppa\/wp-json\/wp\/v2\/media\/347"}],"wp:attachment":[{"href":"https:\/\/www.lotky.fi\/kauppa\/wp-json\/wp\/v2\/media?parent=374"}],"wp:term":[{"taxonomy":"product_brand","embeddable":true,"href":"https:\/\/www.lotky.fi\/kauppa\/wp-json\/wp\/v2\/product_brand?post=374"},{"taxonomy":"product_cat","embeddable":true,"href":"https:\/\/www.lotky.fi\/kauppa\/wp-json\/wp\/v2\/product_cat?post=374"},{"taxonomy":"product_tag","embeddable":true,"href":"https:\/\/www.lotky.fi\/kauppa\/wp-json\/wp\/v2\/product_tag?post=374"}],"curies":[{"name":"wp","href":"https:\/\/api.w.org\/{rel}","templated":true}]}}