{"id":3730,"date":"2025-03-19T09:55:04","date_gmt":"2025-03-19T07:55:04","guid":{"rendered":"https:\/\/www.lotky.fi\/kauppa\/?post_type=product&#038;p=3730"},"modified":"2026-03-21T19:38:24","modified_gmt":"2026-03-21T17:38:24","slug":"shell-spirax-s6-gxme-ultra-75w-80-209l","status":"publish","type":"product","link":"https:\/\/www.lotky.fi\/kauppa\/tuote\/shell-spirax-s6-gxme-ultra-75w-80-209l\/","title":{"rendered":"Shell Spirax S6 GXME Ultra 75W-80, 209L"},"content":{"rendered":"<p>Shell Spirax S6 GXME Ultra 75W-80 on synteettisen teknologian polttoainetta s\u00e4\u00e4st\u00e4v\u00e4 vaihteisto\u00f6ljy k\u00e4sinvalintaisiin vaihteistoihin. Soveltuu esim. Volvon I-Shift vaihdelaatikoihin.<\/p>\n<p>Suorituskyky:<\/p>\n<p>SAE 75W-80<br \/>\nAPI GL-4<br \/>\nVolvo Transmission 97307 \/ 97318<br \/>\nVoith Retarder Oil Class C<br \/>\nDaimler \/ MB 235.41<br \/>\nMAN 341 Type Z4, 341 E4<br \/>\nZF TE-ML 02L<\/p>\n","protected":false},"excerpt":{"rendered":"<p>Shell Spirax S6 GXME Ultra 75W-80 on synteettisen teknologian polttoainetta s\u00e4\u00e4st\u00e4v\u00e4 vaihteisto\u00f6ljy k\u00e4sinvalintaisiin vaihteistoihin. Soveltuu esim. Volvon I-Shift vaihdelaatikoihin.<\/p>\n","protected":false},"featured_media":347,"template":"","meta":[],"product_brand":[],"product_cat":[24],"product_tag":[],"class_list":{"0":"post-3730","1":"product","2":"type-product","3":"status-publish","4":"has-post-thumbnail","6":"product_cat-vaihteistooljyt","8":"first","9":"instock","10":"taxable","11":"shipping-taxable","12":"purchasable","13":"product-type-simple"},"_links":{"self":[{"href":"https:\/\/www.lotky.fi\/kauppa\/wp-json\/wp\/v2\/product\/3730","targetHints":{"allow":["GET"]}}],"collection":[{"href":"https:\/\/www.lotky.fi\/kauppa\/wp-json\/wp\/v2\/product"}],"about":[{"href":"https:\/\/www.lotky.fi\/kauppa\/wp-json\/wp\/v2\/types\/product"}],"wp:featuredmedia":[{"embeddable":true,"href":"https:\/\/www.lotky.fi\/kauppa\/wp-json\/wp\/v2\/media\/347"}],"wp:attachment":[{"href":"https:\/\/www.lotky.fi\/kauppa\/wp-json\/wp\/v2\/media?parent=3730"}],"wp:term":[{"taxonomy":"product_brand","embeddable":true,"href":"https:\/\/www.lotky.fi\/kauppa\/wp-json\/wp\/v2\/product_brand?post=3730"},{"taxonomy":"product_cat","embeddable":true,"href":"https:\/\/www.lotky.fi\/kauppa\/wp-json\/wp\/v2\/product_cat?post=3730"},{"taxonomy":"product_tag","embeddable":true,"href":"https:\/\/www.lotky.fi\/kauppa\/wp-json\/wp\/v2\/product_tag?post=3730"}],"curies":[{"name":"wp","href":"https:\/\/api.w.org\/{rel}","templated":true}]}}