{"id":3718,"date":"2025-03-12T08:50:47","date_gmt":"2025-03-12T06:50:47","guid":{"rendered":"https:\/\/www.lotky.fi\/kauppa\/?post_type=product&#038;p=3718"},"modified":"2026-03-31T10:16:54","modified_gmt":"2026-03-31T07:16:54","slug":"absodan-universal-imeytysrouhe-20-kg-39-sk-lava-rahtivapaa-toimitus","status":"publish","type":"product","link":"https:\/\/www.lotky.fi\/kauppa\/tuote\/absodan-universal-imeytysrouhe-20-kg-39-sk-lava-rahtivapaa-toimitus\/","title":{"rendered":"Absodan Universal imeytysrouhe 20 kg, 39 sk\/lava. Rahtivapaa toimitus"},"content":{"rendered":"<p><strong>Absodan imeytysrouhe on valmistettu tanskalaisesta Moler-savesta, joka on poltettu noin 750 asteessa.<\/strong><\/p>\n","protected":false},"excerpt":{"rendered":"<p>&#8211; rakeet ovat kovia ja eritt\u00e4in imukykyisi\u00e4, raekoko 1-3 mm &#8211; imee nopeasti ja turvallisesti kaikenlaiset nesteet milt\u00e4 tahansa kiinte\u00e4lt\u00e4 pinnalta niin sis\u00e4tiloissa kuin ulkonakin &#8211; imetty neste pysyy rakeissa niiden huokoisen rakenteen ansiosta &#8211; ei reagoi kemiallisesti mink\u00e4\u00e4n nesteiden kanssa fluorivetyhappoa lukuun ottamatta ja sopii siksi kaikille nesteille; \u00f6ljyille, hapoille, em\u00e4ksille, vesipohjaisille ja orgaanisille [&hellip;]<\/p>\n","protected":false},"featured_media":0,"template":"","meta":[],"product_brand":[],"product_cat":[208],"product_tag":[],"class_list":{"0":"post-3718","1":"product","2":"type-product","3":"status-publish","5":"product_cat-oljyn-imeytys","7":"first","8":"instock","9":"taxable","10":"shipping-taxable","11":"purchasable","12":"product-type-simple"},"_links":{"self":[{"href":"https:\/\/www.lotky.fi\/kauppa\/wp-json\/wp\/v2\/product\/3718","targetHints":{"allow":["GET"]}}],"collection":[{"href":"https:\/\/www.lotky.fi\/kauppa\/wp-json\/wp\/v2\/product"}],"about":[{"href":"https:\/\/www.lotky.fi\/kauppa\/wp-json\/wp\/v2\/types\/product"}],"wp:attachment":[{"href":"https:\/\/www.lotky.fi\/kauppa\/wp-json\/wp\/v2\/media?parent=3718"}],"wp:term":[{"taxonomy":"product_brand","embeddable":true,"href":"https:\/\/www.lotky.fi\/kauppa\/wp-json\/wp\/v2\/product_brand?post=3718"},{"taxonomy":"product_cat","embeddable":true,"href":"https:\/\/www.lotky.fi\/kauppa\/wp-json\/wp\/v2\/product_cat?post=3718"},{"taxonomy":"product_tag","embeddable":true,"href":"https:\/\/www.lotky.fi\/kauppa\/wp-json\/wp\/v2\/product_tag?post=3718"}],"curies":[{"name":"wp","href":"https:\/\/api.w.org\/{rel}","templated":true}]}}