{"id":3715,"date":"2025-03-12T08:46:01","date_gmt":"2025-03-12T06:46:01","guid":{"rendered":"https:\/\/www.lotky.fi\/kauppa\/?post_type=product&#038;p=3715"},"modified":"2025-03-12T08:47:07","modified_gmt":"2025-03-12T06:47:07","slug":"oilabs-oljyn-imeytyspuomit-15cm-x-3m-122l-rahtivapaa","status":"publish","type":"product","link":"https:\/\/www.lotky.fi\/kauppa\/tuote\/oilabs-oljyn-imeytyspuomit-15cm-x-3m-122l-rahtivapaa\/","title":{"rendered":"Oilabs \u00f6ljyn imeytyspuomit 15cm x 3m, 122L. Rahtivapaa"},"content":{"rendered":"<p>Puomin koko 15cm x 3m, imukyky 122L.<\/p>\n<p>Paketissa 4 kpl puomeja<\/p>\n","protected":false},"excerpt":{"rendered":"<p>polypropeeni imee\u00a0jopa 15 kertaa oman painonsa verran puomi kelluu l\u00e4hes rajattomasti puomeissa k\u00e4tev\u00e4t pikaliittimet, joilla ne saa kytketty\u00e4 toisiinsa naruvahvistus \u2013 vankka rakenne vaikeissakin olosuhteissa<\/p>\n","protected":false},"featured_media":3716,"template":"","meta":[],"product_brand":[],"product_cat":[208],"product_tag":[],"class_list":{"0":"post-3715","1":"product","2":"type-product","3":"status-publish","4":"has-post-thumbnail","6":"product_cat-oljyn-imeytys","8":"first","9":"instock","10":"taxable","11":"shipping-taxable","12":"purchasable","13":"product-type-simple"},"_links":{"self":[{"href":"https:\/\/www.lotky.fi\/kauppa\/wp-json\/wp\/v2\/product\/3715","targetHints":{"allow":["GET"]}}],"collection":[{"href":"https:\/\/www.lotky.fi\/kauppa\/wp-json\/wp\/v2\/product"}],"about":[{"href":"https:\/\/www.lotky.fi\/kauppa\/wp-json\/wp\/v2\/types\/product"}],"wp:featuredmedia":[{"embeddable":true,"href":"https:\/\/www.lotky.fi\/kauppa\/wp-json\/wp\/v2\/media\/3716"}],"wp:attachment":[{"href":"https:\/\/www.lotky.fi\/kauppa\/wp-json\/wp\/v2\/media?parent=3715"}],"wp:term":[{"taxonomy":"product_brand","embeddable":true,"href":"https:\/\/www.lotky.fi\/kauppa\/wp-json\/wp\/v2\/product_brand?post=3715"},{"taxonomy":"product_cat","embeddable":true,"href":"https:\/\/www.lotky.fi\/kauppa\/wp-json\/wp\/v2\/product_cat?post=3715"},{"taxonomy":"product_tag","embeddable":true,"href":"https:\/\/www.lotky.fi\/kauppa\/wp-json\/wp\/v2\/product_tag?post=3715"}],"curies":[{"name":"wp","href":"https:\/\/api.w.org\/{rel}","templated":true}]}}