{"id":369,"date":"2016-05-26T13:30:11","date_gmt":"2016-05-26T10:30:11","guid":{"rendered":"http:\/\/www.lotky.fi\/kauppa\/?post_type=product&#038;p=369"},"modified":"2026-04-30T14:55:33","modified_gmt":"2026-04-30T11:55:33","slug":"shell-rimula-r6-ms-10w-40-209l","status":"publish","type":"product","link":"https:\/\/www.lotky.fi\/kauppa\/tuote\/shell-rimula-r6-ms-10w-40-209l\/","title":{"rendered":"Shell Rimula R6 MS 10W-40, 209L"},"content":{"rendered":"<div>T\u00e4yssynteettinen Shell Rimula R6 MS -\u00f6ljy tarjoaa tehokkaan suojan, s\u00e4\u00e4st\u00f6\u00e4 huoltokustannuksiin pitkien \u00f6ljynvaihtov\u00e4lien, erinomaisen suojan noen aiheuttamalta kulumiselta, moottorin ja m\u00e4ntien puhtauden sek\u00e4 polttoaineen s\u00e4\u00e4st\u00f6n muodossa. Sopii useisiin Euro 4 ja 5 -moottoreihin sek\u00e4 Scania Euro 6 -moottoreihin. Sopii erityisesti kuorma-autoihin ja maantiekuljetuksiin nykyaikaisiin Mercedes-Benz ja MAN -moottoreihin. Ei suositella Caterpillar-moottoreihin. Useiden uusimpien matalap\u00e4\u00e4st\u00f6isten moottorien suojaksi suositellaan Shell Rimula R6 LM\/LME -\u00f6ljyj\u00e4.<\/div>\n<div><\/div>\n<div>\n<div>Spesifikaatiot, hyv\u00e4ksynn\u00e4t &amp; suositukset:<\/div>\n<div>SAE 10W-40 t\u00e4yssynteettinen<\/div>\n<div>ACEA E7, E4<\/div>\n<div>Deutz DQC IV-10<\/div>\n<div>IVECO T3 E4 (t\u00e4ytt\u00e4\u00e4 vaatimukset)<\/div>\n<div>MAN M3277<\/div>\n<div>MB-Approval 228.5<\/div>\n<div>MTU Category 3<\/div>\n<div>Renault trucks RXD<\/div>\n<div>Scania LDF-2 \/ LDF-3<\/div>\n<div>Volvo VDS-3<\/div>\n<\/div>\n","protected":false},"excerpt":{"rendered":"<p>T\u00e4yssynteettinen Shell Rimula R6 MS -\u00f6ljy tarjoaa tehokkaan suojan, s\u00e4\u00e4st\u00f6\u00e4 huoltokustannuksiin pitkien \u00f6ljynvaihtov\u00e4lien, erinomaisen suojan noen aiheuttamalta kulumiselta, moottorin ja m\u00e4ntien puhtauden sek\u00e4 polttoaineen s\u00e4\u00e4st\u00f6n muodossa. Sopii useisiin Euro 4 ja 5 -moottoreihin sek\u00e4 Scania Euro 6 -moottoreihin. Sopii erityisesti kuorma-autoihin ja maantiekuljetuksiin nykyaikaisiin Mercedes-Benz ja MAN -moottoreihin. Ei suositella Caterpillar-moottoreihin. Useiden uusimpien matalap\u00e4\u00e4st\u00f6isten moottorien [&hellip;]<\/p>\n","protected":false},"featured_media":347,"template":"","meta":[],"product_brand":[],"product_cat":[18],"product_tag":[],"class_list":{"0":"post-369","1":"product","2":"type-product","3":"status-publish","4":"has-post-thumbnail","6":"product_cat-moottorioljyt-raskas-kalusto","8":"first","9":"instock","10":"taxable","11":"shipping-taxable","12":"purchasable","13":"product-type-simple"},"_links":{"self":[{"href":"https:\/\/www.lotky.fi\/kauppa\/wp-json\/wp\/v2\/product\/369","targetHints":{"allow":["GET"]}}],"collection":[{"href":"https:\/\/www.lotky.fi\/kauppa\/wp-json\/wp\/v2\/product"}],"about":[{"href":"https:\/\/www.lotky.fi\/kauppa\/wp-json\/wp\/v2\/types\/product"}],"wp:featuredmedia":[{"embeddable":true,"href":"https:\/\/www.lotky.fi\/kauppa\/wp-json\/wp\/v2\/media\/347"}],"wp:attachment":[{"href":"https:\/\/www.lotky.fi\/kauppa\/wp-json\/wp\/v2\/media?parent=369"}],"wp:term":[{"taxonomy":"product_brand","embeddable":true,"href":"https:\/\/www.lotky.fi\/kauppa\/wp-json\/wp\/v2\/product_brand?post=369"},{"taxonomy":"product_cat","embeddable":true,"href":"https:\/\/www.lotky.fi\/kauppa\/wp-json\/wp\/v2\/product_cat?post=369"},{"taxonomy":"product_tag","embeddable":true,"href":"https:\/\/www.lotky.fi\/kauppa\/wp-json\/wp\/v2\/product_tag?post=369"}],"curies":[{"name":"wp","href":"https:\/\/api.w.org\/{rel}","templated":true}]}}