{"id":368,"date":"2016-05-26T13:13:40","date_gmt":"2016-05-26T10:13:40","guid":{"rendered":"http:\/\/www.lotky.fi\/kauppa\/?post_type=product&#038;p=368"},"modified":"2026-03-21T20:14:24","modified_gmt":"2026-03-21T18:14:24","slug":"shell-rimula-r6-lm-10w-40-209l","status":"publish","type":"product","link":"https:\/\/www.lotky.fi\/kauppa\/tuote\/shell-rimula-r6-lm-10w-40-209l\/","title":{"rendered":"Shell Rimula R6 LM 10W-40, 209L"},"content":{"rendered":"<p>Osasynteettinen Rimula R6 LM 10W-40 sopii k\u00e4ytett\u00e4v\u00e4ksi raskaan kaluston diesel- ja maakaasumoottoreissa. Synteettiset perus\u00f6ljyt yhdess\u00e4 lis\u00e4aineiden kanssa pident\u00e4v\u00e4t moottorin kestoik\u00e4\u00e4. Low-SAPS -teknologia auttaa ehk\u00e4sem\u00e4\u00e4n pakokaasuj\u00e4rjestelm\u00e4n suodattimien jaloukkujen tukkeutumista. Soveltuu useimpiin Euro 4, 5 ja 6 moottoreihin.<\/p>\n<p>Spesifikaatiot, hyv\u00e4ksynn\u00e4t &amp; suositukset:<\/p>\n<p>SAE 10W-40<br \/>\nACEA: E6, E7<br \/>\nAPI: CI-4, CH-4, CG-4, CF-4, CF<br \/>\nCaterpillar: ECF-1-A<br \/>\nCummins: CES 20077, 72, 71<br \/>\nDAF: Meets ACEA E6<br \/>\nDeutz: DQC IV-10 LA<br \/>\nIVECO: NG2 (Meets requirements)<br \/>\nJASO: DH-2<br \/>\nMACK: EO-N<br \/>\nMAN: 3477, 3271-1<br \/>\nMB Approval: 228.51, 226.9<br \/>\nMTU: Category 3.1<br \/>\nRenault Trucks: RLD-2<br \/>\nVolvo: VDS-3, CNG<\/p>\n","protected":false},"excerpt":{"rendered":"<p>Osasynteettinen Rimula R6 LM 10W-40 sopii k\u00e4ytett\u00e4v\u00e4ksi raskaan kaluston diesel- ja maakaasumoottoreissa. Synteettiset perus\u00f6ljyt yhdess\u00e4 lis\u00e4aineiden kanssa pident\u00e4v\u00e4t moottorin kestoik\u00e4\u00e4. Low-SAPS -teknologia auttaa ehk\u00e4sem\u00e4\u00e4n pakokaasuj\u00e4rjestelm\u00e4n suodattimien jaloukkujen tukkeutumista. Soveltuu useimpiin Euro 4, 5 ja 6 moottoreihin.<\/p>\n","protected":false},"featured_media":347,"template":"","meta":[],"product_brand":[],"product_cat":[18],"product_tag":[],"class_list":{"0":"post-368","1":"product","2":"type-product","3":"status-publish","4":"has-post-thumbnail","6":"product_cat-moottorioljyt-raskas-kalusto","8":"first","9":"instock","10":"taxable","11":"shipping-taxable","12":"purchasable","13":"product-type-simple"},"_links":{"self":[{"href":"https:\/\/www.lotky.fi\/kauppa\/wp-json\/wp\/v2\/product\/368","targetHints":{"allow":["GET"]}}],"collection":[{"href":"https:\/\/www.lotky.fi\/kauppa\/wp-json\/wp\/v2\/product"}],"about":[{"href":"https:\/\/www.lotky.fi\/kauppa\/wp-json\/wp\/v2\/types\/product"}],"wp:featuredmedia":[{"embeddable":true,"href":"https:\/\/www.lotky.fi\/kauppa\/wp-json\/wp\/v2\/media\/347"}],"wp:attachment":[{"href":"https:\/\/www.lotky.fi\/kauppa\/wp-json\/wp\/v2\/media?parent=368"}],"wp:term":[{"taxonomy":"product_brand","embeddable":true,"href":"https:\/\/www.lotky.fi\/kauppa\/wp-json\/wp\/v2\/product_brand?post=368"},{"taxonomy":"product_cat","embeddable":true,"href":"https:\/\/www.lotky.fi\/kauppa\/wp-json\/wp\/v2\/product_cat?post=368"},{"taxonomy":"product_tag","embeddable":true,"href":"https:\/\/www.lotky.fi\/kauppa\/wp-json\/wp\/v2\/product_tag?post=368"}],"curies":[{"name":"wp","href":"https:\/\/api.w.org\/{rel}","templated":true}]}}