{"id":366,"date":"2016-05-26T11:32:28","date_gmt":"2016-05-26T08:32:28","guid":{"rendered":"http:\/\/www.lotky.fi\/kauppa\/?post_type=product&#038;p=366"},"modified":"2026-03-21T20:15:01","modified_gmt":"2026-03-21T18:15:01","slug":"shell-rimula-r6-lme-5w-30-209l","status":"publish","type":"product","link":"https:\/\/www.lotky.fi\/kauppa\/tuote\/shell-rimula-r6-lme-5w-30-209l\/","title":{"rendered":"Shell Rimula R6 LME 5W-30, 209L"},"content":{"rendered":"<p>T\u00e4yssynteettinen Rimula R6 LME 5W-30 sopii erityisesti Euro 4, 5 ja 6 -moottoreihin. Shell Low-SAPS -lis\u00e4aineteknologiaa vahvistaa uudenlainen kulumisenestoj\u00e4rjestelm\u00e4. Synteettiset perus\u00f6ljyt yhdess\u00e4 lis\u00e4aineiden kanssa tehostavat suojaa ja tarjoavat polttoaineen s\u00e4\u00e4st\u00f6\u00e4 kest\u00e4vyydest\u00e4 tinkim\u00e4tt\u00e4.<\/p>\n<div>Spesifikaatiot, hyv\u00e4ksynn\u00e4t &amp; suositukset:<\/div>\n<div>SAE 5W-30<\/div>\n<div>ACEA E6, E7<\/div>\n<div>Cummins CES 20077<\/div>\n<div>Deutz DQC IV-10 LA<\/div>\n<div>IVECO TLS E6 (t\u00e4ytt\u00e4\u00e4 vaatimukset)<\/div>\n<div>MACK EO-N<\/div>\n<div>MAN 3477, 3677<\/div>\n<div>MB-Approval 228.51<\/div>\n<div>Renault Trucks RLD-2<\/div>\n<div>Volvo VDS-3<\/div>\n<div>Scania Low Ash<\/div>\n","protected":false},"excerpt":{"rendered":"<p>T\u00e4yssynteettinen Rimula R6 LME 5W-30 sopii erityisesti Euro 4, 5 ja 6 -moottoreihin. Shell Low-SAPS -lis\u00e4aineteknologiaa vahvistaa uudenlainen kulumisenestoj\u00e4rjestelm\u00e4. Synteettiset perus\u00f6ljyt yhdess\u00e4 lis\u00e4aineiden kanssa tehostavat suojaa ja tarjoavat polttoaineen s\u00e4\u00e4st\u00f6\u00e4 kest\u00e4vyydest\u00e4 tinkim\u00e4tt\u00e4.<\/p>\n","protected":false},"featured_media":347,"template":"","meta":[],"product_brand":[],"product_cat":[18],"product_tag":[],"class_list":{"0":"post-366","1":"product","2":"type-product","3":"status-publish","4":"has-post-thumbnail","6":"product_cat-moottorioljyt-raskas-kalusto","8":"first","9":"instock","10":"taxable","11":"shipping-taxable","12":"purchasable","13":"product-type-simple"},"_links":{"self":[{"href":"https:\/\/www.lotky.fi\/kauppa\/wp-json\/wp\/v2\/product\/366","targetHints":{"allow":["GET"]}}],"collection":[{"href":"https:\/\/www.lotky.fi\/kauppa\/wp-json\/wp\/v2\/product"}],"about":[{"href":"https:\/\/www.lotky.fi\/kauppa\/wp-json\/wp\/v2\/types\/product"}],"wp:featuredmedia":[{"embeddable":true,"href":"https:\/\/www.lotky.fi\/kauppa\/wp-json\/wp\/v2\/media\/347"}],"wp:attachment":[{"href":"https:\/\/www.lotky.fi\/kauppa\/wp-json\/wp\/v2\/media?parent=366"}],"wp:term":[{"taxonomy":"product_brand","embeddable":true,"href":"https:\/\/www.lotky.fi\/kauppa\/wp-json\/wp\/v2\/product_brand?post=366"},{"taxonomy":"product_cat","embeddable":true,"href":"https:\/\/www.lotky.fi\/kauppa\/wp-json\/wp\/v2\/product_cat?post=366"},{"taxonomy":"product_tag","embeddable":true,"href":"https:\/\/www.lotky.fi\/kauppa\/wp-json\/wp\/v2\/product_tag?post=366"}],"curies":[{"name":"wp","href":"https:\/\/api.w.org\/{rel}","templated":true}]}}