{"id":365,"date":"2016-05-26T11:15:28","date_gmt":"2016-05-26T08:15:28","guid":{"rendered":"http:\/\/www.lotky.fi\/kauppa\/?post_type=product&#038;p=365"},"modified":"2026-03-21T20:15:27","modified_gmt":"2026-03-21T18:15:27","slug":"shell-rimula-r4-l-15w-40-209l","status":"publish","type":"product","link":"https:\/\/www.lotky.fi\/kauppa\/tuote\/shell-rimula-r4-l-15w-40-209l\/","title":{"rendered":"Shell Rimula R4 L 15W-40, 209L"},"content":{"rendered":"<div>\n<p>Low-SAPS -lis\u00e4aineteknologialla varustettu moottori\u00f6ljy joka suojaa raskaimmissakin k\u00e4ytt\u00f6olosuhteissa nykyaikaisissa matalap\u00e4\u00e4st\u00f6isiss\u00e4 moottoreissa. Useiden moottorivalmistajien suosittelema, sopii niin uusiin matalap\u00e4\u00e4st\u00f6isiin moottoreihin kuin vanhempiinkin. Suojaa katalysaattoreita ja partikkelisuodattimia \/ hiukkasloukkuja.<\/p>\n<p>Suorituskyky: SAE 15W-40<\/p>\n<\/div>\n<div>ACEA: E9, E7<br \/>\nAPI: CJ-4, CI-4+, CI-4, CH-4, CG-4, CF-4, CF.<br \/>\nCaterpillar : ECF-2, ECF-3<\/div>\n<div>Cummins: CES 20081, 77, 72, 71<\/div>\n<div>DDC: 93K218<\/div>\n<div>Deutz: DQC III-05<\/div>\n<div>MACK: EO-O Premium Plus<\/div>\n<div>MAN: M3275<\/div>\n<div>MB-hyv\u00e4ksynt\u00e4: 228.31<\/div>\n<div>MTU: Luokka 2<\/div>\n<div>Renault Trucks: RLD-3<\/div>\n<div>Scania LDF-LA<\/div>\n<div>JASO DH-2<\/div>\n<div>IVECO T2 E7 (t\u00e4ytt\u00e4\u00e4 vaatimukset)<\/div>\n<div>Volvo: VDS-4, VDS-3<\/div>\n<div>API: CJ-4, CI-4+, CI-4, CH-4, CG-4, CF-4, CF.<\/div>\n<div><\/div>\n","protected":false},"excerpt":{"rendered":"<p>Low-SAPS -lis\u00e4aineteknologialla varustettu moottori\u00f6ljy joka suojaa raskaimmissakin k\u00e4ytt\u00f6olosuhteissa nykyaikaisissa matalap\u00e4\u00e4st\u00f6isiss\u00e4 moottoreissa. Useiden moottorivalmistajien suosittelema, sopii niin uusiin matalap\u00e4\u00e4st\u00f6isiin moottoreihin kuin vanhempiinkin. Suojaa katalysaattoreita ja partikkelisuodattimia \/ hiukkasloukkuja.<\/p>\n","protected":false},"featured_media":347,"template":"","meta":[],"product_brand":[],"product_cat":[18],"product_tag":[74,73,116],"class_list":{"0":"post-365","1":"product","2":"type-product","3":"status-publish","4":"has-post-thumbnail","6":"product_cat-moottorioljyt-raskas-kalusto","7":"product_tag-dpf","8":"product_tag-egr","9":"product_tag-hiukkasloukku","11":"first","12":"instock","13":"taxable","14":"shipping-taxable","15":"purchasable","16":"product-type-simple"},"_links":{"self":[{"href":"https:\/\/www.lotky.fi\/kauppa\/wp-json\/wp\/v2\/product\/365","targetHints":{"allow":["GET"]}}],"collection":[{"href":"https:\/\/www.lotky.fi\/kauppa\/wp-json\/wp\/v2\/product"}],"about":[{"href":"https:\/\/www.lotky.fi\/kauppa\/wp-json\/wp\/v2\/types\/product"}],"wp:featuredmedia":[{"embeddable":true,"href":"https:\/\/www.lotky.fi\/kauppa\/wp-json\/wp\/v2\/media\/347"}],"wp:attachment":[{"href":"https:\/\/www.lotky.fi\/kauppa\/wp-json\/wp\/v2\/media?parent=365"}],"wp:term":[{"taxonomy":"product_brand","embeddable":true,"href":"https:\/\/www.lotky.fi\/kauppa\/wp-json\/wp\/v2\/product_brand?post=365"},{"taxonomy":"product_cat","embeddable":true,"href":"https:\/\/www.lotky.fi\/kauppa\/wp-json\/wp\/v2\/product_cat?post=365"},{"taxonomy":"product_tag","embeddable":true,"href":"https:\/\/www.lotky.fi\/kauppa\/wp-json\/wp\/v2\/product_tag?post=365"}],"curies":[{"name":"wp","href":"https:\/\/api.w.org\/{rel}","templated":true}]}}