{"id":3641,"date":"2025-01-27T09:13:19","date_gmt":"2025-01-27T07:13:19","guid":{"rendered":"https:\/\/www.lotky.fi\/kauppa\/?post_type=product&#038;p=3641"},"modified":"2025-07-22T12:45:40","modified_gmt":"2025-07-22T09:45:40","slug":"jaahdytinneste-hd-oem-oranssi-100-210l","status":"publish","type":"product","link":"https:\/\/www.lotky.fi\/kauppa\/tuote\/jaahdytinneste-hd-oem-oranssi-100-210l\/","title":{"rendered":"J\u00e4\u00e4hdytinneste HD OEM Oranssi 100%, VOLVO VCS-2. 210L"},"content":{"rendered":"<p>J\u00e4\u00e4hdytinneste HD OEM Orange on korkealaatuinen pitk\u00e4ik\u00e4inen j\u00e4\u00e4hdytinneste. T\u00e4m\u00e4 j\u00e4\u00e4hdytinneste on erityisesti suunniteltu kest\u00e4m\u00e4\u00e4n \u00e4\u00e4rimm\u00e4iset moottoriolosuhteet sek\u00e4 henkil\u00f6autoissa ett\u00e4 raskaassa kalustossa. Suojaa korroosiolta, j\u00e4\u00e4tymiselt\u00e4, kiehumiselta ja est\u00e4\u00e4 kavitaation syntymisen.<br \/>\nJ\u00e4\u00e4hdytinneste HD OEM Orange on yhteensopiva useimpien muiden etyleeniglykolipohjaisten j\u00e4\u00e4hdytysnesteiden kanssa.<\/p>\n<p><strong>Ominaisuudet<\/strong><br \/>\nJ\u00e4\u00e4hdytinneste HD OEM Orange koostuu monoetyleeniglykolista ja inhibiittoripaketista joka perustuu OAT-tekniikkaan. Tarjoaa erinomaisen korroosiosuojan useimmille metalleille mukaan lukien alumiinin. Ei sis\u00e4ll\u00e4 nitriittej\u00e4, boraattia tai 2-EHA:ta. Etyleenij\u00e4\u00e4hdytinneste on myrkyllist\u00e4 ja sit\u00e4 ei saa nauttia. Tuote on biohajoava ja pienet m\u00e4\u00e4r\u00e4t ei aiheuta h\u00e4iri\u00f6it\u00e4<br \/>\npuhdistuslaitoksen hajoamisvaiheissa.<\/p>\n<p><strong>M\u00e4\u00e4ritelm\u00e4t<\/strong><br \/>\nT\u00e4ytt\u00e4\u00e4, noudattaa ja suositellaan mm seuraaville ajoneuvoille\/m\u00e4\u00e4ritelmille:<br \/>\nClaas, DAF, Jaguar STJLR.03.5212, Land Rover.03.5212, Renault Trucks VCS-2,<br \/>\nPerkins, Voith, Volvo Bussar VCS-2, Volvo Construction VCS-2, Volvo Penta<br \/>\nVCS-2,Volvo Lastvagnar VCS-2. Case New Holland MAT 3624. T\u00e4ytt\u00e4\u00e4 mm.<br \/>\nseuraavat standardit: ASTM D3306-20, ASTM D 6210-17, JIS K2234-2018.<br \/>\nKomatsu.<\/p>\n","protected":false},"excerpt":{"rendered":"<p>J\u00e4\u00e4hdytinneste HD OEM Orange on korkealaatuinen pitk\u00e4ik\u00e4inen j\u00e4\u00e4hdytinneste. T\u00e4m\u00e4 j\u00e4\u00e4hdytinneste on erityisesti suunniteltu kest\u00e4m\u00e4\u00e4n \u00e4\u00e4rimm\u00e4iset moottoriolosuhteet sek\u00e4 henkil\u00f6autoissa ett\u00e4 raskaassa kalustossa. Suojaa korroosiolta, j\u00e4\u00e4tymiselt\u00e4, kiehumiselta ja est\u00e4\u00e4 kavitaation syntymisen. J\u00e4\u00e4hdytinneste HD OEM Orange on yhteensopiva useimpien muiden etyleeniglykolipohjaisten j\u00e4\u00e4hdytysnesteiden kanssa. Prosentti L\u00e4mp\u00f6tila 50 % j\u00e4\u00e4hdytinnestett\u00e4 -40 \u00b0C 40 % j\u00e4\u00e4hdytinnestett\u00e4 -27 \u00b0C 33 % j\u00e4\u00e4hdytinnestett\u00e4 [&hellip;]<\/p>\n","protected":false},"featured_media":476,"template":"","meta":[],"product_brand":[],"product_cat":[34],"product_tag":[],"class_list":{"0":"post-3641","1":"product","2":"type-product","3":"status-publish","4":"has-post-thumbnail","6":"product_cat-nesteet-ja-kemikaalit","8":"first","9":"instock","10":"taxable","11":"shipping-taxable","12":"purchasable","13":"product-type-simple"},"_links":{"self":[{"href":"https:\/\/www.lotky.fi\/kauppa\/wp-json\/wp\/v2\/product\/3641","targetHints":{"allow":["GET"]}}],"collection":[{"href":"https:\/\/www.lotky.fi\/kauppa\/wp-json\/wp\/v2\/product"}],"about":[{"href":"https:\/\/www.lotky.fi\/kauppa\/wp-json\/wp\/v2\/types\/product"}],"wp:featuredmedia":[{"embeddable":true,"href":"https:\/\/www.lotky.fi\/kauppa\/wp-json\/wp\/v2\/media\/476"}],"wp:attachment":[{"href":"https:\/\/www.lotky.fi\/kauppa\/wp-json\/wp\/v2\/media?parent=3641"}],"wp:term":[{"taxonomy":"product_brand","embeddable":true,"href":"https:\/\/www.lotky.fi\/kauppa\/wp-json\/wp\/v2\/product_brand?post=3641"},{"taxonomy":"product_cat","embeddable":true,"href":"https:\/\/www.lotky.fi\/kauppa\/wp-json\/wp\/v2\/product_cat?post=3641"},{"taxonomy":"product_tag","embeddable":true,"href":"https:\/\/www.lotky.fi\/kauppa\/wp-json\/wp\/v2\/product_tag?post=3641"}],"curies":[{"name":"wp","href":"https:\/\/api.w.org\/{rel}","templated":true}]}}