{"id":3623,"date":"2025-01-20T10:17:40","date_gmt":"2025-01-20T08:17:40","guid":{"rendered":"https:\/\/www.lotky.fi\/kauppa\/?post_type=product&#038;p=3623"},"modified":"2026-03-05T14:37:51","modified_gmt":"2026-03-05T12:37:51","slug":"77-lubricants-hydraulic-oil-hv-46-1000l","status":"publish","type":"product","link":"https:\/\/www.lotky.fi\/kauppa\/tuote\/77-lubricants-hydraulic-oil-hv-46-1000l\/","title":{"rendered":"77 Lubricants Hydraulic Oil HV 46, 1000L"},"content":{"rendered":"<p>77 Lubricants Hydraulic Oil HV 46 on yleinen, eritt\u00e4in suorituskykyinen HVI-hydrauli\u00f6ljy k\u00e4ytett\u00e4v\u00e4ksi raskaiden ajoneuvojen hydraulij\u00e4rjestelmiin ja kevyt ajoneuvojen vaihteistolaatikoihin, laakereihin sek\u00e4 yleiseen voiteluun. Ei sovellu turbiineihin. Perustuu korkealaatuiseen, puhdistettuun mineraaliperus\u00f6ljypohjaan yhdess\u00e4 EP-lis\u00e4aineistuksen kanssa.<\/p>\n<p>Luokitukset: ISO VG 46<\/p>\n<p>Viskositeetti-indeksi: 164 (ASTM D2270)<br \/>\nJ\u00e4hmepiste: -42 \u00b0C (ASTM D7346)<br \/>\nISO 11158 HV<br \/>\nDIN 51524 part 3 HVLP<br \/>\nAFNOR NF E-48-603<br \/>\nEaton Vickers M-2950-S\/I-386<br \/>\nSauer Danfoss 520L0463<\/p>\n","protected":false},"excerpt":{"rendered":"<p>77 Lubricants Hydraulic Oil HV 46 on yleinen, eritt\u00e4in suorituskykyinen HVI-hydrauli\u00f6ljy k\u00e4ytett\u00e4v\u00e4ksi raskaiden ajoneuvojen hydraulij\u00e4rjestelmiin ja kevyt ajoneuvojen vaihteistolaatikoihin, laakereihin sek\u00e4 yleiseen voiteluun. Ei sovellu turbiineihin. Perustuu korkealaatuiseen, puhdistettuun mineraaliperus\u00f6ljypohjaan yhdess\u00e4 EP-lis\u00e4aineistuksen kanssa.<\/p>\n","protected":false},"featured_media":432,"template":"","meta":[],"product_brand":[],"product_cat":[6],"product_tag":[],"class_list":{"0":"post-3623","1":"product","2":"type-product","3":"status-publish","4":"has-post-thumbnail","6":"product_cat-hydrauliikkaoljyt","8":"first","9":"instock","10":"taxable","11":"shipping-taxable","12":"purchasable","13":"product-type-simple"},"_links":{"self":[{"href":"https:\/\/www.lotky.fi\/kauppa\/wp-json\/wp\/v2\/product\/3623","targetHints":{"allow":["GET"]}}],"collection":[{"href":"https:\/\/www.lotky.fi\/kauppa\/wp-json\/wp\/v2\/product"}],"about":[{"href":"https:\/\/www.lotky.fi\/kauppa\/wp-json\/wp\/v2\/types\/product"}],"wp:featuredmedia":[{"embeddable":true,"href":"https:\/\/www.lotky.fi\/kauppa\/wp-json\/wp\/v2\/media\/432"}],"wp:attachment":[{"href":"https:\/\/www.lotky.fi\/kauppa\/wp-json\/wp\/v2\/media?parent=3623"}],"wp:term":[{"taxonomy":"product_brand","embeddable":true,"href":"https:\/\/www.lotky.fi\/kauppa\/wp-json\/wp\/v2\/product_brand?post=3623"},{"taxonomy":"product_cat","embeddable":true,"href":"https:\/\/www.lotky.fi\/kauppa\/wp-json\/wp\/v2\/product_cat?post=3623"},{"taxonomy":"product_tag","embeddable":true,"href":"https:\/\/www.lotky.fi\/kauppa\/wp-json\/wp\/v2\/product_tag?post=3623"}],"curies":[{"name":"wp","href":"https:\/\/api.w.org\/{rel}","templated":true}]}}