{"id":3603,"date":"2025-01-09T11:52:23","date_gmt":"2025-01-09T09:52:23","guid":{"rendered":"https:\/\/www.lotky.fi\/kauppa\/?post_type=product&#038;p=3603"},"modified":"2026-01-30T09:02:15","modified_gmt":"2026-01-30T07:02:15","slug":"valvoline-multipurpose-moly-2-180-kg","status":"publish","type":"product","link":"https:\/\/www.lotky.fi\/kauppa\/tuote\/valvoline-multipurpose-moly-2-180-kg\/","title":{"rendered":"Valvoline Multipurpose Moly 2, 180 kg"},"content":{"rendered":"<p>Valvoline Multipurpose Moly 2 on erinomaista suorituskyky\u00e4 tarjoava litiumrasva, johon on lis\u00e4tty molybdeenidisulfidia parantamaan raskaiden kuormien kestoa. Tuote suojaa ruosteelta ja korroosiolta, ja sen hapettumisen kesto on hyv\u00e4. Hyv\u00e4 mekaaninen kest\u00e4vyys ja huipputehokas kitkan v\u00e4hennys auttavat suojaamaan liukuvia tai t\u00e4rin\u00e4lle altistuvia osia, jotka ovat kontaktissa muiden metallipintojen kanssa. Ominaisuudet: Kest\u00e4\u00e4 eritt\u00e4in suurta painetta. Vedenkest\u00e4v\u00e4, Kest\u00e4\u00e4 iskumaista kuormistusta, suojaa korroosiolta, K\u00e4ytt\u00f6kohteet: Jousituksen nivelet, ohjausvivuston nivelet, k\u00e4\u00e4nt\u00f6p\u00f6yd\u00e4t, hitaat laakerit, avoimet hammaspy\u00f6r\u00e4t ja kosteissa olosuhteissa toimivat koneet. Erilaiset rakennusalan, maatalouden, merenkulkualan, teollisuuden ja kaivosalan k\u00e4ytt\u00f6tarkoitukset.<\/p>\n<p>V\u00e4ri: Harmaa\/Musta<\/p>\n","protected":false},"excerpt":{"rendered":"<p>Valvoline Multipurpose Moly 2 on erinomaista suorituskyky\u00e4 tarjoava litiumrasva, johon on lis\u00e4tty molybdeenidisulfidia parantamaan raskaiden kuormien kestoa. Tuote suojaa ruosteelta ja korroosiolta, ja sen hapettumisen kesto on hyv\u00e4. Hyv\u00e4 mekaaninen kest\u00e4vyys ja huipputehokas kitkan v\u00e4hennys auttavat suojaamaan liukuvia tai t\u00e4rin\u00e4lle altistuvia osia, jotka ovat kontaktissa muiden metallipintojen kanssa. Ominaisuudet: Kest\u00e4\u00e4 eritt\u00e4in suurta painetta. Vedenkest\u00e4v\u00e4, Kest\u00e4\u00e4 [&hellip;]<\/p>\n","protected":false},"featured_media":472,"template":"","meta":[],"product_brand":[],"product_cat":[19],"product_tag":[],"class_list":{"0":"post-3603","1":"product","2":"type-product","3":"status-publish","4":"has-post-thumbnail","6":"product_cat-rasvat","8":"first","9":"instock","10":"taxable","11":"shipping-taxable","12":"purchasable","13":"product-type-simple"},"_links":{"self":[{"href":"https:\/\/www.lotky.fi\/kauppa\/wp-json\/wp\/v2\/product\/3603","targetHints":{"allow":["GET"]}}],"collection":[{"href":"https:\/\/www.lotky.fi\/kauppa\/wp-json\/wp\/v2\/product"}],"about":[{"href":"https:\/\/www.lotky.fi\/kauppa\/wp-json\/wp\/v2\/types\/product"}],"wp:featuredmedia":[{"embeddable":true,"href":"https:\/\/www.lotky.fi\/kauppa\/wp-json\/wp\/v2\/media\/472"}],"wp:attachment":[{"href":"https:\/\/www.lotky.fi\/kauppa\/wp-json\/wp\/v2\/media?parent=3603"}],"wp:term":[{"taxonomy":"product_brand","embeddable":true,"href":"https:\/\/www.lotky.fi\/kauppa\/wp-json\/wp\/v2\/product_brand?post=3603"},{"taxonomy":"product_cat","embeddable":true,"href":"https:\/\/www.lotky.fi\/kauppa\/wp-json\/wp\/v2\/product_cat?post=3603"},{"taxonomy":"product_tag","embeddable":true,"href":"https:\/\/www.lotky.fi\/kauppa\/wp-json\/wp\/v2\/product_tag?post=3603"}],"curies":[{"name":"wp","href":"https:\/\/api.w.org\/{rel}","templated":true}]}}