{"id":3390,"date":"2024-09-12T10:35:29","date_gmt":"2024-09-12T07:35:29","guid":{"rendered":"https:\/\/www.lotky.fi\/kauppa\/?post_type=product&#038;p=3390"},"modified":"2026-04-02T15:20:49","modified_gmt":"2026-04-02T12:20:49","slug":"valvoline-hydraulic-hvlp-15-208l","status":"publish","type":"product","link":"https:\/\/www.lotky.fi\/kauppa\/tuote\/valvoline-hydraulic-hvlp-15-208l\/","title":{"rendered":"Valvoline Hydraulic HVLP 15, 208L"},"content":{"rendered":"<p>Valvoline Hydraulic HVLP 15 on kylmiin olosuhteisiin soveltuva hydrauliikka\u00f6ljy. K\u00e4ytt\u00f6kohteina takalaitanostimet, kurottajat, hydraulinostimet ja laivojen ohjausj\u00e4rjestelm\u00e4t.<\/p>\n<p>Luokitukset:<\/p>\n<p>ISO VG 15<br \/>\nISO 11158<br \/>\nDIN 51524 part 3<br \/>\nHVLP<\/p>\n","protected":false},"excerpt":{"rendered":"<p>Valvoline Hydraulic HVLP 15 on kylmiin olosuhteisiin soveltuva hydrauliikka\u00f6ljy. K\u00e4ytt\u00f6kohteina takalaitanostimet, kurottajat, hydraulinostimet ja laivojen ohjausj\u00e4rjestelm\u00e4t.<\/p>\n","protected":false},"featured_media":472,"template":"","meta":[],"product_brand":[],"product_cat":[6],"product_tag":[],"class_list":{"0":"post-3390","1":"product","2":"type-product","3":"status-publish","4":"has-post-thumbnail","6":"product_cat-hydrauliikkaoljyt","8":"first","9":"instock","10":"taxable","11":"shipping-taxable","12":"purchasable","13":"product-type-simple"},"_links":{"self":[{"href":"https:\/\/www.lotky.fi\/kauppa\/wp-json\/wp\/v2\/product\/3390","targetHints":{"allow":["GET"]}}],"collection":[{"href":"https:\/\/www.lotky.fi\/kauppa\/wp-json\/wp\/v2\/product"}],"about":[{"href":"https:\/\/www.lotky.fi\/kauppa\/wp-json\/wp\/v2\/types\/product"}],"wp:featuredmedia":[{"embeddable":true,"href":"https:\/\/www.lotky.fi\/kauppa\/wp-json\/wp\/v2\/media\/472"}],"wp:attachment":[{"href":"https:\/\/www.lotky.fi\/kauppa\/wp-json\/wp\/v2\/media?parent=3390"}],"wp:term":[{"taxonomy":"product_brand","embeddable":true,"href":"https:\/\/www.lotky.fi\/kauppa\/wp-json\/wp\/v2\/product_brand?post=3390"},{"taxonomy":"product_cat","embeddable":true,"href":"https:\/\/www.lotky.fi\/kauppa\/wp-json\/wp\/v2\/product_cat?post=3390"},{"taxonomy":"product_tag","embeddable":true,"href":"https:\/\/www.lotky.fi\/kauppa\/wp-json\/wp\/v2\/product_tag?post=3390"}],"curies":[{"name":"wp","href":"https:\/\/api.w.org\/{rel}","templated":true}]}}