{"id":3389,"date":"2024-09-12T10:34:03","date_gmt":"2024-09-12T07:34:03","guid":{"rendered":"https:\/\/www.lotky.fi\/kauppa\/?post_type=product&#038;p=3389"},"modified":"2026-04-02T15:20:28","modified_gmt":"2026-04-02T12:20:28","slug":"valvoline-hydraulic-hvlp-68-208l","status":"publish","type":"product","link":"https:\/\/www.lotky.fi\/kauppa\/tuote\/valvoline-hydraulic-hvlp-68-208l\/","title":{"rendered":"Valvoline Hydraulic HVLP 68, 208L"},"content":{"rendered":"<p>Valvoline Hydraulic HVLP 68 hydrauliikka\u00f6ljy\u00e4 k\u00e4ytet\u00e4\u00e4n sis\u00e4- ja ulkotiloissa vaativissa ja vaihtelevissa olosuhteissa. Korkea viskositeetti-indeksi, s\u00e4ilytt\u00e4\u00e4 ominaisuutensa eritt\u00e4in vaihtelevissa l\u00e4mp\u00f6tiloissa. Erinomainen kylm\u00e4juoksevuus. Lis\u00e4aineistus ehk\u00e4isee korroosiota, kulumista, \u00f6ljyn hapettumista ja vaahtoamista.<\/p>\n<p>Luokitukset:<\/p>\n<p>ISO VG 68<br \/>\nDIN 51524 part 3<br \/>\nHVLP<\/p>\n","protected":false},"excerpt":{"rendered":"<p>Valvoline Hydraulic HVLP 68 hydrauliikka\u00f6ljy\u00e4 k\u00e4ytet\u00e4\u00e4n sis\u00e4- ja ulkotiloissa vaativissa ja vaihtelevissa olosuhteissa. Korkea viskositeetti-indeksi, s\u00e4ilytt\u00e4\u00e4 ominaisuutensa eritt\u00e4in vaihtelevissa l\u00e4mp\u00f6tiloissa. Erinomainen kylm\u00e4juoksevuus. Lis\u00e4aineistus ehk\u00e4isee korroosiota, kulumista, \u00f6ljyn hapettumista ja vaahtoamista.<\/p>\n","protected":false},"featured_media":472,"template":"","meta":[],"product_brand":[],"product_cat":[6],"product_tag":[],"class_list":{"0":"post-3389","1":"product","2":"type-product","3":"status-publish","4":"has-post-thumbnail","6":"product_cat-hydrauliikkaoljyt","8":"first","9":"instock","10":"taxable","11":"shipping-taxable","12":"purchasable","13":"product-type-simple"},"_links":{"self":[{"href":"https:\/\/www.lotky.fi\/kauppa\/wp-json\/wp\/v2\/product\/3389","targetHints":{"allow":["GET"]}}],"collection":[{"href":"https:\/\/www.lotky.fi\/kauppa\/wp-json\/wp\/v2\/product"}],"about":[{"href":"https:\/\/www.lotky.fi\/kauppa\/wp-json\/wp\/v2\/types\/product"}],"wp:featuredmedia":[{"embeddable":true,"href":"https:\/\/www.lotky.fi\/kauppa\/wp-json\/wp\/v2\/media\/472"}],"wp:attachment":[{"href":"https:\/\/www.lotky.fi\/kauppa\/wp-json\/wp\/v2\/media?parent=3389"}],"wp:term":[{"taxonomy":"product_brand","embeddable":true,"href":"https:\/\/www.lotky.fi\/kauppa\/wp-json\/wp\/v2\/product_brand?post=3389"},{"taxonomy":"product_cat","embeddable":true,"href":"https:\/\/www.lotky.fi\/kauppa\/wp-json\/wp\/v2\/product_cat?post=3389"},{"taxonomy":"product_tag","embeddable":true,"href":"https:\/\/www.lotky.fi\/kauppa\/wp-json\/wp\/v2\/product_tag?post=3389"}],"curies":[{"name":"wp","href":"https:\/\/api.w.org\/{rel}","templated":true}]}}