{"id":33,"date":"2016-03-13T15:58:18","date_gmt":"2016-03-13T13:58:18","guid":{"rendered":"http:\/\/www.lotky.fi\/kauppa\/tuote\/neste-hydrauli-32-46-20l\/"},"modified":"2026-03-31T10:52:06","modified_gmt":"2026-03-31T07:52:06","slug":"neste-hydrauli-32-46-20l","status":"publish","type":"product","link":"https:\/\/www.lotky.fi\/kauppa\/tuote\/neste-hydrauli-32-46-20l\/","title":{"rendered":"Neste Turbo LXE 10W-40, 200L, Kampanja 23.4.2026 ASTI"},"content":{"rendered":"<p>Raskaan kaluston ammattilaisille kehitetyn Neste Turbo LXE 10w-40 moottori\u00f6ljyn k\u00e4ytt\u00f6kohteita ovat kuorma- ja linja-autojen dieselmoottorit, ty\u00f6koneiden dieselmoottorit sek\u00e4 henkil\u00f6- ja pakettiautojen bensiini- ja dieselmoottorit. API CI-4 ja ACEA E7 -luokitusten ansiosta Turbo LXE 10w-40 t\u00e4ytt\u00e4\u00e4 entist\u00e4 paremmin Euro 3, Euro 4 ja EGR -moottorien \u00f6ljyvaatimukset. \u00d6ljy pit\u00e4\u00e4 moottorin puhtaana, suojaa kulumiselta ja pit\u00e4\u00e4 \u00f6ljynkulutuksen pienen\u00e4. Turbo LXE 10w-40 sopii l\u00e4hes kaiken merkkisiin raskaan kaluston autoihin ja ty\u00f6koneisiin. T\u00e4m\u00e4n voit todeta tarkistamalla ohjekirjasta moottorin \u00f6ljyvaatimuksen ja vertaamalla sit\u00e4 Turbo LXE:n luokituksiin. Moottorin valmistajalta saat tarkemmat ohjeet vaihtov\u00e4liksi. Synteettisess\u00e4 Neste Turbo LXE 10W-40:ss\u00e4 on hyv\u00e4t voiteluominaisuudet sek\u00e4 talvella ett\u00e4 kes\u00e4ll\u00e4. Laajan viskositeettialueensa ansiosta tuotetta voidaan k\u00e4ytt\u00e4\u00e4 kylm\u00e4ss\u00e4 ilmastossa ymp\u00e4ri vuoden ja v\u00e4ltt\u00e4\u00e4 n\u00e4in talvi- ja kes\u00e4\u00f6ljyjen vaihdot.<\/p>\n<p>Luokitukset: SAE 10W-40, synteettinen.<\/p>\n<p>API CI-4\/SL, CH-4, CG-4, CF-4<br \/>\nACEA E7, E5, E3<br \/>\nMB 228.3<br \/>\nVolvo VDS-3, Volvo VDS-2<br \/>\nMAN M 3275, Mack EO-N, EO-M Plus, Cummins CES 20,071\/-2\/-6\/-7\/-8<br \/>\nRenault RVI RLD, RLD-2<br \/>\nGlobal DHD-1<br \/>\nCaterpillar ECF-2, ECF-1-a<br \/>\nMTU Type 2<br \/>\nDeutz DQC III-10<\/p>\n","protected":false},"excerpt":{"rendered":"<p>Raskaan kaluston ammattilaisille kehitetyn Neste Turbo LXE 10w-40 moottori\u00f6ljyn k\u00e4ytt\u00f6kohteita ovat kuorma- ja linja-autojen dieselmoottorit, ty\u00f6koneiden dieselmoottorit sek\u00e4 henkil\u00f6- ja pakettiautojen bensiini- ja dieselmoottorit. Synteettisess\u00e4 Neste Turbo LXE 10W-40:ss\u00e4 on hyv\u00e4t voiteluominaisuudet sek\u00e4 talvella ett\u00e4 kes\u00e4ll\u00e4.<\/p>\n","protected":false},"featured_media":1598,"template":"","meta":[],"product_brand":[],"product_cat":[18],"product_tag":[],"class_list":{"0":"post-33","1":"product","2":"type-product","3":"status-publish","4":"has-post-thumbnail","6":"product_cat-moottorioljyt-raskas-kalusto","8":"first","9":"instock","10":"sale","11":"taxable","12":"shipping-taxable","13":"purchasable","14":"product-type-simple"},"_links":{"self":[{"href":"https:\/\/www.lotky.fi\/kauppa\/wp-json\/wp\/v2\/product\/33","targetHints":{"allow":["GET"]}}],"collection":[{"href":"https:\/\/www.lotky.fi\/kauppa\/wp-json\/wp\/v2\/product"}],"about":[{"href":"https:\/\/www.lotky.fi\/kauppa\/wp-json\/wp\/v2\/types\/product"}],"wp:featuredmedia":[{"embeddable":true,"href":"https:\/\/www.lotky.fi\/kauppa\/wp-json\/wp\/v2\/media\/1598"}],"wp:attachment":[{"href":"https:\/\/www.lotky.fi\/kauppa\/wp-json\/wp\/v2\/media?parent=33"}],"wp:term":[{"taxonomy":"product_brand","embeddable":true,"href":"https:\/\/www.lotky.fi\/kauppa\/wp-json\/wp\/v2\/product_brand?post=33"},{"taxonomy":"product_cat","embeddable":true,"href":"https:\/\/www.lotky.fi\/kauppa\/wp-json\/wp\/v2\/product_cat?post=33"},{"taxonomy":"product_tag","embeddable":true,"href":"https:\/\/www.lotky.fi\/kauppa\/wp-json\/wp\/v2\/product_tag?post=33"}],"curies":[{"name":"wp","href":"https:\/\/api.w.org\/{rel}","templated":true}]}}