{"id":325,"date":"2016-05-23T16:16:37","date_gmt":"2016-05-23T13:16:37","guid":{"rendered":"http:\/\/www.lotky.fi\/kauppa\/?post_type=product&#038;p=325"},"modified":"2026-03-31T10:30:08","modified_gmt":"2026-03-31T07:30:08","slug":"neste-hypoidi-lf-80w77w-90-gl-5-200l","status":"publish","type":"product","link":"https:\/\/www.lotky.fi\/kauppa\/tuote\/neste-hypoidi-lf-80w77w-90-gl-5-200l\/","title":{"rendered":"Neste Premium Axle 80W-90, 200L"},"content":{"rendered":"<p>Neste Hypoidi LF \u00f6ljyj\u00e4 suositellaan ymp\u00e4rivuotiseen k\u00e4ytt\u00f6\u00f6n veto- ja tasauspy\u00f6r\u00e4st\u00f6ihin sek\u00e4 vaihteistoihin, joissa vaatimuksena on API GL-5. Erityisesti ne sopivat hypoidivetopy\u00f6r\u00e4st\u00f6ihin ja sellaisiin v\u00e4lityksiin henkil\u00f6- ja kuorma-autoissa ja muissa liikennev\u00e4lineiss\u00e4, joissa vaaditaan \u00f6ljylt\u00e4 paineenkesto-ominaisuksia. Neste Hypoidi LF on huippupainelis\u00e4aineistettu polttoainetta s\u00e4\u00e4st\u00e4v\u00e4 yleisvaihteisto\u00f6ljysarja, joka sopii vaihteistoihin, vetopy\u00f6r\u00e4st\u00f6ihin ja napav\u00e4lityksiin, joissa vaatimuksena on API GL-5. Sen valmistuksessa on k\u00e4ytetty nykyaikaista EHVI (Extra High Viscosity Index) -perus\u00f6ljy\u00e4 Neste Hypoidi LF -\u00f6ljyt sis\u00e4lt\u00e4v\u00e4t tehokkaita hapetuksenesto-, vaahdonenesto-, paineenkesto- ja voitelukalvoa vahvistavia lis\u00e4aineita.<\/p>\n<p><strong>entinen nimi: Neste Hypoidi LF 80W(77W)-90 (GL-5)<\/strong><\/p>\n<p>Luokitukset: SAE 80W(77W)-90<br \/>\nAPI GL-5<br \/>\nMIL-L-2105 D<\/p>\n","protected":false},"excerpt":{"rendered":"<p>Neste Hypoidi LF \u00f6ljyj\u00e4 suositellaan ymp\u00e4rivuotiseen k\u00e4ytt\u00f6\u00f6n veto- ja tasauspy\u00f6r\u00e4st\u00f6ihin sek\u00e4 vaihteistoihin, joissa vaatimuksena on API GL-5. Erityisesti ne sopivat hypoidivetopy\u00f6r\u00e4st\u00f6ihin ja sellaisiin v\u00e4lityksiin henkil\u00f6- ja kuorma-autoissa ja muissa liikennev\u00e4lineiss\u00e4, joissa vaaditaan \u00f6ljylt\u00e4 paineenkesto-ominaisuksia.<\/p>\n","protected":false},"featured_media":1598,"template":"","meta":[],"product_brand":[],"product_cat":[24],"product_tag":[],"class_list":{"0":"post-325","1":"product","2":"type-product","3":"status-publish","4":"has-post-thumbnail","6":"product_cat-vaihteistooljyt","8":"first","9":"instock","10":"taxable","11":"shipping-taxable","12":"purchasable","13":"product-type-simple"},"_links":{"self":[{"href":"https:\/\/www.lotky.fi\/kauppa\/wp-json\/wp\/v2\/product\/325","targetHints":{"allow":["GET"]}}],"collection":[{"href":"https:\/\/www.lotky.fi\/kauppa\/wp-json\/wp\/v2\/product"}],"about":[{"href":"https:\/\/www.lotky.fi\/kauppa\/wp-json\/wp\/v2\/types\/product"}],"wp:featuredmedia":[{"embeddable":true,"href":"https:\/\/www.lotky.fi\/kauppa\/wp-json\/wp\/v2\/media\/1598"}],"wp:attachment":[{"href":"https:\/\/www.lotky.fi\/kauppa\/wp-json\/wp\/v2\/media?parent=325"}],"wp:term":[{"taxonomy":"product_brand","embeddable":true,"href":"https:\/\/www.lotky.fi\/kauppa\/wp-json\/wp\/v2\/product_brand?post=325"},{"taxonomy":"product_cat","embeddable":true,"href":"https:\/\/www.lotky.fi\/kauppa\/wp-json\/wp\/v2\/product_cat?post=325"},{"taxonomy":"product_tag","embeddable":true,"href":"https:\/\/www.lotky.fi\/kauppa\/wp-json\/wp\/v2\/product_tag?post=325"}],"curies":[{"name":"wp","href":"https:\/\/api.w.org\/{rel}","templated":true}]}}