{"id":3226,"date":"2024-06-13T14:36:59","date_gmt":"2024-06-13T11:36:59","guid":{"rendered":"https:\/\/www.lotky.fi\/kauppa\/?post_type=product&#038;p=3226"},"modified":"2024-09-02T15:18:33","modified_gmt":"2024-09-02T12:18:33","slug":"77-lubricants-slideway-oil-68-20l-rahtivapaasti-lahimpaan-matkahuoltoon","status":"publish","type":"product","link":"https:\/\/www.lotky.fi\/kauppa\/tuote\/77-lubricants-slideway-oil-68-20l-rahtivapaasti-lahimpaan-matkahuoltoon\/","title":{"rendered":"77 Lubricants Slideway Oil 68, 20L rahtivapaasti l\u00e4himp\u00e4\u00e4n Matkahuoltoon"},"content":{"rendered":"<p>SLIDEWAY OIL 68<br \/>\nKorkealaatuinen mineraalipohjainen ja monik\u00e4ytt\u00f6inen ty\u00f6st\u00f6koneiden johde\u00f6ljy.<br \/>\nErinomaiset tarttuvuusominaisuudet.<br \/>\nEritt\u00e4in hyv\u00e4 suoja kulumista-, korroosiota- ja vaahtoamista vastaan.<br \/>\nHapettumiselle eritt\u00e4in vakaa.<br \/>\nAntaa hyv\u00e4n suojan korkeita paineita ja kuormitusta vastaan.<br \/>\nEritt\u00e4in hyv\u00e4 vedenerotuskyky<br \/>\nHyv\u00e4 suodatettavuus.<br \/>\nHyv\u00e4 tarttuvuus my\u00f6s pystysuoriin pintoihin.<\/p>\n<p>T\u00e4ytt\u00e4\u00e4: ISO 19378 GA &amp; GB, General Motors LS2, ISO 11158 HG, DIN 51524 part II, -III, AIST 224, AGMA 9005 E02 (EP)<\/p>\n","protected":false},"excerpt":{"rendered":"<p>Korkealaatuinen mineraalipohjainen ja monik\u00e4ytt\u00f6inen ty\u00f6st\u00f6koneiden johde\u00f6ljy.<\/p>\n","protected":false},"featured_media":3227,"template":"","meta":[],"product_brand":[],"product_cat":[190],"product_tag":[],"class_list":{"0":"post-3226","1":"product","2":"type-product","3":"status-publish","4":"has-post-thumbnail","6":"product_cat-teollisuusoljyt","8":"first","9":"instock","10":"taxable","11":"shipping-taxable","12":"purchasable","13":"product-type-simple"},"_links":{"self":[{"href":"https:\/\/www.lotky.fi\/kauppa\/wp-json\/wp\/v2\/product\/3226","targetHints":{"allow":["GET"]}}],"collection":[{"href":"https:\/\/www.lotky.fi\/kauppa\/wp-json\/wp\/v2\/product"}],"about":[{"href":"https:\/\/www.lotky.fi\/kauppa\/wp-json\/wp\/v2\/types\/product"}],"wp:featuredmedia":[{"embeddable":true,"href":"https:\/\/www.lotky.fi\/kauppa\/wp-json\/wp\/v2\/media\/3227"}],"wp:attachment":[{"href":"https:\/\/www.lotky.fi\/kauppa\/wp-json\/wp\/v2\/media?parent=3226"}],"wp:term":[{"taxonomy":"product_brand","embeddable":true,"href":"https:\/\/www.lotky.fi\/kauppa\/wp-json\/wp\/v2\/product_brand?post=3226"},{"taxonomy":"product_cat","embeddable":true,"href":"https:\/\/www.lotky.fi\/kauppa\/wp-json\/wp\/v2\/product_cat?post=3226"},{"taxonomy":"product_tag","embeddable":true,"href":"https:\/\/www.lotky.fi\/kauppa\/wp-json\/wp\/v2\/product_tag?post=3226"}],"curies":[{"name":"wp","href":"https:\/\/api.w.org\/{rel}","templated":true}]}}