{"id":322,"date":"2016-05-23T15:28:29","date_gmt":"2016-05-23T12:28:29","guid":{"rendered":"http:\/\/www.lotky.fi\/kauppa\/?post_type=product&#038;p=322"},"modified":"2026-03-31T10:30:27","modified_gmt":"2026-03-31T07:30:27","slug":"322","status":"publish","type":"product","link":"https:\/\/www.lotky.fi\/kauppa\/tuote\/322\/","title":{"rendered":"Neste Gear TO-4 10W, 200L"},"content":{"rendered":"<p>Neste Gear TO-4 10W on erikoisvaihteisto\u00f6ljy, joka t\u00e4ytt\u00e4\u00e4 uusimmat Caterpillar TO-4 ja Allison C-4 laatuvaatimukset. Se antavat vaihteiston toiminnalle oikeat kitkaominaisuudet, tasaisen jarrujen toiminnan ja v\u00e4hent\u00e4v\u00e4t hammaspy\u00f6rien ja muiden voimansiirron osien kulumista.<br \/>\nNeste Gear TO-4 10W soveltuu k\u00e4ytett\u00e4v\u00e4ksi sek\u00e4 metallisten ett\u00e4 paperityyppisten kitkamateriaalien kanssa. Neste Gear TO-4 \u00f6ljyj\u00e4 k\u00e4ytet\u00e4\u00e4n niiss\u00e4 Caterpillarin vaihteistoissa ja voimansiirroissa joiden laatuvaatimuksena on TO-4. SAE 10W sopii talvik\u00e4ytt\u00f6\u00f6n. Tarkista viskositeettisuositus koneen huolto-ohjeista. Neste Gear TO-4 \u00f6ljyt sopivat my\u00f6s muihin &#8221;Power Shift&#8221; tyyppisiin vaihteisiin, momentinmuuntimiin ja nestekytkimiin joissa laatuvaatimuksena on joko edellinen tai Allison C-4.<\/p>\n<p>Luokitukset: SAE 10W<br \/>\nCaterpillar TO-4<br \/>\nAllison C-4<\/p>\n","protected":false},"excerpt":{"rendered":"<p>Neste Gear TO-4 10W soveltuu k\u00e4ytett\u00e4v\u00e4ksi sek\u00e4 metallisten ett\u00e4 paperityyppisten kitkamateriaalien kanssa. Neste Gear TO-4 \u00f6ljyj\u00e4 k\u00e4ytet\u00e4\u00e4n niiss\u00e4 Caterpillarin vaihteistoissa ja voimansiirroissa joiden laatuvaatimuksena on TO-4. SAE 10W sopii talvik\u00e4ytt\u00f6\u00f6n. Tarkista viskositeettisuositus koneen huolto-ohjeista. Neste Gear TO-4 \u00f6ljyt sopivat my\u00f6s muihin &#8221;Power Shift&#8221; tyyppisiin vaihteisiin, momentinmuuntimiin ja nestekytkimiin joissa laatuvaatimuksena on joko edellinen tai Allison [&hellip;]<\/p>\n","protected":false},"featured_media":1598,"template":"","meta":[],"product_brand":[],"product_cat":[24],"product_tag":[],"class_list":{"0":"post-322","1":"product","2":"type-product","3":"status-publish","4":"has-post-thumbnail","6":"product_cat-vaihteistooljyt","8":"first","9":"instock","10":"taxable","11":"shipping-taxable","12":"purchasable","13":"product-type-simple"},"_links":{"self":[{"href":"https:\/\/www.lotky.fi\/kauppa\/wp-json\/wp\/v2\/product\/322","targetHints":{"allow":["GET"]}}],"collection":[{"href":"https:\/\/www.lotky.fi\/kauppa\/wp-json\/wp\/v2\/product"}],"about":[{"href":"https:\/\/www.lotky.fi\/kauppa\/wp-json\/wp\/v2\/types\/product"}],"wp:featuredmedia":[{"embeddable":true,"href":"https:\/\/www.lotky.fi\/kauppa\/wp-json\/wp\/v2\/media\/1598"}],"wp:attachment":[{"href":"https:\/\/www.lotky.fi\/kauppa\/wp-json\/wp\/v2\/media?parent=322"}],"wp:term":[{"taxonomy":"product_brand","embeddable":true,"href":"https:\/\/www.lotky.fi\/kauppa\/wp-json\/wp\/v2\/product_brand?post=322"},{"taxonomy":"product_cat","embeddable":true,"href":"https:\/\/www.lotky.fi\/kauppa\/wp-json\/wp\/v2\/product_cat?post=322"},{"taxonomy":"product_tag","embeddable":true,"href":"https:\/\/www.lotky.fi\/kauppa\/wp-json\/wp\/v2\/product_tag?post=322"}],"curies":[{"name":"wp","href":"https:\/\/api.w.org\/{rel}","templated":true}]}}