{"id":318,"date":"2016-05-23T15:10:19","date_gmt":"2016-05-23T12:10:19","guid":{"rendered":"http:\/\/www.lotky.fi\/kauppa\/?post_type=product&#038;p=318"},"modified":"2026-03-31T10:30:51","modified_gmt":"2026-03-31T07:30:51","slug":"neste-gear-s-75w-80-gl-4-200l","status":"publish","type":"product","link":"https:\/\/www.lotky.fi\/kauppa\/tuote\/neste-gear-s-75w-80-gl-4-200l\/","title":{"rendered":"Neste Pro Gear 75W-90, 200L"},"content":{"rendered":"<p>Neste Pro Gear 75W-90 on valmistettu t\u00e4yssynteettisest\u00e4 perusnesteest\u00e4, johon on seostettu EP-, hapettumisen- ja ruosteenestolis\u00e4aineet. Sill\u00e4 on erinomainen kylm\u00e4kest\u00e4vyys; vaihde toimii heti moitteetta kovallakin pakkasella. Samalla se kuitenkin antaa tehokkaan voitelun my\u00f6s kuumassa k\u00e4yt\u00f6ss\u00e4. Neste Pro Gear 75W-90 on vaihteisto\u00f6ljy, jota suositellaan ymp\u00e4rivuotiseen k\u00e4ytt\u00f6\u00f6n pohjoismaisiin olosuhteisiin. Sen lis\u00e4aineistus on valittu antamaan tehokas kulumissuoja vaihteiston hammaspy\u00f6rille ja laakereille ja oikea kitka synkronimekanismille helppoa vaihtamista varten. K\u00e4ytet\u00e4\u00e4n vaihteistoissa, joissa \u00f6ljysuositus on API GL-4.<\/p>\n<p><strong>entinen nimi: Neste Gear S 75W-90 (GL-4)<\/strong><\/p>\n<p><strong>SUORITUSKYKYLUOKITUKSET<\/strong><br \/>\nSAE 75W-90<br \/>\nAPI GL-4<br \/>\nMIL-L-2105<br \/>\nNSN 9150-58-001-9657<\/p>\n","protected":false},"excerpt":{"rendered":"<p>Neste Pro Gear 75W-90 on valmistettu t\u00e4yssynteettisest\u00e4 perusnesteest\u00e4, johon on seostettu EP-, hapettumisen- ja ruosteenestolis\u00e4aineet. Sill\u00e4 on erinomainen kylm\u00e4kest\u00e4vyys; vaihde toimii heti moitteetta kovallakin pakkasella. Samalla se kuitenkin antaa tehokkaan voitelun my\u00f6s kuumassa k\u00e4yt\u00f6ss\u00e4. Neste Pro Gear 75W-90 on vaihteisto\u00f6ljy, jota suositellaan ymp\u00e4rivuotiseen k\u00e4ytt\u00f6\u00f6n pohjoismaisiin olosuhteisiin. Sen lis\u00e4aineistus on valittu antamaan tehokas kulumissuoja vaihteiston hammaspy\u00f6rille [&hellip;]<\/p>\n","protected":false},"featured_media":1598,"template":"","meta":[],"product_brand":[],"product_cat":[24],"product_tag":[],"class_list":{"0":"post-318","1":"product","2":"type-product","3":"status-publish","4":"has-post-thumbnail","6":"product_cat-vaihteistooljyt","8":"first","9":"instock","10":"taxable","11":"shipping-taxable","12":"purchasable","13":"product-type-simple"},"_links":{"self":[{"href":"https:\/\/www.lotky.fi\/kauppa\/wp-json\/wp\/v2\/product\/318","targetHints":{"allow":["GET"]}}],"collection":[{"href":"https:\/\/www.lotky.fi\/kauppa\/wp-json\/wp\/v2\/product"}],"about":[{"href":"https:\/\/www.lotky.fi\/kauppa\/wp-json\/wp\/v2\/types\/product"}],"wp:featuredmedia":[{"embeddable":true,"href":"https:\/\/www.lotky.fi\/kauppa\/wp-json\/wp\/v2\/media\/1598"}],"wp:attachment":[{"href":"https:\/\/www.lotky.fi\/kauppa\/wp-json\/wp\/v2\/media?parent=318"}],"wp:term":[{"taxonomy":"product_brand","embeddable":true,"href":"https:\/\/www.lotky.fi\/kauppa\/wp-json\/wp\/v2\/product_brand?post=318"},{"taxonomy":"product_cat","embeddable":true,"href":"https:\/\/www.lotky.fi\/kauppa\/wp-json\/wp\/v2\/product_cat?post=318"},{"taxonomy":"product_tag","embeddable":true,"href":"https:\/\/www.lotky.fi\/kauppa\/wp-json\/wp\/v2\/product_tag?post=318"}],"curies":[{"name":"wp","href":"https:\/\/api.w.org\/{rel}","templated":true}]}}