{"id":3106,"date":"2024-03-13T11:40:14","date_gmt":"2024-03-13T09:40:14","guid":{"rendered":"https:\/\/www.lotky.fi\/kauppa\/?post_type=product&#038;p=3106"},"modified":"2026-03-21T19:39:20","modified_gmt":"2026-03-21T17:39:20","slug":"shell-rimula-r7-ax-5w-30-209l","status":"publish","type":"product","link":"https:\/\/www.lotky.fi\/kauppa\/tuote\/shell-rimula-r7-ax-5w-30-209l\/","title":{"rendered":"Shell Rimula R7 AX 5W-30, 209L"},"content":{"rendered":"<p>Shell Rimula R7 AX 5W-30 on synteettinen raskaankaluston \u201dLow-SAPS\u201d moottori\u00f6ljy viimeisimm\u00e4n teknologian moottoreille. Kehitetty parantamaan polttonestetaloutta ja pienent\u00e4m\u00e4\u00e4n<br \/>\np\u00e4\u00e4st\u00f6j\u00e4. Synteettinen teknologia tehostaa suojaa ja tarjoaa pitki\u00e4 huoltov\u00e4lej\u00e4.<\/p>\n<div><\/div>\n<div><strong>Spesifikaatiot, hyv\u00e4ksynn\u00e4t &amp; suositukset:<\/strong><\/div>\n<div>SAE 5W-30 t\u00e4yssynteettinen<\/div>\n<div>API FA-4, SN<\/div>\n<div>Cummings CES 20087<\/div>\n<div>Detroit Fluids Specification (DFS) 93K223<\/div>\n<div>Mack EOS-5<\/div>\n<div>MB-Approval 228.61<\/div>\n<div>Renault VI RLD-5<\/div>\n<div>Volvo VDS-5<\/div>\n","protected":false},"excerpt":{"rendered":"<p>Shell Rimula R7 AX 5W-30 on synteettinen raskaankaluston \u201dLow-SAPS\u201d moottori\u00f6ljy viimeisimm\u00e4n teknologian moottoreille. Kehitetty parantamaan polttonestetaloutta ja pienent\u00e4m\u00e4\u00e4n p\u00e4\u00e4st\u00f6j\u00e4. Synteettinen teknologia tehostaa suojaa ja tarjoaa pitki\u00e4 huoltov\u00e4lej\u00e4.<\/p>\n","protected":false},"featured_media":347,"template":"","meta":[],"product_brand":[],"product_cat":[18],"product_tag":[179,178],"class_list":{"0":"post-3106","1":"product","2":"type-product","3":"status-publish","4":"has-post-thumbnail","6":"product_cat-moottorioljyt-raskas-kalusto","7":"product_tag-mb-228-61","8":"product_tag-volvo-vds-5","10":"first","11":"instock","12":"taxable","13":"shipping-taxable","14":"purchasable","15":"product-type-simple"},"_links":{"self":[{"href":"https:\/\/www.lotky.fi\/kauppa\/wp-json\/wp\/v2\/product\/3106","targetHints":{"allow":["GET"]}}],"collection":[{"href":"https:\/\/www.lotky.fi\/kauppa\/wp-json\/wp\/v2\/product"}],"about":[{"href":"https:\/\/www.lotky.fi\/kauppa\/wp-json\/wp\/v2\/types\/product"}],"wp:featuredmedia":[{"embeddable":true,"href":"https:\/\/www.lotky.fi\/kauppa\/wp-json\/wp\/v2\/media\/347"}],"wp:attachment":[{"href":"https:\/\/www.lotky.fi\/kauppa\/wp-json\/wp\/v2\/media?parent=3106"}],"wp:term":[{"taxonomy":"product_brand","embeddable":true,"href":"https:\/\/www.lotky.fi\/kauppa\/wp-json\/wp\/v2\/product_brand?post=3106"},{"taxonomy":"product_cat","embeddable":true,"href":"https:\/\/www.lotky.fi\/kauppa\/wp-json\/wp\/v2\/product_cat?post=3106"},{"taxonomy":"product_tag","embeddable":true,"href":"https:\/\/www.lotky.fi\/kauppa\/wp-json\/wp\/v2\/product_tag?post=3106"}],"curies":[{"name":"wp","href":"https:\/\/api.w.org\/{rel}","templated":true}]}}