{"id":3105,"date":"2024-03-13T11:25:23","date_gmt":"2024-03-13T09:25:23","guid":{"rendered":"https:\/\/www.lotky.fi\/kauppa\/?post_type=product&#038;p=3105"},"modified":"2026-04-30T14:43:18","modified_gmt":"2026-04-30T11:43:18","slug":"shell-rimula-r7-plus-ad-0w-20-209l","status":"publish","type":"product","link":"https:\/\/www.lotky.fi\/kauppa\/tuote\/shell-rimula-r7-plus-ad-0w-20-209l\/","title":{"rendered":"Shell Rimula R7 Plus AD 0W-20, 209L"},"content":{"rendered":"<p>Shell Rimula R7 Plus AD 0W-20 on synteettinen raskaankaluston \u201dLow-SAPS\u201d moottori\u00f6ljy viimeisimm\u00e4n teknologian moottoreille. Kehitetty parantamaan polttonestetaloutta ja pienent\u00e4m\u00e4\u00e4n p\u00e4\u00e4st\u00f6j\u00e4. Synteettinen teknologia tehostaa suojaa ja tarjoaa pitki\u00e4 huoltov\u00e4lej\u00e4. Tuotteella Mercedes Benz uusin luokitus MB 228.71.<\/p>\n<div><\/div>\n<div><strong>Spesifikaatiot, hyv\u00e4ksynn\u00e4t &amp; suositukset:<\/strong><\/div>\n<div>SAE 0W-20 t\u00e4yssynteettinen<\/div>\n<div>MB-Approval 228.71<\/div>\n","protected":false},"excerpt":{"rendered":"<p>Shell Rimula R7 Plus AD 0W-20 on synteettinen raskaankaluston \u201dLow-SAPS\u201d moottori\u00f6ljy viimeisimm\u00e4n teknologian moottoreille. Kehitetty parantamaan polttonestetaloutta ja pienent\u00e4m\u00e4\u00e4n p\u00e4\u00e4st\u00f6j\u00e4. Synteettinen teknologia tehostaa suojaa ja tarjoaa pitki\u00e4 huoltov\u00e4lej\u00e4. Tuotteella Mercedes Benz uusin luokitus MB 228.71.<\/p>\n","protected":false},"featured_media":347,"template":"","meta":[],"product_brand":[],"product_cat":[18],"product_tag":[196],"class_list":{"0":"post-3105","1":"product","2":"type-product","3":"status-publish","4":"has-post-thumbnail","6":"product_cat-moottorioljyt-raskas-kalusto","7":"product_tag-mb-228-71","9":"first","10":"instock","11":"taxable","12":"shipping-taxable","13":"purchasable","14":"product-type-simple"},"_links":{"self":[{"href":"https:\/\/www.lotky.fi\/kauppa\/wp-json\/wp\/v2\/product\/3105","targetHints":{"allow":["GET"]}}],"collection":[{"href":"https:\/\/www.lotky.fi\/kauppa\/wp-json\/wp\/v2\/product"}],"about":[{"href":"https:\/\/www.lotky.fi\/kauppa\/wp-json\/wp\/v2\/types\/product"}],"wp:featuredmedia":[{"embeddable":true,"href":"https:\/\/www.lotky.fi\/kauppa\/wp-json\/wp\/v2\/media\/347"}],"wp:attachment":[{"href":"https:\/\/www.lotky.fi\/kauppa\/wp-json\/wp\/v2\/media?parent=3105"}],"wp:term":[{"taxonomy":"product_brand","embeddable":true,"href":"https:\/\/www.lotky.fi\/kauppa\/wp-json\/wp\/v2\/product_brand?post=3105"},{"taxonomy":"product_cat","embeddable":true,"href":"https:\/\/www.lotky.fi\/kauppa\/wp-json\/wp\/v2\/product_cat?post=3105"},{"taxonomy":"product_tag","embeddable":true,"href":"https:\/\/www.lotky.fi\/kauppa\/wp-json\/wp\/v2\/product_tag?post=3105"}],"curies":[{"name":"wp","href":"https:\/\/api.w.org\/{rel}","templated":true}]}}