{"id":3096,"date":"2024-03-07T13:20:48","date_gmt":"2024-03-07T11:20:48","guid":{"rendered":"https:\/\/www.lotky.fi\/kauppa\/?post_type=product&#038;p=3096"},"modified":"2024-09-02T15:21:32","modified_gmt":"2024-09-02T12:21:32","slug":"77-lubricants-4t-outboard-oil-10w-30-200l","status":"publish","type":"product","link":"https:\/\/www.lotky.fi\/kauppa\/tuote\/77-lubricants-4t-outboard-oil-10w-30-200l\/","title":{"rendered":"77 Lubricants 4T Outboard Oil 10W-30, 200L"},"content":{"rendered":"<p>4-STROKE OUTBOARD OIL 10W-30<br \/>\nKorkealuokkainen 4-tahti moottori\u00f6ljy joka on kehitetty erityisesti nykyaikaisille korkeatehoisille bensiinik\u00e4ytt\u00f6isiin sis\u00e4-, sis\u00e4per\u00e4- ja per\u00e4moottoreille sek\u00e4 vesijeteille. Tuote on kehitetty<br \/>\nja valmistettu ylitt\u00e4m\u00e4\u00e4n National Marine Manufacturers Association NMMEA FC-W\u00ae ja useiden muiden valmistajien, kuten esimerkiksi Yamaha, Honda ja Tohatsu \/ Nissan asettamat vaatimukset.<br \/>\nAntaa poikkeuksellinen hyv\u00e4n suojan leikkaantumiselle.<br \/>\nEdistyksellinen suoja korrosiolle ja ruostumiselle meriolosuhteissa.<br \/>\nHyv\u00e4t kylm\u00e4k\u00e4ynnistysominaisuudet.<br \/>\nAktiivisesti vaikuttavat lis\u00e4aineet pit\u00e4v\u00e4t moottorin puhtaana.<\/p>\n<p>T\u00e4ytt\u00e4\u00e4: NMMA FC-W\u00ae<\/p>\n<p>&nbsp;<\/p>\n<p>&nbsp;<\/p>\n","protected":false},"excerpt":{"rendered":"<p>Korkealuokkainen 4-tahti moottori\u00f6ljy joka on kehitetty erityisesti nykyaikaisille korkeatehoisille bensiinik\u00e4ytt\u00f6isiin sis\u00e4-, sis\u00e4per\u00e4- ja per\u00e4moottoreille sek\u00e4 vesijeteille.<\/p>\n","protected":false},"featured_media":3065,"template":"","meta":[],"product_brand":[],"product_cat":[191],"product_tag":[193,192],"class_list":{"0":"post-3096","1":"product","2":"type-product","3":"status-publish","4":"has-post-thumbnail","6":"product_cat-veneoljyt","7":"product_tag-peramoottori","8":"product_tag-veneoljy","10":"first","11":"instock","12":"taxable","13":"shipping-taxable","14":"purchasable","15":"product-type-simple"},"_links":{"self":[{"href":"https:\/\/www.lotky.fi\/kauppa\/wp-json\/wp\/v2\/product\/3096","targetHints":{"allow":["GET"]}}],"collection":[{"href":"https:\/\/www.lotky.fi\/kauppa\/wp-json\/wp\/v2\/product"}],"about":[{"href":"https:\/\/www.lotky.fi\/kauppa\/wp-json\/wp\/v2\/types\/product"}],"wp:featuredmedia":[{"embeddable":true,"href":"https:\/\/www.lotky.fi\/kauppa\/wp-json\/wp\/v2\/media\/3065"}],"wp:attachment":[{"href":"https:\/\/www.lotky.fi\/kauppa\/wp-json\/wp\/v2\/media?parent=3096"}],"wp:term":[{"taxonomy":"product_brand","embeddable":true,"href":"https:\/\/www.lotky.fi\/kauppa\/wp-json\/wp\/v2\/product_brand?post=3096"},{"taxonomy":"product_cat","embeddable":true,"href":"https:\/\/www.lotky.fi\/kauppa\/wp-json\/wp\/v2\/product_cat?post=3096"},{"taxonomy":"product_tag","embeddable":true,"href":"https:\/\/www.lotky.fi\/kauppa\/wp-json\/wp\/v2\/product_tag?post=3096"}],"curies":[{"name":"wp","href":"https:\/\/api.w.org\/{rel}","templated":true}]}}