{"id":3090,"date":"2024-03-07T13:02:29","date_gmt":"2024-03-07T11:02:29","guid":{"rendered":"https:\/\/www.lotky.fi\/kauppa\/?post_type=product&#038;p=3090"},"modified":"2025-11-28T11:51:29","modified_gmt":"2025-11-28T09:51:29","slug":"gulf-merit-oil-46-poraoljy-200l","status":"publish","type":"product","link":"https:\/\/www.lotky.fi\/kauppa\/tuote\/gulf-merit-oil-46-poraoljy-200l\/","title":{"rendered":"Fuchs Plantohyd SE 32, 205L"},"content":{"rendered":"<p>Fuchs PLANTOHYD SE 32 on synteettisiin estereihin perustuva biohajoavien hydraulinesteiden tuotesarja, joka on eritt\u00e4in suorituskykyinen. PLANTOHYD SE -tuotteita suositellaan<br \/>\nhydrauliikkaj\u00e4rjestelmiin, jotka toimivat ymp\u00e4ri vuoden vaihtelevissa ty\u00f6olosuhteissa ja joiden \u00f6ljyn l\u00e4mp\u00f6tilan vaihteluv\u00e4li on -25 \u00b0C:sta +95 \u00b0C:een. PLANTOHYD SE -valikoima soveltuu kaikentyyppiseen liikkuvaan hydrauliikkaan, jossa tarvitaan tuotteita, jotka ovat helposti biologisesti hajoavia ja samalla eritt\u00e4in suorituskykyisi\u00e4. PLANTOHYD SE -sarjaa suositellaan j\u00e4rjestelmiin, jotka toimivat laajalla l\u00e4mp\u00f6tila-alueella. Hydraulinesteet soveltuvat erityisen hyvin mets\u00e4talouden sovelluksiin, joissa tarvitaan biohajoavia ja tehokkaita tuotteita.<\/p>\n<p>Tekniset tiedot \/ hyv\u00e4ksynn\u00e4t:<br \/>\nISO 15380 HEES<br \/>\nVickers V-104-C<br \/>\nVoidaan k\u00e4ytt\u00e4\u00e4, kun DIN 51524-3:HVLP on m\u00e4\u00e4ritelty.<br \/>\nSS 155434 BBV 32 ymp\u00e4rist\u00f6yst\u00e4v\u00e4llinen<\/p>\n<p>&nbsp;<\/p>\n<p>&nbsp;<\/p>\n","protected":false},"excerpt":{"rendered":"<p>Fuchs PLANTOHYD SE 32 on synteettisiin estereihin perustuva biohajoavien hydraulinesteiden tuotesarja, joka on eritt\u00e4in suorituskykyinen. PLANTOHYD SE -tuotteita suositellaan hydrauliikkaj\u00e4rjestelmiin, jotka toimivat ymp\u00e4ri vuoden vaihtelevissa ty\u00f6olosuhteissa ja joiden \u00f6ljyn l\u00e4mp\u00f6tilan vaihteluv\u00e4li on -25 \u00b0C:sta +95 \u00b0C:een. PLANTOHYD SE -valikoima soveltuu kaikentyyppiseen liikkuvaan hydrauliikkaan, jossa tarvitaan tuotteita, jotka ovat helposti biologisesti hajoavia ja samalla eritt\u00e4in suorituskykyisi\u00e4. [&hellip;]<\/p>\n","protected":false},"featured_media":431,"template":"","meta":[],"product_brand":[],"product_cat":[51,6],"product_tag":[52],"class_list":{"0":"post-3090","1":"product","2":"type-product","3":"status-publish","4":"has-post-thumbnail","6":"product_cat-biohajoavat-voiteluaineet","7":"product_cat-hydrauliikkaoljyt","8":"product_tag-biohajoava","10":"first","11":"instock","12":"taxable","13":"shipping-taxable","14":"purchasable","15":"product-type-simple"},"_links":{"self":[{"href":"https:\/\/www.lotky.fi\/kauppa\/wp-json\/wp\/v2\/product\/3090","targetHints":{"allow":["GET"]}}],"collection":[{"href":"https:\/\/www.lotky.fi\/kauppa\/wp-json\/wp\/v2\/product"}],"about":[{"href":"https:\/\/www.lotky.fi\/kauppa\/wp-json\/wp\/v2\/types\/product"}],"wp:featuredmedia":[{"embeddable":true,"href":"https:\/\/www.lotky.fi\/kauppa\/wp-json\/wp\/v2\/media\/431"}],"wp:attachment":[{"href":"https:\/\/www.lotky.fi\/kauppa\/wp-json\/wp\/v2\/media?parent=3090"}],"wp:term":[{"taxonomy":"product_brand","embeddable":true,"href":"https:\/\/www.lotky.fi\/kauppa\/wp-json\/wp\/v2\/product_brand?post=3090"},{"taxonomy":"product_cat","embeddable":true,"href":"https:\/\/www.lotky.fi\/kauppa\/wp-json\/wp\/v2\/product_cat?post=3090"},{"taxonomy":"product_tag","embeddable":true,"href":"https:\/\/www.lotky.fi\/kauppa\/wp-json\/wp\/v2\/product_tag?post=3090"}],"curies":[{"name":"wp","href":"https:\/\/api.w.org\/{rel}","templated":true}]}}