{"id":3085,"date":"2024-03-06T15:51:42","date_gmt":"2024-03-06T13:51:42","guid":{"rendered":"https:\/\/www.lotky.fi\/kauppa\/?post_type=product&#038;p=3085"},"modified":"2026-01-30T09:22:49","modified_gmt":"2026-01-30T07:22:49","slug":"valvoline-multi-vehicle-jaahdytinneste-punainen-100-208l-tarjous-voimassa-31-3-asti-kopio","status":"publish","type":"product","link":"https:\/\/www.lotky.fi\/kauppa\/tuote\/valvoline-multi-vehicle-jaahdytinneste-punainen-100-208l-tarjous-voimassa-31-3-asti-kopio\/","title":{"rendered":"Valvoline Multi-vehicle Coolant Punainen 100%, 208L"},"content":{"rendered":"<p>Valvoline Multi-Vehicle Coolant Punainen j\u00e4\u00e4hdytinneste on pehme\u00e4n v\u00e4rins\u00e4 ja hybriditeknologiansa ansiosta sekoituskelpoinen kaikkien etyleeniglykolipohjaisten j\u00e4\u00e4hdytinnesteiden kanssa, v\u00e4rist\u00e4 tai tyypist\u00e4 riippumatta. Valvoline Multi-Vehicle j\u00e4\u00e4hdytinneste on yleisp\u00e4tev\u00e4 tuote, joka kattaa yli 26 000 eri automerkki\u00e4 ja -tyyppi\u00e4. Suositellaan erityisesti monimerkkikorjaamoille k\u00e4ytett\u00e4v\u00e4ksi, jotka tarjoavat huoltoja useille automerkeille. Voitkin sekoittaa sen j\u00e4\u00e4hdyttimess\u00e4 jo ennalta olevaan j\u00e4\u00e4hdytinnesteeseen. Multi-Vehicle j\u00e4\u00e4hdytinneste on eritt\u00e4in monipuolinen ja suorituskykyinen tuote, joka soveltuu yleisesti henkil\u00f6autoille, kevyille hy\u00f6tyajoneuvoille, moottoripy\u00f6rille ja huviveneille. Orgaaniseen happoteknologiaan perustuvassa sekoituskaavassa yhdistyv\u00e4t perinteisen glykolipohjaisten, orgaanisten (OAT) ja hybridi-orgaanisten (HOAT) koostumusten edut. Kuten perinteisess\u00e4, orgaanisessa ja hybridi-orgaanisessa koostumuksessa my\u00f6s Multi-Vehicle j\u00e4\u00e4hdytinnesteess\u00e4 on ne nopeavaikutteiset lis\u00e4aineet, jotka suojaavat metalli-, rauta- ja alumiinipinnat korroosiolta ja sy\u00f6pymilt\u00e4. Lis\u00e4ksi ne pident\u00e4v\u00e4t tiivisteiden ja muoviosien k\u00e4ytt\u00f6ik\u00e4\u00e4. Ylivoimainen l\u00e4mm\u00f6nsiirtokyky est\u00e4\u00e4 j\u00e4\u00e4tymisen ja ylikuumenemisen ja maksimoi moottorin tehon. Soveltuu my\u00f6s Si-OAT k\u00e4ytt\u00f6kohteisiin.<\/p>\n<p>Luokitukset:<\/p>\n<p>Afnor 15-601, 1991<br \/>\nASTM D3306 (D4656)<br \/>\nSAE J1034, J814, J1941<br \/>\nBMW N600.69.0<br \/>\nBS6580<br \/>\nCitroen (PSA B71 5110)<br \/>\nCUNA NC956-16<br \/>\nFord WSS-M97B44-D<br \/>\nGM B 040 0240<br \/>\nHonda type 2<br \/>\nIsuzu<br \/>\nJaguar\/Land Rover: ST JLR.651.5003<br \/>\nMB-325.0, 2, 3, 5, 6<br \/>\nNissan O-Nom V5123<br \/>\nOpel 6277M (B 040 1065)<br \/>\nPeugeot (PSA B71 5110)<br \/>\nRenault Glaceol AL type C, RX type D<br \/>\nSaab (6901 599)<br \/>\nToyota TSK 2601G-8A<br \/>\nVolvo<br \/>\nVW TL 774 C, D, F, G, J,<br \/>\nVW G11, G12, G12+, G12++ ja G13<br \/>\nAudi, Seat, Skoda<\/p>\n","protected":false},"excerpt":{"rendered":"<p>Valvoline Multi-Vehicle Puainen j\u00e4\u00e4hdytinneste on pehme\u00e4n v\u00e4rins\u00e4 ja hybriditeknologiansa ansiosta sekoituskelpoinen kaikkien etyleeniglykolipohjaisten j\u00e4\u00e4hdytinnesteiden kanssa, v\u00e4rist\u00e4 tai tyypist\u00e4 riippumatta. Valvoline Multi-Vehicle j\u00e4\u00e4hdytinneste on yleisp\u00e4tev\u00e4 tuote, joka kattaa yli 26 000 eri automerkki\u00e4 ja -tyyppi\u00e4. Suositellaan erityisesti monimerkkikorjaamoille k\u00e4ytett\u00e4v\u00e4ksi, jotka tarjoavat huoltoja useille automerkeille. Voitkin sekoittaa sen j\u00e4\u00e4hdyttimess\u00e4 jo ennalta olevaan j\u00e4\u00e4hdytinnesteeseen. Multi-Vehicle j\u00e4\u00e4hdytinneste on eritt\u00e4in [&hellip;]<\/p>\n","protected":false},"featured_media":472,"template":"","meta":[],"product_brand":[],"product_cat":[34],"product_tag":[],"class_list":{"0":"post-3085","1":"product","2":"type-product","3":"status-publish","4":"has-post-thumbnail","6":"product_cat-nesteet-ja-kemikaalit","8":"first","9":"instock","10":"taxable","11":"shipping-taxable","12":"purchasable","13":"product-type-simple"},"_links":{"self":[{"href":"https:\/\/www.lotky.fi\/kauppa\/wp-json\/wp\/v2\/product\/3085","targetHints":{"allow":["GET"]}}],"collection":[{"href":"https:\/\/www.lotky.fi\/kauppa\/wp-json\/wp\/v2\/product"}],"about":[{"href":"https:\/\/www.lotky.fi\/kauppa\/wp-json\/wp\/v2\/types\/product"}],"wp:featuredmedia":[{"embeddable":true,"href":"https:\/\/www.lotky.fi\/kauppa\/wp-json\/wp\/v2\/media\/472"}],"wp:attachment":[{"href":"https:\/\/www.lotky.fi\/kauppa\/wp-json\/wp\/v2\/media?parent=3085"}],"wp:term":[{"taxonomy":"product_brand","embeddable":true,"href":"https:\/\/www.lotky.fi\/kauppa\/wp-json\/wp\/v2\/product_brand?post=3085"},{"taxonomy":"product_cat","embeddable":true,"href":"https:\/\/www.lotky.fi\/kauppa\/wp-json\/wp\/v2\/product_cat?post=3085"},{"taxonomy":"product_tag","embeddable":true,"href":"https:\/\/www.lotky.fi\/kauppa\/wp-json\/wp\/v2\/product_tag?post=3085"}],"curies":[{"name":"wp","href":"https:\/\/api.w.org\/{rel}","templated":true}]}}