{"id":3080,"date":"2024-03-06T15:20:39","date_gmt":"2024-03-06T13:20:39","guid":{"rendered":"https:\/\/www.lotky.fi\/kauppa\/?post_type=product&#038;p=3080"},"modified":"2026-04-15T17:18:41","modified_gmt":"2026-04-15T14:18:41","slug":"valvoline-all-climate-dpf-c3-5w-30-208l","status":"publish","type":"product","link":"https:\/\/www.lotky.fi\/kauppa\/tuote\/valvoline-all-climate-dpf-c3-5w-30-208l\/","title":{"rendered":"Valvoline All Climate DPF C3 5W-30, 208L"},"content":{"rendered":"<p>Valvoline All Climate DPF C3 5w-30 soveltuu k\u00e4ytett\u00e4v\u00e4ksi useissa bensiini- ja dieselmoottoreissa, kun suosituksena on ACEA C3, API SN, VW 504 00 \/ 507 00 tai MB-229.31. Soveltuu erityisesti niille moottoreille, jotka on varustettu dieselhiukkassuodattimella (DPF). All Climate-moottori\u00f6ljyt suojaavat ja voitelevat moottorin vaihtelevissa ajo-olosuhteissa. Ne soveltuvat hyvin k\u00e4ytett\u00e4v\u00e4ksi henkil\u00f6- ja pakettiautojen lis\u00e4ksi mm. puutarhaty\u00f6koneisiin, moottoripy\u00f6riin ilman m\u00e4rk\u00e4kytkint\u00e4, veneiden sis\u00e4moottoreihin ja teollisuuslaitteisiin, kuten trukkeihin.<\/p>\n<p>Luokitukset:<\/p>\n<p>SAE 5W-30 t\u00e4yssynteettinen<br \/>\nACEA C3<br \/>\nAPI SN<br \/>\nVW 504 00\/507 00<br \/>\nMB-229.31<\/p>\n","protected":false},"excerpt":{"rendered":"<p>Valvoline All Climate DPF C3 5w-30 soveltuu k\u00e4ytett\u00e4v\u00e4ksi useissa bensiini- ja dieselmoottoreissa, kun suosituksena on ACEA C3, API SN, VW 504 00 \/ 507 00 tai MB-229.31. Soveltuu erityisesti niille moottoreille, jotka on varustettu dieselhiukkassuodattimella (DPF). All Climate-moottori\u00f6ljyt suojaavat ja voitelevat moottorin vaihtelevissa ajo-olosuhteissa. Ne soveltuvat hyvin k\u00e4ytett\u00e4v\u00e4ksi henkil\u00f6- ja pakettiautojen lis\u00e4ksi mm. puutarhaty\u00f6koneisiin, moottoripy\u00f6riin [&hellip;]<\/p>\n","protected":false},"featured_media":472,"template":"","meta":[],"product_brand":[],"product_cat":[17],"product_tag":[],"class_list":{"0":"post-3080","1":"product","2":"type-product","3":"status-publish","4":"has-post-thumbnail","6":"product_cat-moottorioljyt-kevyt-kalusto","8":"first","9":"instock","10":"taxable","11":"shipping-taxable","12":"purchasable","13":"product-type-simple"},"_links":{"self":[{"href":"https:\/\/www.lotky.fi\/kauppa\/wp-json\/wp\/v2\/product\/3080","targetHints":{"allow":["GET"]}}],"collection":[{"href":"https:\/\/www.lotky.fi\/kauppa\/wp-json\/wp\/v2\/product"}],"about":[{"href":"https:\/\/www.lotky.fi\/kauppa\/wp-json\/wp\/v2\/types\/product"}],"wp:featuredmedia":[{"embeddable":true,"href":"https:\/\/www.lotky.fi\/kauppa\/wp-json\/wp\/v2\/media\/472"}],"wp:attachment":[{"href":"https:\/\/www.lotky.fi\/kauppa\/wp-json\/wp\/v2\/media?parent=3080"}],"wp:term":[{"taxonomy":"product_brand","embeddable":true,"href":"https:\/\/www.lotky.fi\/kauppa\/wp-json\/wp\/v2\/product_brand?post=3080"},{"taxonomy":"product_cat","embeddable":true,"href":"https:\/\/www.lotky.fi\/kauppa\/wp-json\/wp\/v2\/product_cat?post=3080"},{"taxonomy":"product_tag","embeddable":true,"href":"https:\/\/www.lotky.fi\/kauppa\/wp-json\/wp\/v2\/product_tag?post=3080"}],"curies":[{"name":"wp","href":"https:\/\/api.w.org\/{rel}","templated":true}]}}