{"id":3079,"date":"2024-03-06T15:08:12","date_gmt":"2024-03-06T13:08:12","guid":{"rendered":"https:\/\/www.lotky.fi\/kauppa\/?post_type=product&#038;p=3079"},"modified":"2026-04-02T15:19:31","modified_gmt":"2026-04-02T12:19:31","slug":"valvoline-synpower-env-c1-5w-30-208l","status":"publish","type":"product","link":"https:\/\/www.lotky.fi\/kauppa\/tuote\/valvoline-synpower-env-c1-5w-30-208l\/","title":{"rendered":"Valvoline Synpower ENV C1 5W-30, 208L"},"content":{"rendered":"<p>Valvoline Synpower ENV C1 5W30 soveltuu k\u00e4ytett\u00e4v\u00e4ksi moottoreissa, kun suosituksena on ACEA C1 SAE 5W-30. Soveltuu moottoreille, jotka on varustettu dieselhiukkassuodattimella (DPF) ja\/tai kolmitoimikatalysaattorilla (TWC). Kehitetty ymp\u00e4rivuotiseen k\u00e4ytt\u00f6\u00f6n uuden teknologian bensiini- ja dieselmoottoreilla varustetuissa henkil\u00f6- ja pakettiautoissa, sek\u00e4 kevyiss\u00e4 kuorma-autoissa. T\u00e4yssynteettisten SynPower moottori\u00f6ljyjen kehityksess\u00e4 on hy\u00f6dynnetty viimeisint\u00e4 lis\u00e4aineteknologiaa ja korkealaatuisia perus\u00f6ljyj\u00e4 haluttujen ominaisuuksien aikaansaamiseksi.<\/p>\n<p>Luokitukset:<br \/>\nACEA C1<br \/>\nJaguar<br \/>\nLand Rover STJLR 03.5005<\/p>\n","protected":false},"excerpt":{"rendered":"<p>Valvoline Synpower ENV C1 5W30 soveltuu k\u00e4ytett\u00e4v\u00e4ksi moottoreissa, kun suosituksena on ACEA C1 SAE 5W-30. Soveltuu moottoreille, jotka on varustettu dieselhiukkassuodattimella (DPF) ja\/tai kolmitoimikatalysaattorilla (TWC). Kehitetty ymp\u00e4rivuotiseen k\u00e4ytt\u00f6\u00f6n uuden teknologian bensiini- ja dieselmoottoreilla varustetuissa henkil\u00f6- ja pakettiautoissa, sek\u00e4 kevyiss\u00e4 kuorma-autoissa. T\u00e4yssynteettisten SynPower moottori\u00f6ljyjen kehityksess\u00e4 on hy\u00f6dynnetty viimeisint\u00e4 lis\u00e4aineteknologiaa ja korkealaatuisia perus\u00f6ljyj\u00e4 haluttujen ominaisuuksien aikaansaamiseksi.<\/p>\n","protected":false},"featured_media":472,"template":"","meta":[],"product_brand":[],"product_cat":[17],"product_tag":[],"class_list":{"0":"post-3079","1":"product","2":"type-product","3":"status-publish","4":"has-post-thumbnail","6":"product_cat-moottorioljyt-kevyt-kalusto","8":"first","9":"instock","10":"taxable","11":"shipping-taxable","12":"purchasable","13":"product-type-simple"},"_links":{"self":[{"href":"https:\/\/www.lotky.fi\/kauppa\/wp-json\/wp\/v2\/product\/3079","targetHints":{"allow":["GET"]}}],"collection":[{"href":"https:\/\/www.lotky.fi\/kauppa\/wp-json\/wp\/v2\/product"}],"about":[{"href":"https:\/\/www.lotky.fi\/kauppa\/wp-json\/wp\/v2\/types\/product"}],"wp:featuredmedia":[{"embeddable":true,"href":"https:\/\/www.lotky.fi\/kauppa\/wp-json\/wp\/v2\/media\/472"}],"wp:attachment":[{"href":"https:\/\/www.lotky.fi\/kauppa\/wp-json\/wp\/v2\/media?parent=3079"}],"wp:term":[{"taxonomy":"product_brand","embeddable":true,"href":"https:\/\/www.lotky.fi\/kauppa\/wp-json\/wp\/v2\/product_brand?post=3079"},{"taxonomy":"product_cat","embeddable":true,"href":"https:\/\/www.lotky.fi\/kauppa\/wp-json\/wp\/v2\/product_cat?post=3079"},{"taxonomy":"product_tag","embeddable":true,"href":"https:\/\/www.lotky.fi\/kauppa\/wp-json\/wp\/v2\/product_tag?post=3079"}],"curies":[{"name":"wp","href":"https:\/\/api.w.org\/{rel}","templated":true}]}}