{"id":3074,"date":"2024-03-05T15:56:23","date_gmt":"2024-03-05T13:56:23","guid":{"rendered":"https:\/\/www.lotky.fi\/kauppa\/?post_type=product&#038;p=3074"},"modified":"2026-03-02T14:42:26","modified_gmt":"2026-03-02T12:42:26","slug":"77-lubricants-engine-oil-hdx-15w40-acea-e7-api-ci-4-sl-200l","status":"publish","type":"product","link":"https:\/\/www.lotky.fi\/kauppa\/tuote\/77-lubricants-engine-oil-hdx-15w40-acea-e7-api-ci-4-sl-200l\/","title":{"rendered":"77 Lubricants Engine Oil HDX 15W40, ACEA E7, API CI-4\/SL, 200L"},"content":{"rendered":"<p>ENGINE OIL HDX 15W-40<br \/>\nKorkealaatuinen, mineraalipohjainen XHPD* raskaankaluston moottori\u00f6ljy raskaasti kuormattuihin Euro-3, Euro 4 ja Euro-5 dieselmoottoreihin. Tuote soveltuu pakokaasun kierr\u00e4tysj\u00e4rjestelm\u00e4ll\u00e4 (EGR) ja\/tai SCR katalysaattoritekniikalla varustettuihin ajoneuvoihin. Tuote ei sovellu Diesel hiukkassuodattimella (DPF) varustettuihin ajoneuvoihin.<\/p>\n<p>T\u00e4ytt\u00e4\u00e4: ACEA E7<\/p>\n<p>API CI-4 \/SL<\/p>\n<p>CAT ECF-1a, ECF-2<\/p>\n<p>Cummins CES 2077\/20078<\/p>\n<p>DDC 93K215<\/p>\n<p>Deutz DQC-III<\/p>\n<p>Global DHD-1<\/p>\n<p>MAN M 3275<\/p>\n<p>MB 228.1<\/p>\n<p>Hyv\u00e4ksytty: MACK EO-N, MB 228.3, Renault RLD-2, Volvo VDS-3<\/p>\n","protected":false},"excerpt":{"rendered":"<p>Korkealaatuinen, mineraalipohjainen XHPD* raskaankaluston moottori\u00f6ljy.<\/p>\n","protected":false},"featured_media":3065,"template":"","meta":[],"product_brand":[],"product_cat":[18],"product_tag":[],"class_list":{"0":"post-3074","1":"product","2":"type-product","3":"status-publish","4":"has-post-thumbnail","6":"product_cat-moottorioljyt-raskas-kalusto","8":"first","9":"instock","10":"taxable","11":"shipping-taxable","12":"purchasable","13":"product-type-simple"},"_links":{"self":[{"href":"https:\/\/www.lotky.fi\/kauppa\/wp-json\/wp\/v2\/product\/3074","targetHints":{"allow":["GET"]}}],"collection":[{"href":"https:\/\/www.lotky.fi\/kauppa\/wp-json\/wp\/v2\/product"}],"about":[{"href":"https:\/\/www.lotky.fi\/kauppa\/wp-json\/wp\/v2\/types\/product"}],"wp:featuredmedia":[{"embeddable":true,"href":"https:\/\/www.lotky.fi\/kauppa\/wp-json\/wp\/v2\/media\/3065"}],"wp:attachment":[{"href":"https:\/\/www.lotky.fi\/kauppa\/wp-json\/wp\/v2\/media?parent=3074"}],"wp:term":[{"taxonomy":"product_brand","embeddable":true,"href":"https:\/\/www.lotky.fi\/kauppa\/wp-json\/wp\/v2\/product_brand?post=3074"},{"taxonomy":"product_cat","embeddable":true,"href":"https:\/\/www.lotky.fi\/kauppa\/wp-json\/wp\/v2\/product_cat?post=3074"},{"taxonomy":"product_tag","embeddable":true,"href":"https:\/\/www.lotky.fi\/kauppa\/wp-json\/wp\/v2\/product_tag?post=3074"}],"curies":[{"name":"wp","href":"https:\/\/api.w.org\/{rel}","templated":true}]}}