{"id":3070,"date":"2024-03-05T13:34:23","date_gmt":"2024-03-05T11:34:23","guid":{"rendered":"https:\/\/www.lotky.fi\/kauppa\/?post_type=product&#038;p=3070"},"modified":"2026-02-20T12:19:29","modified_gmt":"2026-02-20T10:19:29","slug":"77-lubricants-super-tractor-oil-10w-30-200l","status":"publish","type":"product","link":"https:\/\/www.lotky.fi\/kauppa\/tuote\/77-lubricants-super-tractor-oil-10w-30-200l\/","title":{"rendered":"77 Lubricants Super Tractor Oil 10W-30, STOU, 200L"},"content":{"rendered":"<p>Traktoreiden ja maatalouskaluston monik\u00e4ytt\u00f6-\u00f6ljy, STOU. Super Tractor Oil 10w-30 sopii useimpiin maatalousk\u00e4yt\u00f6ss\u00e4 oleviin traktoreihin ymp\u00e4rivuotiseksi moottori-, vaihteisto-, taka-akseli-ja hydrauli\u00f6ljyksi. Se k\u00e4y yht\u00e4 hyvin ahdettuihin ja ahtamattomiin dieselmoottoreihin. Muita k\u00e4ytt\u00f6kohteita ovat esim. leikkuupuimurit, paikallismoottorit, henkil\u00f6- ja pakettiautot sek\u00e4 trukki- ja kuormauskalusto.<\/p>\n<p>T\u00e4ytt\u00e4\u00e4 moottorivaatimukset: ACEA E3, API CG-4\/CF-4\/CE\/SF, MB 227.1<\/p>\n<p>T\u00e4ytt\u00e4\u00e4 STOU*\/UTTO* vaatimukset:<br \/>\nAPI GL-4 MF M1135\/1139<br \/>\nAllison C-4 MF M1143\/1144\/1145<br \/>\nCASE MS 1204\/6\/7\/9 NH 82009201<br \/>\nCaterpillar TO-2 NH 024C\/ 030C<br \/>\nCNH MAT 3525,3526 NH 410B<br \/>\nFord M2C86B\/C NH 420A<br \/>\nFord M2C134D ZF TE-ML 06B,C,R,07B<br \/>\nFord M2C159B\/C<br \/>\nJD J27, J20C\/D<br \/>\nT\u00e4ytt\u00e4\u00e4 hydraulikka spesifikaatiot: Danfoss, Eaton M-2950S, Eaton 1-280-S<\/p>\n","protected":false},"excerpt":{"rendered":"<p>Traktoreiden ja maatalouskaluston monik\u00e4ytt\u00f6-\u00f6ljy, STOU. Super Tractor Oil 10w-30 sopii useimpiin maatalousk\u00e4yt\u00f6ss\u00e4 oleviin traktoreihin ymp\u00e4rivuotiseksi moottori-, vaihteisto-, taka-akseli-ja hydrauli\u00f6ljyksi.<\/p>\n","protected":false},"featured_media":3065,"template":"","meta":[],"product_brand":[],"product_cat":[23,24],"product_tag":[],"class_list":{"0":"post-3070","1":"product","2":"type-product","3":"status-publish","4":"has-post-thumbnail","6":"product_cat-maatalousoljyt","7":"product_cat-vaihteistooljyt","9":"first","10":"instock","11":"taxable","12":"shipping-taxable","13":"purchasable","14":"product-type-simple"},"_links":{"self":[{"href":"https:\/\/www.lotky.fi\/kauppa\/wp-json\/wp\/v2\/product\/3070","targetHints":{"allow":["GET"]}}],"collection":[{"href":"https:\/\/www.lotky.fi\/kauppa\/wp-json\/wp\/v2\/product"}],"about":[{"href":"https:\/\/www.lotky.fi\/kauppa\/wp-json\/wp\/v2\/types\/product"}],"wp:featuredmedia":[{"embeddable":true,"href":"https:\/\/www.lotky.fi\/kauppa\/wp-json\/wp\/v2\/media\/3065"}],"wp:attachment":[{"href":"https:\/\/www.lotky.fi\/kauppa\/wp-json\/wp\/v2\/media?parent=3070"}],"wp:term":[{"taxonomy":"product_brand","embeddable":true,"href":"https:\/\/www.lotky.fi\/kauppa\/wp-json\/wp\/v2\/product_brand?post=3070"},{"taxonomy":"product_cat","embeddable":true,"href":"https:\/\/www.lotky.fi\/kauppa\/wp-json\/wp\/v2\/product_cat?post=3070"},{"taxonomy":"product_tag","embeddable":true,"href":"https:\/\/www.lotky.fi\/kauppa\/wp-json\/wp\/v2\/product_tag?post=3070"}],"curies":[{"name":"wp","href":"https:\/\/api.w.org\/{rel}","templated":true}]}}