{"id":3069,"date":"2024-03-05T10:30:51","date_gmt":"2024-03-05T08:30:51","guid":{"rendered":"https:\/\/www.lotky.fi\/kauppa\/?post_type=product&#038;p=3069"},"modified":"2026-04-01T10:11:56","modified_gmt":"2026-04-01T07:11:56","slug":"mobil-1-esp-5w-30-208-l","status":"publish","type":"product","link":"https:\/\/www.lotky.fi\/kauppa\/tuote\/mobil-1-esp-5w-30-208-l\/","title":{"rendered":"Mobil 1 ESP 5W-30, 208 L"},"content":{"rendered":"<p>Mobil 1\u2122 ESP 5W-30 on ensiluokkaista suorituskyky\u00e4 ja suojaa antavan, maailman johtavan synteettisten \u00f6ljyjen tuotemerkin Mobil 1\u2122:n johtava edistynyt synteettinen moottori\u00f6ljy. Mobil 1\u2122 ESP 5W-30 on kehitetty tarjoamaan ensiluokkainen kokonaissuoja Euro 6 -luokan ja sit\u00e4 vanhemmille bensiini- ja dieselpolttoaineella toimiville autoille, ja se t\u00e4ytt\u00e4\u00e4 tai ylitt\u00e4\u00e4 useiden johtavien autonvalmistajien vaatimukset.<\/p>\n<p>Mobil 1 pit\u00e4\u00e4 moottorisi uudenveroisena.<\/p>\n<h2>Edut ja ominaisuudet<\/h2>\n<p>Mobil 1 ESP 5W-30 on valmistettu yksinoikeudella huippuluokan komponenteista yhteensopivaksi uusimpien dieselhiukkassuodattimien (DPF) ja bensiinimoottoreiden katalysaattoreiden kanssa ja auttaa tarjoamaan ensiluokkaisen puhdistustehon ja kulumissuojan.<\/p>\n<p>Seuraavat hyv\u00e4ksynn\u00e4t:<\/p>\n<p>ACEA C3<br \/>\nMB-Approval 229.31\/ 229.51\/229.52<br \/>\nPorsche C30<br \/>\nVW 504 00\/ 507.00<\/p>\n<p>OV 040 1547 \u2013 D30<\/p>\n<p>OV 040 1547 \u2013 G30<\/p>\n<p>&nbsp;<\/p>\n","protected":false},"excerpt":{"rendered":"<p>Mobil 1\u2122 ESP 5W-30 on ensiluokkaista suorituskyky\u00e4 ja suojaa antavan, maailman johtavan synteettisten \u00f6ljyjen tuotemerkin Mobil 1\u2122:n johtava edistynyt synteettinen moottori\u00f6ljy. Mobil 1\u2122 ESP 5W-30 on kehitetty tarjoamaan ensiluokkainen kokonaissuoja Euro 6 -luokan ja sit\u00e4 vanhemmille bensiini- ja dieselpolttoaineella toimiville autoille, ja se t\u00e4ytt\u00e4\u00e4 tai ylitt\u00e4\u00e4 useiden johtavien autonvalmistajien vaatimukset.<\/p>\n","protected":false},"featured_media":233,"template":"","meta":[],"product_brand":[],"product_cat":[17],"product_tag":[],"class_list":{"0":"post-3069","1":"product","2":"type-product","3":"status-publish","4":"has-post-thumbnail","6":"product_cat-moottorioljyt-kevyt-kalusto","8":"first","9":"instock","10":"taxable","11":"shipping-taxable","12":"purchasable","13":"product-type-simple"},"_links":{"self":[{"href":"https:\/\/www.lotky.fi\/kauppa\/wp-json\/wp\/v2\/product\/3069","targetHints":{"allow":["GET"]}}],"collection":[{"href":"https:\/\/www.lotky.fi\/kauppa\/wp-json\/wp\/v2\/product"}],"about":[{"href":"https:\/\/www.lotky.fi\/kauppa\/wp-json\/wp\/v2\/types\/product"}],"wp:featuredmedia":[{"embeddable":true,"href":"https:\/\/www.lotky.fi\/kauppa\/wp-json\/wp\/v2\/media\/233"}],"wp:attachment":[{"href":"https:\/\/www.lotky.fi\/kauppa\/wp-json\/wp\/v2\/media?parent=3069"}],"wp:term":[{"taxonomy":"product_brand","embeddable":true,"href":"https:\/\/www.lotky.fi\/kauppa\/wp-json\/wp\/v2\/product_brand?post=3069"},{"taxonomy":"product_cat","embeddable":true,"href":"https:\/\/www.lotky.fi\/kauppa\/wp-json\/wp\/v2\/product_cat?post=3069"},{"taxonomy":"product_tag","embeddable":true,"href":"https:\/\/www.lotky.fi\/kauppa\/wp-json\/wp\/v2\/product_tag?post=3069"}],"curies":[{"name":"wp","href":"https:\/\/api.w.org\/{rel}","templated":true}]}}