{"id":300,"date":"2016-05-20T12:33:47","date_gmt":"2016-05-20T09:33:47","guid":{"rendered":"http:\/\/www.lotky.fi\/kauppa\/?post_type=product&#038;p=300"},"modified":"2026-04-01T12:08:20","modified_gmt":"2026-04-01T09:08:20","slug":"mobil-super-3000-formula-p-0w-30-208l","status":"publish","type":"product","link":"https:\/\/www.lotky.fi\/kauppa\/tuote\/mobil-super-3000-formula-p-0w-30-208l\/","title":{"rendered":"Mobil Super 3000 Formula P 0W-30, 208L"},"content":{"rendered":"<div>Mobil Super 3000 Formula P 0W-30 on eritt\u00e4in suorituskykyinen, matalatuhkainen polttoainetta s\u00e4\u00e4st\u00e4v\u00e4 moottori\u00f6ljy. T\u00e4ytt\u00e4\u00e4 viimeisimm\u00e4t Peugeot\/Citroen -vaatimukset. T\u00e4ytt\u00e4\u00e4 tai ylitt\u00e4\u00e4 seuraavien spesifikaatioiden vaatimukset: ACEA C2. Hyv\u00e4ksytty: Peugeot Citro\u00ebn Automobiles PSA B71 2312<\/div>\n<div><\/div>\n<div><\/div>\n","protected":false},"excerpt":{"rendered":"<p>Mobil Super 3000 Formula P 0W-30 on eritt\u00e4in suorituskykyinen, matalatuhkainen polttoainetta s\u00e4\u00e4st\u00e4v\u00e4 moottori\u00f6ljy. T\u00e4ytt\u00e4\u00e4 viimeisimm\u00e4t Peugeot\/Citroen -vaatimukset.<\/p>\n","protected":false},"featured_media":233,"template":"","meta":[],"product_brand":[],"product_cat":[17],"product_tag":[],"class_list":{"0":"post-300","1":"product","2":"type-product","3":"status-publish","4":"has-post-thumbnail","6":"product_cat-moottorioljyt-kevyt-kalusto","8":"first","9":"instock","10":"taxable","11":"shipping-taxable","12":"purchasable","13":"product-type-simple"},"_links":{"self":[{"href":"https:\/\/www.lotky.fi\/kauppa\/wp-json\/wp\/v2\/product\/300","targetHints":{"allow":["GET"]}}],"collection":[{"href":"https:\/\/www.lotky.fi\/kauppa\/wp-json\/wp\/v2\/product"}],"about":[{"href":"https:\/\/www.lotky.fi\/kauppa\/wp-json\/wp\/v2\/types\/product"}],"wp:featuredmedia":[{"embeddable":true,"href":"https:\/\/www.lotky.fi\/kauppa\/wp-json\/wp\/v2\/media\/233"}],"wp:attachment":[{"href":"https:\/\/www.lotky.fi\/kauppa\/wp-json\/wp\/v2\/media?parent=300"}],"wp:term":[{"taxonomy":"product_brand","embeddable":true,"href":"https:\/\/www.lotky.fi\/kauppa\/wp-json\/wp\/v2\/product_brand?post=300"},{"taxonomy":"product_cat","embeddable":true,"href":"https:\/\/www.lotky.fi\/kauppa\/wp-json\/wp\/v2\/product_cat?post=300"},{"taxonomy":"product_tag","embeddable":true,"href":"https:\/\/www.lotky.fi\/kauppa\/wp-json\/wp\/v2\/product_tag?post=300"}],"curies":[{"name":"wp","href":"https:\/\/api.w.org\/{rel}","templated":true}]}}