{"id":297,"date":"2016-05-20T12:28:42","date_gmt":"2016-05-20T09:28:42","guid":{"rendered":"http:\/\/www.lotky.fi\/kauppa\/?post_type=product&#038;p=297"},"modified":"2026-04-01T12:25:00","modified_gmt":"2026-04-01T09:25:00","slug":"mobil-super-3000-formula-f-5w-20-208l","status":"publish","type":"product","link":"https:\/\/www.lotky.fi\/kauppa\/tuote\/mobil-super-3000-formula-f-5w-20-208l\/","title":{"rendered":"Mobil Super 3000 Formula F 5W-20, 208L"},"content":{"rendered":"<div>T\u00e4yssynteettinen matalan HTHS-viskositeetin moottori\u00f6ljy erityisesti Ford EcoBoost 1.0L<\/div>\n<div>3-sylinterisiin moottoreihin. T\u00e4ytt\u00e4\u00e4 tai ylitt\u00e4\u00e4 seuraavien spesifikaatioiden vaatimukset:<\/div>\n<div>ACEA A1\/B1, API SN, Ford WSS-M2C948-B<\/div>\n","protected":false},"excerpt":{"rendered":"<p>T\u00e4yssynteettinen matalan HTHS-viskositeetin moottori\u00f6ljy erityisesti Ford EcoBoost 1.0L 3-sylinterisiin moottoreihin<\/p>\n","protected":false},"featured_media":233,"template":"","meta":[],"product_brand":[],"product_cat":[17],"product_tag":[],"class_list":{"0":"post-297","1":"product","2":"type-product","3":"status-publish","4":"has-post-thumbnail","6":"product_cat-moottorioljyt-kevyt-kalusto","8":"first","9":"instock","10":"taxable","11":"shipping-taxable","12":"purchasable","13":"product-type-simple"},"_links":{"self":[{"href":"https:\/\/www.lotky.fi\/kauppa\/wp-json\/wp\/v2\/product\/297","targetHints":{"allow":["GET"]}}],"collection":[{"href":"https:\/\/www.lotky.fi\/kauppa\/wp-json\/wp\/v2\/product"}],"about":[{"href":"https:\/\/www.lotky.fi\/kauppa\/wp-json\/wp\/v2\/types\/product"}],"wp:featuredmedia":[{"embeddable":true,"href":"https:\/\/www.lotky.fi\/kauppa\/wp-json\/wp\/v2\/media\/233"}],"wp:attachment":[{"href":"https:\/\/www.lotky.fi\/kauppa\/wp-json\/wp\/v2\/media?parent=297"}],"wp:term":[{"taxonomy":"product_brand","embeddable":true,"href":"https:\/\/www.lotky.fi\/kauppa\/wp-json\/wp\/v2\/product_brand?post=297"},{"taxonomy":"product_cat","embeddable":true,"href":"https:\/\/www.lotky.fi\/kauppa\/wp-json\/wp\/v2\/product_cat?post=297"},{"taxonomy":"product_tag","embeddable":true,"href":"https:\/\/www.lotky.fi\/kauppa\/wp-json\/wp\/v2\/product_tag?post=297"}],"curies":[{"name":"wp","href":"https:\/\/api.w.org\/{rel}","templated":true}]}}