{"id":295,"date":"2016-05-20T12:26:33","date_gmt":"2016-05-20T09:26:33","guid":{"rendered":"http:\/\/www.lotky.fi\/kauppa\/?post_type=product&#038;p=295"},"modified":"2026-04-01T12:33:16","modified_gmt":"2026-04-01T09:33:16","slug":"mobil-super-3000-x1-5w-40-208l","status":"publish","type":"product","link":"https:\/\/www.lotky.fi\/kauppa\/tuote\/mobil-super-3000-x1-5w-40-208l\/","title":{"rendered":"Mobil Super 3000 X1 5W-40, 208L"},"content":{"rendered":"<div>T\u00e4yssynteettinen moottori\u00f6ljy. T\u00e4ytt\u00e4\u00e4 tai ylitt\u00e4\u00e4 seuraavien spesifikaatioiden vaatimukset:<\/div>\n<div>ACEA A3\/B3, A3\/B4, API SN\/SM, AAE (STO 003) Group B6.<\/div>\n<div>Hyv\u00e4ksytty: MB 229.3, VW 502 00\/505 00, BMW Longlife Oil 01, PSA B71 2296, Porsche A40,<\/div>\n<div>Renault RN0710\/RN0700, AVTOVAZ Lada autot.<\/div>\n<div>ExxonMobil suosittelee k\u00e4ytt\u00f6kohteisiin, joissa vaaditaan: API CF, Opel GM-LL-B-025<\/div>\n","protected":false},"excerpt":{"rendered":"<p>T\u00e4yssynteettinen moottori\u00f6ljy<\/p>\n","protected":false},"featured_media":233,"template":"","meta":[],"product_brand":[],"product_cat":[17],"product_tag":[],"class_list":{"0":"post-295","1":"product","2":"type-product","3":"status-publish","4":"has-post-thumbnail","6":"product_cat-moottorioljyt-kevyt-kalusto","8":"first","9":"instock","10":"taxable","11":"shipping-taxable","12":"purchasable","13":"product-type-simple"},"_links":{"self":[{"href":"https:\/\/www.lotky.fi\/kauppa\/wp-json\/wp\/v2\/product\/295","targetHints":{"allow":["GET"]}}],"collection":[{"href":"https:\/\/www.lotky.fi\/kauppa\/wp-json\/wp\/v2\/product"}],"about":[{"href":"https:\/\/www.lotky.fi\/kauppa\/wp-json\/wp\/v2\/types\/product"}],"wp:featuredmedia":[{"embeddable":true,"href":"https:\/\/www.lotky.fi\/kauppa\/wp-json\/wp\/v2\/media\/233"}],"wp:attachment":[{"href":"https:\/\/www.lotky.fi\/kauppa\/wp-json\/wp\/v2\/media?parent=295"}],"wp:term":[{"taxonomy":"product_brand","embeddable":true,"href":"https:\/\/www.lotky.fi\/kauppa\/wp-json\/wp\/v2\/product_brand?post=295"},{"taxonomy":"product_cat","embeddable":true,"href":"https:\/\/www.lotky.fi\/kauppa\/wp-json\/wp\/v2\/product_cat?post=295"},{"taxonomy":"product_tag","embeddable":true,"href":"https:\/\/www.lotky.fi\/kauppa\/wp-json\/wp\/v2\/product_tag?post=295"}],"curies":[{"name":"wp","href":"https:\/\/api.w.org\/{rel}","templated":true}]}}