{"id":293,"date":"2016-05-20T12:17:55","date_gmt":"2016-05-20T09:17:55","guid":{"rendered":"http:\/\/www.lotky.fi\/kauppa\/?post_type=product&#038;p=293"},"modified":"2026-04-01T12:36:10","modified_gmt":"2026-04-01T09:36:10","slug":"mobil-1-peak-life-5w-50-208l","status":"publish","type":"product","link":"https:\/\/www.lotky.fi\/kauppa\/tuote\/mobil-1-peak-life-5w-50-208l\/","title":{"rendered":"Mobil 1 FS X2 5W-50, 208L"},"content":{"rendered":"<div>\n<p>T\u00e4yssynteettinen moottori\u00f6ljy. <strong>Tuotteen vanhat nimet: Mobil 1 Rally Formula 5w-50, Mobil 1 Peak Life 5w-50, Mobil 1 FS X1 5w-50.<\/strong><\/p>\n<p>T\u00e4ytt\u00e4\u00e4 tai ylitt\u00e4\u00e4 seuraavien spesifikaatioiden vaatimukset:<\/p>\n<p>API: SL, SN+, SP, SJ, CF<br \/>\nMB-Approval: 229.3<br \/>\nPorsche A40<br \/>\nFiat 9.55535-M2<\/p>\n<\/div>\n","protected":false},"excerpt":{"rendered":"<p>T\u00e4yssynteettinen moottori\u00f6ljy. Tuotteen vanhat nimet: Mobil 1 Rally Formula 5w-50, Mobil 1 Peak Life 5w-50, Mobil 1 FS X1 5w-50.<\/p>\n","protected":false},"featured_media":233,"template":"","meta":[],"product_brand":[],"product_cat":[17],"product_tag":[129,128],"class_list":{"0":"post-293","1":"product","2":"type-product","3":"status-publish","4":"has-post-thumbnail","6":"product_cat-moottorioljyt-kevyt-kalusto","7":"product_tag-peak-life","8":"product_tag-rally-formula","10":"first","11":"instock","12":"taxable","13":"shipping-taxable","14":"purchasable","15":"product-type-simple"},"_links":{"self":[{"href":"https:\/\/www.lotky.fi\/kauppa\/wp-json\/wp\/v2\/product\/293","targetHints":{"allow":["GET"]}}],"collection":[{"href":"https:\/\/www.lotky.fi\/kauppa\/wp-json\/wp\/v2\/product"}],"about":[{"href":"https:\/\/www.lotky.fi\/kauppa\/wp-json\/wp\/v2\/types\/product"}],"wp:featuredmedia":[{"embeddable":true,"href":"https:\/\/www.lotky.fi\/kauppa\/wp-json\/wp\/v2\/media\/233"}],"wp:attachment":[{"href":"https:\/\/www.lotky.fi\/kauppa\/wp-json\/wp\/v2\/media?parent=293"}],"wp:term":[{"taxonomy":"product_brand","embeddable":true,"href":"https:\/\/www.lotky.fi\/kauppa\/wp-json\/wp\/v2\/product_brand?post=293"},{"taxonomy":"product_cat","embeddable":true,"href":"https:\/\/www.lotky.fi\/kauppa\/wp-json\/wp\/v2\/product_cat?post=293"},{"taxonomy":"product_tag","embeddable":true,"href":"https:\/\/www.lotky.fi\/kauppa\/wp-json\/wp\/v2\/product_tag?post=293"}],"curies":[{"name":"wp","href":"https:\/\/api.w.org\/{rel}","templated":true}]}}