{"id":2833,"date":"2023-08-15T11:38:28","date_gmt":"2023-08-15T08:38:28","guid":{"rendered":"https:\/\/www.lotky.fi\/kauppa\/?post_type=product&#038;p=2833"},"modified":"2025-03-21T10:05:37","modified_gmt":"2025-03-21T08:05:37","slug":"total-quartz-ineo-longlife-5w-30-208l","status":"publish","type":"product","link":"https:\/\/www.lotky.fi\/kauppa\/tuote\/total-quartz-ineo-longlife-5w-30-208l\/","title":{"rendered":"TOTAL Quartz Ineo Longlife 5W-30 208L"},"content":{"rendered":"<p>T\u00c4YSSYNTEETTINEN LOW SAPS -MOOTTORI\u00d6LJY. Mahdollistaa \u201dlong-life\u201d-vaihtov\u00e4lit.<\/p>\n<p>T\u00e4ytt\u00e4\u00e4: ACEA C3, MB 229.51, VW 504.00\/507.00, BMW LongLife-04. Toimitusaika 3-4 vrk.<\/p>\n<p>&nbsp;<\/p>\n<p>&nbsp;<\/p>\n","protected":false},"excerpt":{"rendered":"<p>Total QUARTZ INEO LONGLIFE 5W-30 on moderni Low SAPS-moottori\u00f6ljy, joka on kehitetty vastaamaan etenkin VAG-autojen teknisiin vaatimuksiin. Tuotteen huippulaatuinen koostumus auttaa tehokkaasti optimoimaan hiukkassuodattimien ja muiden p\u00e4\u00e4st\u00f6j\u00e4 v\u00e4hent\u00e4vien j\u00e4rjestelmien toimintaa sek\u00e4 ehk\u00e4isem\u00e4\u00e4n suodattimen tukkeutumista. Soveltuu k\u00e4ytett\u00e4v\u00e4ksi kaikkiin diesel- ja bensiinimoottoreihin, mukaan lukien uusimmat Euro V -p\u00e4\u00e4st\u00f6rajoitusten mukaisiin uudempiin moottoreihin. Suojaa moottoria tehokkaasti kulumiselta ja auttaa [&hellip;]<\/p>\n","protected":false},"featured_media":2834,"template":"","meta":[],"product_brand":[],"product_cat":[17],"product_tag":[],"class_list":{"0":"post-2833","1":"product","2":"type-product","3":"status-publish","4":"has-post-thumbnail","6":"product_cat-moottorioljyt-kevyt-kalusto","8":"first","9":"instock","10":"taxable","11":"shipping-taxable","12":"purchasable","13":"product-type-simple"},"_links":{"self":[{"href":"https:\/\/www.lotky.fi\/kauppa\/wp-json\/wp\/v2\/product\/2833","targetHints":{"allow":["GET"]}}],"collection":[{"href":"https:\/\/www.lotky.fi\/kauppa\/wp-json\/wp\/v2\/product"}],"about":[{"href":"https:\/\/www.lotky.fi\/kauppa\/wp-json\/wp\/v2\/types\/product"}],"wp:featuredmedia":[{"embeddable":true,"href":"https:\/\/www.lotky.fi\/kauppa\/wp-json\/wp\/v2\/media\/2834"}],"wp:attachment":[{"href":"https:\/\/www.lotky.fi\/kauppa\/wp-json\/wp\/v2\/media?parent=2833"}],"wp:term":[{"taxonomy":"product_brand","embeddable":true,"href":"https:\/\/www.lotky.fi\/kauppa\/wp-json\/wp\/v2\/product_brand?post=2833"},{"taxonomy":"product_cat","embeddable":true,"href":"https:\/\/www.lotky.fi\/kauppa\/wp-json\/wp\/v2\/product_cat?post=2833"},{"taxonomy":"product_tag","embeddable":true,"href":"https:\/\/www.lotky.fi\/kauppa\/wp-json\/wp\/v2\/product_tag?post=2833"}],"curies":[{"name":"wp","href":"https:\/\/api.w.org\/{rel}","templated":true}]}}