{"id":281,"date":"2016-05-20T11:30:16","date_gmt":"2016-05-20T08:30:16","guid":{"rendered":"http:\/\/www.lotky.fi\/kauppa\/?post_type=product&#038;p=281"},"modified":"2026-04-01T12:39:48","modified_gmt":"2026-04-01T09:39:48","slug":"univis-n-46-iso-vg-46-208l","status":"publish","type":"product","link":"https:\/\/www.lotky.fi\/kauppa\/tuote\/univis-n-46-iso-vg-46-208l\/","title":{"rendered":"Mobil Univis N 46, 208L"},"content":{"rendered":"<div>Univis N 46 (ISO VG 46)<\/div>\n<div>Korkealaatuinen hydrauliikka\u00f6ljy ymp\u00e4rivuotiseen k\u00e4ytt\u00f6\u00f6n.<\/div>\n<div>T\u00e4ytt\u00e4\u00e4 tai ylitt\u00e4\u00e4 seuraavien spesifikaatioiden vaatimukset:<br \/>\nDIN 51524-3 (HVLP): 2006-9, ISO 11158 L-HV.<\/div>\n<div>ExxonMobil suosittelee k\u00e4ytett\u00e4v\u00e4ksi kohteissa joissa vaaditaan:<br \/>\nDenison HF-0, Eaton I-286-S, Eaton M-2950-S<\/div>\n","protected":false},"excerpt":{"rendered":"<p>Univis N 46 (ISO VG 46) Korkealaatuinen hydrauliikka\u00f6ljy ymp\u00e4rivuotiseen k\u00e4ytt\u00f6\u00f6n.<\/p>\n","protected":false},"featured_media":185,"template":"","meta":[],"product_brand":[],"product_cat":[6],"product_tag":[],"class_list":{"0":"post-281","1":"product","2":"type-product","3":"status-publish","4":"has-post-thumbnail","6":"product_cat-hydrauliikkaoljyt","8":"first","9":"instock","10":"taxable","11":"shipping-taxable","12":"purchasable","13":"product-type-simple"},"_links":{"self":[{"href":"https:\/\/www.lotky.fi\/kauppa\/wp-json\/wp\/v2\/product\/281","targetHints":{"allow":["GET"]}}],"collection":[{"href":"https:\/\/www.lotky.fi\/kauppa\/wp-json\/wp\/v2\/product"}],"about":[{"href":"https:\/\/www.lotky.fi\/kauppa\/wp-json\/wp\/v2\/types\/product"}],"wp:featuredmedia":[{"embeddable":true,"href":"https:\/\/www.lotky.fi\/kauppa\/wp-json\/wp\/v2\/media\/185"}],"wp:attachment":[{"href":"https:\/\/www.lotky.fi\/kauppa\/wp-json\/wp\/v2\/media?parent=281"}],"wp:term":[{"taxonomy":"product_brand","embeddable":true,"href":"https:\/\/www.lotky.fi\/kauppa\/wp-json\/wp\/v2\/product_brand?post=281"},{"taxonomy":"product_cat","embeddable":true,"href":"https:\/\/www.lotky.fi\/kauppa\/wp-json\/wp\/v2\/product_cat?post=281"},{"taxonomy":"product_tag","embeddable":true,"href":"https:\/\/www.lotky.fi\/kauppa\/wp-json\/wp\/v2\/product_tag?post=281"}],"curies":[{"name":"wp","href":"https:\/\/api.w.org\/{rel}","templated":true}]}}